{"id":4611,"date":"2025-04-18T10:49:13","date_gmt":"2025-04-18T08:49:13","guid":{"rendered":"http:\/\/www.vivimartinsicuro.it\/?page_id=4611"},"modified":"2025-06-19T15:30:29","modified_gmt":"2025-06-19T13:30:29","slug":"unterkunft","status":"publish","type":"page","link":"https:\/\/www.vivimartinsicuro.it\/de\/unterkunft\/","title":{"rendered":"Geh\u00e4use"},"content":{"rendered":"<p>[et_pb_section fb_built=&#8220;1&#8243; _builder_version=&#8220;4.27.4&#8243; _module_preset=&#8220;default&#8220; background_color=&#8220;#FFFFFF&#8220; custom_margin=&#8220;||0px||false|false&#8220; custom_padding=&#8220;50px||0px||false|false&#8220; locked=&#8220;off&#8220; global_colors_info=&#8220;{}&#8220;][et_pb_row _builder_version=&#8220;4.27.4&#8243; _module_preset=&#8220;default&#8220; max_width=&#8220;1080px&#8220; custom_padding=&#8220;||0px||false|false&#8220; global_colors_info=&#8220;{}&#8220;][et_pb_column type=&#8220;4_4&#8243; _builder_version=&#8220;4.27.4&#8243; _module_preset=&#8220;default&#8220; global_colors_info=&#8220;{}&#8220;][et_pb_text _builder_version=&#8220;4.27.4&#8243; _module_preset=&#8220;default&#8220; text_font=&#8220;Quicksand||||||||&#8220; text_text_color=&#8220;#343434&#8243; text_font_size=&#8220;18px&#8220; text_line_height=&#8220;1.6em&#8220; header_font=&#8220;Quicksand|700|||||||&#8220; header_text_color=&#8220;#343434&#8243; header_font_size=&#8220;60px&#8220; header_2_font=&#8220;Quicksand|700|||||||&#8220; header_2_text_color=&#8220;#343434&#8243; header_2_font_size=&#8220;60px&#8220; header_3_font=&#8220;|||on|||||&#8220; header_3_text_color=&#8220;#444444&#8243; header_3_font_size=&#8220;21px&#8220; header_3_letter_spacing=&#8220;0.1em&#8220; custom_margin=&#8220;||10px||false|false&#8220; global_colors_info=&#8220;{}&#8220;]<\/p>\n<h2 style=\"text-align: center;\">Wo man schl\u00e4ft<\/h2>\n<p>[\/et_pb_text][et_pb_text _builder_version=&#8220;4.27.4&#8243; _module_preset=&#8220;default&#8220; text_font=&#8220;Quicksand||||||||&#8220; text_text_color=&#8220;#343434&#8243; text_font_size=&#8220;18px&#8220; text_line_height=&#8220;1.6em&#8220; header_font=&#8220;Quicksand|700|||||||&#8220; header_text_color=&#8220;#343434&#8243; header_font_size=&#8220;60px&#8220; header_2_font=&#8220;Quicksand|700|||||||&#8220; header_2_text_color=&#8220;#343434&#8243; header_2_font_size=&#8220;60px&#8220; header_2_line_height=&#8220;50px&#8220; header_3_font=&#8220;|300||on|||||&#8220; header_3_text_color=&#8220;#444444&#8243; header_3_font_size=&#8220;21px&#8220; header_3_letter_spacing=&#8220;0.1em&#8220; custom_margin=&#8220;||10px||false|false&#8220; global_colors_info=&#8220;{}&#8220;]<\/p>\n<h2 class=\"sottotitolo\">Es lebe die Gastfreundschaft<\/h2>\n<p>[\/et_pb_text][et_pb_text _builder_version=&#8220;4.27.4&#8243; _module_preset=&#8220;default&#8220; text_font=&#8220;Quicksand|300|||||||&#8220; text_text_color=&#8220;#343434&#8243; text_font_size=&#8220;18px&#8220; text_line_height=&#8220;1.6em&#8220; header_font=&#8220;Quicksand|700|||||||&#8220; header_text_color=&#8220;#343434&#8243; header_font_size=&#8220;60px&#8220; header_2_font=&#8220;Quicksand|700|||||||&#8220; header_2_text_color=&#8220;#343434&#8243; header_2_font_size=&#8220;60px&#8220; header_2_line_height=&#8220;50px&#8220; header_3_font=&#8220;|||on|||||&#8220; header_3_text_color=&#8220;#444444&#8243; header_3_font_size=&#8220;21px&#8220; header_3_letter_spacing=&#8220;0.1em&#8220; module_alignment=&#8220;center&#8220; global_colors_info=&#8220;{}&#8220;]<\/p>\n<p style=\"text-align: center;\">Planen Sie Ihren Besuch in Martinsicuro und w\u00e4hlen Sie aus den Einrichtungen, die wir f\u00fcr Sie ausgew\u00e4hlt haben, ganz nach Ihrem Geschmack und Ihren Bed\u00fcrfnissen. Unsere Stadt ist bekannt f\u00fcr ihr historisches und nat\u00fcrliches Erbe und f\u00fcr ihre Str\u00e4nde. Au\u00dferdem ist sie Ausgangspunkt des l\u00e4ngsten Rad- und Fu\u00dfg\u00e4ngerweges an der abruzzesischen K\u00fcste, der von Martinsicuro nach San Salvo f\u00fchrt, insgesamt 131 km mit dem Fahrrad. Kommen Sie uns besuchen und verbringen Sie einen Urlaub voller Emotionen !<\/p>\n<p>[\/et_pb_text][\/et_pb_column][\/et_pb_row][\/et_pb_section]<\/p>\n","protected":false},"excerpt":{"rendered":"<p>Wo man schl\u00e4ftEs lebe die GastfreundschaftPlanen Sie Ihren Besuch in Martinsicuro und w\u00e4hlen Sie aus den Einrichtungen, die wir f\u00fcr Sie ausgew\u00e4hlt haben, ganz nach Ihrem Geschmack und Ihren Bed\u00fcrfnissen. Unsere Stadt ist bekannt f\u00fcr ihr historisches und nat\u00fcrliches Erbe und f\u00fcr ihre Str\u00e4nde. Au\u00dferdem ist sie Ausgangspunkt des l\u00e4ngsten Rad- und Fu\u00dfg\u00e4ngerweges an der [&hellip;]<\/p>\n","protected":false},"author":3,"featured_media":0,"parent":0,"menu_order":0,"comment_status":"closed","ping_status":"closed","template":"page-templates\/lista_hotel.php","meta":{"_acf_changed":false,"_et_pb_use_builder":"on","_et_pb_old_content":"[et_pb_section fb_built=\"1\" _builder_version=\"4.27.4\" _module_preset=\"default\" background_color=\"#FFFFFF\" custom_margin=\"||0px||false|false\" custom_padding=\"50px||0px||false|false\" locked=\"off\" global_colors_info=\"{}\"][et_pb_row _builder_version=\"4.27.4\" _module_preset=\"default\" max_width=\"1080px\" custom_padding=\"||0px||false|false\" global_colors_info=\"{}\"][et_pb_column type=\"4_4\" _builder_version=\"4.27.4\" _module_preset=\"default\" global_colors_info=\"{}\"][et_pb_text _builder_version=\"4.27.4\" _module_preset=\"default\" text_font=\"Quicksand||||||||\" text_text_color=\"#343434\" text_font_size=\"18px\" text_line_height=\"1.6em\" header_font=\"Quicksand|700|||||||\" header_text_color=\"#343434\" header_font_size=\"60px\" header_2_font=\"Quicksand|700|||||||\" header_2_text_color=\"#343434\" header_2_font_size=\"60px\" header_3_font=\"|||on|||||\" header_3_text_color=\"#444444\" header_3_font_size=\"21px\" header_3_letter_spacing=\"0.1em\" custom_margin=\"||10px||false|false\" global_colors_info=\"{}\"]<h2 style=\"text-align: center;\">Where to sleep<\/h2>[\/et_pb_text][et_pb_text _builder_version=\"4.27.4\" _module_preset=\"default\" text_font=\"Quicksand||||||||\" text_text_color=\"#343434\" text_font_size=\"18px\" text_line_height=\"1.6em\" header_font=\"Quicksand|700|||||||\" header_text_color=\"#343434\" header_font_size=\"60px\" header_2_font=\"Quicksand|700|||||||\" header_2_text_color=\"#343434\" header_2_font_size=\"60px\" header_2_line_height=\"50px\" header_3_font=\"|300||on|||||\" header_3_text_color=\"#444444\" header_3_font_size=\"21px\" header_3_letter_spacing=\"0.1em\" custom_margin=\"||10px||false|false\" global_colors_info=\"{}\"]<h3 style=\"text-align: center;\">Live hospitality<\/h3>[\/et_pb_text][et_pb_text _builder_version=\"4.27.4\" _module_preset=\"default\" text_font=\"Quicksand|300|||||||\" text_text_color=\"#343434\" text_font_size=\"18px\" text_line_height=\"1.6em\" header_font=\"Quicksand|700|||||||\" header_text_color=\"#343434\" header_font_size=\"60px\" header_2_font=\"Quicksand|700|||||||\" header_2_text_color=\"#343434\" header_2_font_size=\"60px\" header_2_line_height=\"50px\" header_3_font=\"|||on|||||\" header_3_text_color=\"#444444\" header_3_font_size=\"21px\" header_3_letter_spacing=\"0.1em\" module_alignment=\"center\" global_colors_info=\"{}\"]<p style=\"text-align: center;\">Plan your visit to Martinsicuro, choosing from the facilities we have selected for you, according to your tastes and needs. Our town is renowned for its historical and natural heritage and for its beaches. In addition, it is the starting point of the longest bicycle and pedestrian route on the Abruzzo coast, which runs from Martinsicuro to San Salvo, for a total of 131 km by bike. Come and visit us to spend a holiday full of emotions!<\/p>[\/et_pb_text][\/et_pb_column][\/et_pb_row][\/et_pb_section]","_et_gb_content_width":"","inline_featured_image":false,"footnotes":""},"class_list":["post-4611","page","type-page","status-publish","hentry"],"acf":[],"yoast_head":"<!-- This site is optimized with the Yoast SEO plugin v27.1 - https:\/\/yoast.com\/product\/yoast-seo-wordpress\/ -->\n<title>\u00dcbernachtungsm\u00f6glichkeiten in Martinsicuro: Hotels, B&amp;B und Ferienh\u00e4user f\u00fcr Ihren Urlaub | Vivi Martinsicuro<\/title>\n<meta name=\"description\" content=\"Martinsicuro ist das perfekte Ziel f\u00fcr einen erholsamen Urlaub in Kontakt mit der Natur und der Geschichte. Wir haben hat f\u00fcr Sie die besten Unterkunftsm\u00f6glichkeiten ausgew\u00e4hlt: Hotels, B&amp;Bs, Ferienh\u00e4user und Residenzen.\" \/>\n<meta name=\"robots\" content=\"index, follow, max-snippet:-1, max-image-preview:large, max-video-preview:-1\" \/>\n<link rel=\"canonical\" href=\"https:\/\/www.vivimartinsicuro.it\/de\/unterkunft\/\" \/>\n<meta property=\"og:locale\" content=\"de_DE\" \/>\n<meta property=\"og:type\" content=\"article\" \/>\n<meta property=\"og:title\" content=\"\u00dcbernachtungsm\u00f6glichkeiten in Martinsicuro: Hotels, B&amp;B und Ferienh\u00e4user f\u00fcr Ihren Urlaub | Vivi Martinsicuro\" \/>\n<meta property=\"og:description\" content=\"Martinsicuro ist das perfekte Ziel f\u00fcr einen erholsamen Urlaub in Kontakt mit der Natur und der Geschichte. Wir haben hat f\u00fcr Sie die besten Unterkunftsm\u00f6glichkeiten ausgew\u00e4hlt: Hotels, B&amp;Bs, Ferienh\u00e4user und Residenzen.\" \/>\n<meta property=\"og:url\" content=\"https:\/\/www.vivimartinsicuro.it\/de\/unterkunft\/\" \/>\n<meta property=\"og:site_name\" content=\"Vivi Martinsicuro\" \/>\n<meta property=\"article:modified_time\" content=\"2025-06-19T13:30:29+00:00\" \/>\n<meta name=\"twitter:card\" content=\"summary_large_image\" \/>\n<meta name=\"twitter:label1\" content=\"Gesch\u00e4tzte Lesezeit\" \/>\n\t<meta name=\"twitter:data1\" content=\"1\u00a0Minute\" \/>\n<script type=\"application\/ld+json\" class=\"yoast-schema-graph\">{\"@context\":\"https:\/\/schema.org\",\"@graph\":[{\"@type\":\"WebPage\",\"@id\":\"https:\/\/www.vivimartinsicuro.it\/de\/unterkunft\/\",\"url\":\"https:\/\/www.vivimartinsicuro.it\/de\/unterkunft\/\",\"name\":\"\u00dcbernachtungsm\u00f6glichkeiten in Martinsicuro: Hotels, B&B und Ferienh\u00e4user f\u00fcr Ihren Urlaub | Vivi Martinsicuro\",\"isPartOf\":{\"@id\":\"https:\/\/www.vivimartinsicuro.it\/#website\"},\"datePublished\":\"2025-04-18T08:49:13+00:00\",\"dateModified\":\"2025-06-19T13:30:29+00:00\",\"description\":\"Martinsicuro ist das perfekte Ziel f\u00fcr einen erholsamen Urlaub in Kontakt mit der Natur und der Geschichte. Wir haben hat f\u00fcr Sie die besten Unterkunftsm\u00f6glichkeiten ausgew\u00e4hlt: Hotels, B&Bs, Ferienh\u00e4user und Residenzen.\",\"breadcrumb\":{\"@id\":\"https:\/\/www.vivimartinsicuro.it\/de\/unterkunft\/#breadcrumb\"},\"inLanguage\":\"de\",\"potentialAction\":[{\"@type\":\"ReadAction\",\"target\":[\"https:\/\/www.vivimartinsicuro.it\/de\/unterkunft\/\"]}]},{\"@type\":\"BreadcrumbList\",\"@id\":\"https:\/\/www.vivimartinsicuro.it\/de\/unterkunft\/#breadcrumb\",\"itemListElement\":[{\"@type\":\"ListItem\",\"position\":1,\"name\":\"Home\",\"item\":\"https:\/\/www.vivimartinsicuro.it\/de\/\"},{\"@type\":\"ListItem\",\"position\":2,\"name\":\"Geh\u00e4use\"}]},{\"@type\":\"WebSite\",\"@id\":\"https:\/\/www.vivimartinsicuro.it\/#website\",\"url\":\"https:\/\/www.vivimartinsicuro.it\/\",\"name\":\"Vivi Martinsicuro\",\"description\":\"Il portale turistico della Porta d&#039;Abruzzo\",\"potentialAction\":[{\"@type\":\"SearchAction\",\"target\":{\"@type\":\"EntryPoint\",\"urlTemplate\":\"https:\/\/www.vivimartinsicuro.it\/?s={search_term_string}\"},\"query-input\":{\"@type\":\"PropertyValueSpecification\",\"valueRequired\":true,\"valueName\":\"search_term_string\"}}],\"inLanguage\":\"de\"}]}<\/script>\n<!-- \/ Yoast SEO plugin. -->","yoast_head_json":{"title":"\u00dcbernachtungsm\u00f6glichkeiten in Martinsicuro: Hotels, B&B und Ferienh\u00e4user f\u00fcr Ihren Urlaub | Vivi Martinsicuro","description":"Martinsicuro ist das perfekte Ziel f\u00fcr einen erholsamen Urlaub in Kontakt mit der Natur und der Geschichte. Wir haben hat f\u00fcr Sie die besten Unterkunftsm\u00f6glichkeiten ausgew\u00e4hlt: Hotels, B&Bs, Ferienh\u00e4user und Residenzen.","robots":{"index":"index","follow":"follow","max-snippet":"max-snippet:-1","max-image-preview":"max-image-preview:large","max-video-preview":"max-video-preview:-1"},"canonical":"https:\/\/www.vivimartinsicuro.it\/de\/unterkunft\/","og_locale":"de_DE","og_type":"article","og_title":"\u00dcbernachtungsm\u00f6glichkeiten in Martinsicuro: Hotels, B&B und Ferienh\u00e4user f\u00fcr Ihren Urlaub | Vivi Martinsicuro","og_description":"Martinsicuro ist das perfekte Ziel f\u00fcr einen erholsamen Urlaub in Kontakt mit der Natur und der Geschichte. Wir haben hat f\u00fcr Sie die besten Unterkunftsm\u00f6glichkeiten ausgew\u00e4hlt: Hotels, B&Bs, Ferienh\u00e4user und Residenzen.","og_url":"https:\/\/www.vivimartinsicuro.it\/de\/unterkunft\/","og_site_name":"Vivi Martinsicuro","article_modified_time":"2025-06-19T13:30:29+00:00","twitter_card":"summary_large_image","twitter_misc":{"Gesch\u00e4tzte Lesezeit":"1\u00a0Minute"},"schema":{"@context":"https:\/\/schema.org","@graph":[{"@type":"WebPage","@id":"https:\/\/www.vivimartinsicuro.it\/de\/unterkunft\/","url":"https:\/\/www.vivimartinsicuro.it\/de\/unterkunft\/","name":"\u00dcbernachtungsm\u00f6glichkeiten in Martinsicuro: Hotels, B&B und Ferienh\u00e4user f\u00fcr Ihren Urlaub | Vivi Martinsicuro","isPartOf":{"@id":"https:\/\/www.vivimartinsicuro.it\/#website"},"datePublished":"2025-04-18T08:49:13+00:00","dateModified":"2025-06-19T13:30:29+00:00","description":"Martinsicuro ist das perfekte Ziel f\u00fcr einen erholsamen Urlaub in Kontakt mit der Natur und der Geschichte. Wir haben hat f\u00fcr Sie die besten Unterkunftsm\u00f6glichkeiten ausgew\u00e4hlt: Hotels, B&Bs, Ferienh\u00e4user und Residenzen.","breadcrumb":{"@id":"https:\/\/www.vivimartinsicuro.it\/de\/unterkunft\/#breadcrumb"},"inLanguage":"de","potentialAction":[{"@type":"ReadAction","target":["https:\/\/www.vivimartinsicuro.it\/de\/unterkunft\/"]}]},{"@type":"BreadcrumbList","@id":"https:\/\/www.vivimartinsicuro.it\/de\/unterkunft\/#breadcrumb","itemListElement":[{"@type":"ListItem","position":1,"name":"Home","item":"https:\/\/www.vivimartinsicuro.it\/de\/"},{"@type":"ListItem","position":2,"name":"Geh\u00e4use"}]},{"@type":"WebSite","@id":"https:\/\/www.vivimartinsicuro.it\/#website","url":"https:\/\/www.vivimartinsicuro.it\/","name":"Vivi Martinsicuro","description":"Il portale turistico della Porta d&#039;Abruzzo","potentialAction":[{"@type":"SearchAction","target":{"@type":"EntryPoint","urlTemplate":"https:\/\/www.vivimartinsicuro.it\/?s={search_term_string}"},"query-input":{"@type":"PropertyValueSpecification","valueRequired":true,"valueName":"search_term_string"}}],"inLanguage":"de"}]}},"_links":{"self":[{"href":"https:\/\/www.vivimartinsicuro.it\/de\/wp-json\/wp\/v2\/pages\/4611","targetHints":{"allow":["GET"]}}],"collection":[{"href":"https:\/\/www.vivimartinsicuro.it\/de\/wp-json\/wp\/v2\/pages"}],"about":[{"href":"https:\/\/www.vivimartinsicuro.it\/de\/wp-json\/wp\/v2\/types\/page"}],"author":[{"embeddable":true,"href":"https:\/\/www.vivimartinsicuro.it\/de\/wp-json\/wp\/v2\/users\/3"}],"replies":[{"embeddable":true,"href":"https:\/\/www.vivimartinsicuro.it\/de\/wp-json\/wp\/v2\/comments?post=4611"}],"version-history":[{"count":5,"href":"https:\/\/www.vivimartinsicuro.it\/de\/wp-json\/wp\/v2\/pages\/4611\/revisions"}],"predecessor-version":[{"id":5471,"href":"https:\/\/www.vivimartinsicuro.it\/de\/wp-json\/wp\/v2\/pages\/4611\/revisions\/5471"}],"wp:attachment":[{"href":"https:\/\/www.vivimartinsicuro.it\/de\/wp-json\/wp\/v2\/media?parent=4611"}],"curies":[{"name":"wp","href":"https:\/\/api.w.org\/{rel}","templated":true}]}}