{"id":4739,"date":"2025-05-29T16:15:38","date_gmt":"2025-05-29T14:15:38","guid":{"rendered":"http:\/\/www.vivimartinsicuro.it\/alloggi\/perla-di-mare\/"},"modified":"2026-03-17T09:03:00","modified_gmt":"2026-03-17T08:03:00","slug":"perla-di-mare","status":"publish","type":"page","link":"https:\/\/www.vivimartinsicuro.it\/de\/unterkunft\/perla-di-mare\/","title":{"rendered":"Perla di Mare"},"content":{"rendered":"\r\n<p>Ein authentisches Urlaubserlebnis nur wenige Schritte vom Meer entfernt: Das <b>Bed &amp; Breakfast Perla di Mare in Martisicuro <\/b>empf\u00e4ngt Sie in einer herzlichen und famili\u00e4ren Atmosph\u00e4re, in der jedes Detail darauf ausgerichtet ist, dass Sie sich wie zu Hause f\u00fchlen. Die <b>hellen und komfortablen Zimmer <\/b>sind liebevoll eingerichtet, mit allem Komfort ausgestattet und bieten wertvolle Annehmlichkeiten f\u00fcr einen entspannten Aufenthalt: Gemeinschaftsk\u00fcche mit voll r Ausstattung, Waschmaschine, WLAN und kostenlose \u00f6ffentliche Parkpl\u00e4tze. Die <b>privilegierte Lage<\/b>, nur wenige Minuten vom Meer entfernt und in einem ruhigen Viertel, macht Perla di Mare zur idealen Wahl f\u00fcr Paare, Familien und alle, die sich eine erholsame Auszeit g\u00f6nnen m\u00f6chten. Hier besteht Gastfreundschaft aus aufrichtiger Aufmerksamkeit und einem Empfang, der den Unterschied ausmacht. W\u00e4hrend Ihres Urlaubs wechseln sich Momente der <b>Entspannung am langen goldenen Strand von Martinsicuro<\/b>, dem \u201eersten Strand der Abruzzen\u201c, angenehm mit <b>Aktivit\u00e4ten im Freien <\/b>und <b>Ausfl\u00fcgen ins Hinterland <\/b>ab. Umgeben von sanften H\u00fcgeln und mit Blick auf eine bezaubernde K\u00fcste ist ist Martinsicuro der ideale Ausgangspunkt, um <b>St\u00e4dte und D\u00f6rfer voller Charme und Geschichte <\/b>wie Ascoli Piceno und Civitella del Tronto zu besuchen, die <b>spektakul\u00e4re Natur der Nationalparks Gran Sasso und Maiella <\/b>zu erkunden oder <b>sich von der Costa dei Trabocchi <\/b>mit ihren alten, von Fischern erbauten Holzkonstruktionen zwischen Himmel und Meer <b>\u00fcberraschen <\/b>zu <b>lassen<\/b>.<\/p>\r\n","protected":false},"excerpt":{"rendered":"<p>Ein authentisches Urlaubserlebnis nur wenige Schritte vom Meer entfernt: Das Bed &amp; Breakfast Perla di Mare in Martisicuro empf\u00e4ngt Sie in einer herzlichen und famili\u00e4ren Atmosph\u00e4re, in der jedes Detail darauf ausgerichtet ist, dass Sie sich wie zu Hause f\u00fchlen. Die hellen und komfortablen Zimmer sind liebevoll eingerichtet, mit allem Komfort ausgestattet und bieten wertvolle [&hellip;]<\/p>\n","protected":false},"author":1,"featured_media":0,"parent":4611,"menu_order":0,"comment_status":"closed","ping_status":"closed","template":"page-templates\/scheda_hotel.php","meta":{"_acf_changed":false,"_et_pb_use_builder":"","_et_pb_old_content":"","_et_gb_content_width":"","inline_featured_image":false,"footnotes":""},"class_list":["post-4739","page","type-page","status-publish","hentry"],"acf":[],"yoast_head":"<!-- This site is optimized with the Yoast SEO plugin v27.1 - https:\/\/yoast.com\/product\/yoast-seo-wordpress\/ -->\n<title>Perla di Mare, B&amp;B Martinsicuro<\/title>\n<meta name=\"description\" content=\"Erleben Sie einen authentischen und unvergesslichen Urlaub nur wenige Schritte vom Meer entfernt im Bed and Breakfast Perla di Mare in Martisicuro.\" \/>\n<meta name=\"robots\" content=\"index, follow, max-snippet:-1, max-image-preview:large, max-video-preview:-1\" \/>\n<link rel=\"canonical\" href=\"https:\/\/www.vivimartinsicuro.it\/de\/unterkunft\/perla-di-mare\/\" \/>\n<meta property=\"og:locale\" content=\"de_DE\" \/>\n<meta property=\"og:type\" content=\"article\" \/>\n<meta property=\"og:title\" content=\"Perla di Mare, B&amp;B Martinsicuro\" \/>\n<meta property=\"og:description\" content=\"Erleben Sie einen authentischen und unvergesslichen Urlaub nur wenige Schritte vom Meer entfernt im Bed and Breakfast Perla di Mare in Martisicuro.\" \/>\n<meta property=\"og:url\" content=\"https:\/\/www.vivimartinsicuro.it\/de\/unterkunft\/perla-di-mare\/\" \/>\n<meta property=\"og:site_name\" content=\"Vivi Martinsicuro\" \/>\n<meta property=\"article:modified_time\" content=\"2026-03-17T08:03:00+00:00\" \/>\n<meta name=\"twitter:card\" content=\"summary_large_image\" \/>\n<meta name=\"twitter:label1\" content=\"Gesch\u00e4tzte Lesezeit\" \/>\n\t<meta name=\"twitter:data1\" content=\"2\u00a0Minuten\" \/>\n<script type=\"application\/ld+json\" class=\"yoast-schema-graph\">{\"@context\":\"https:\/\/schema.org\",\"@graph\":[{\"@type\":\"WebPage\",\"@id\":\"https:\/\/www.vivimartinsicuro.it\/de\/unterkunft\/perla-di-mare\/\",\"url\":\"https:\/\/www.vivimartinsicuro.it\/de\/unterkunft\/perla-di-mare\/\",\"name\":\"Perla di Mare, B&B Martinsicuro\",\"isPartOf\":{\"@id\":\"https:\/\/www.vivimartinsicuro.it\/#website\"},\"datePublished\":\"2025-05-29T14:15:38+00:00\",\"dateModified\":\"2026-03-17T08:03:00+00:00\",\"description\":\"Erleben Sie einen authentischen und unvergesslichen Urlaub nur wenige Schritte vom Meer entfernt im Bed and Breakfast Perla di Mare in Martisicuro.\",\"breadcrumb\":{\"@id\":\"https:\/\/www.vivimartinsicuro.it\/de\/unterkunft\/perla-di-mare\/#breadcrumb\"},\"inLanguage\":\"de\",\"potentialAction\":[{\"@type\":\"ReadAction\",\"target\":[\"https:\/\/www.vivimartinsicuro.it\/de\/unterkunft\/perla-di-mare\/\"]}]},{\"@type\":\"BreadcrumbList\",\"@id\":\"https:\/\/www.vivimartinsicuro.it\/de\/unterkunft\/perla-di-mare\/#breadcrumb\",\"itemListElement\":[{\"@type\":\"ListItem\",\"position\":1,\"name\":\"Home\",\"item\":\"https:\/\/www.vivimartinsicuro.it\/de\/\"},{\"@type\":\"ListItem\",\"position\":2,\"name\":\"Geh\u00e4use\",\"item\":\"https:\/\/www.vivimartinsicuro.it\/de\/unterkunft\/\"},{\"@type\":\"ListItem\",\"position\":3,\"name\":\"Perla di Mare\"}]},{\"@type\":\"WebSite\",\"@id\":\"https:\/\/www.vivimartinsicuro.it\/#website\",\"url\":\"https:\/\/www.vivimartinsicuro.it\/\",\"name\":\"Vivi Martinsicuro\",\"description\":\"Il portale turistico della Porta d&#039;Abruzzo\",\"potentialAction\":[{\"@type\":\"SearchAction\",\"target\":{\"@type\":\"EntryPoint\",\"urlTemplate\":\"https:\/\/www.vivimartinsicuro.it\/?s={search_term_string}\"},\"query-input\":{\"@type\":\"PropertyValueSpecification\",\"valueRequired\":true,\"valueName\":\"search_term_string\"}}],\"inLanguage\":\"de\"}]}<\/script>\n<!-- \/ Yoast SEO plugin. -->","yoast_head_json":{"title":"Perla di Mare, B&B Martinsicuro","description":"Erleben Sie einen authentischen und unvergesslichen Urlaub nur wenige Schritte vom Meer entfernt im Bed and Breakfast Perla di Mare in Martisicuro.","robots":{"index":"index","follow":"follow","max-snippet":"max-snippet:-1","max-image-preview":"max-image-preview:large","max-video-preview":"max-video-preview:-1"},"canonical":"https:\/\/www.vivimartinsicuro.it\/de\/unterkunft\/perla-di-mare\/","og_locale":"de_DE","og_type":"article","og_title":"Perla di Mare, B&B Martinsicuro","og_description":"Erleben Sie einen authentischen und unvergesslichen Urlaub nur wenige Schritte vom Meer entfernt im Bed and Breakfast Perla di Mare in Martisicuro.","og_url":"https:\/\/www.vivimartinsicuro.it\/de\/unterkunft\/perla-di-mare\/","og_site_name":"Vivi Martinsicuro","article_modified_time":"2026-03-17T08:03:00+00:00","twitter_card":"summary_large_image","twitter_misc":{"Gesch\u00e4tzte Lesezeit":"2\u00a0Minuten"},"schema":{"@context":"https:\/\/schema.org","@graph":[{"@type":"WebPage","@id":"https:\/\/www.vivimartinsicuro.it\/de\/unterkunft\/perla-di-mare\/","url":"https:\/\/www.vivimartinsicuro.it\/de\/unterkunft\/perla-di-mare\/","name":"Perla di Mare, B&B Martinsicuro","isPartOf":{"@id":"https:\/\/www.vivimartinsicuro.it\/#website"},"datePublished":"2025-05-29T14:15:38+00:00","dateModified":"2026-03-17T08:03:00+00:00","description":"Erleben Sie einen authentischen und unvergesslichen Urlaub nur wenige Schritte vom Meer entfernt im Bed and Breakfast Perla di Mare in Martisicuro.","breadcrumb":{"@id":"https:\/\/www.vivimartinsicuro.it\/de\/unterkunft\/perla-di-mare\/#breadcrumb"},"inLanguage":"de","potentialAction":[{"@type":"ReadAction","target":["https:\/\/www.vivimartinsicuro.it\/de\/unterkunft\/perla-di-mare\/"]}]},{"@type":"BreadcrumbList","@id":"https:\/\/www.vivimartinsicuro.it\/de\/unterkunft\/perla-di-mare\/#breadcrumb","itemListElement":[{"@type":"ListItem","position":1,"name":"Home","item":"https:\/\/www.vivimartinsicuro.it\/de\/"},{"@type":"ListItem","position":2,"name":"Geh\u00e4use","item":"https:\/\/www.vivimartinsicuro.it\/de\/unterkunft\/"},{"@type":"ListItem","position":3,"name":"Perla di Mare"}]},{"@type":"WebSite","@id":"https:\/\/www.vivimartinsicuro.it\/#website","url":"https:\/\/www.vivimartinsicuro.it\/","name":"Vivi Martinsicuro","description":"Il portale turistico della Porta d&#039;Abruzzo","potentialAction":[{"@type":"SearchAction","target":{"@type":"EntryPoint","urlTemplate":"https:\/\/www.vivimartinsicuro.it\/?s={search_term_string}"},"query-input":{"@type":"PropertyValueSpecification","valueRequired":true,"valueName":"search_term_string"}}],"inLanguage":"de"}]}},"_links":{"self":[{"href":"https:\/\/www.vivimartinsicuro.it\/de\/wp-json\/wp\/v2\/pages\/4739","targetHints":{"allow":["GET"]}}],"collection":[{"href":"https:\/\/www.vivimartinsicuro.it\/de\/wp-json\/wp\/v2\/pages"}],"about":[{"href":"https:\/\/www.vivimartinsicuro.it\/de\/wp-json\/wp\/v2\/types\/page"}],"author":[{"embeddable":true,"href":"https:\/\/www.vivimartinsicuro.it\/de\/wp-json\/wp\/v2\/users\/1"}],"replies":[{"embeddable":true,"href":"https:\/\/www.vivimartinsicuro.it\/de\/wp-json\/wp\/v2\/comments?post=4739"}],"version-history":[{"count":3,"href":"https:\/\/www.vivimartinsicuro.it\/de\/wp-json\/wp\/v2\/pages\/4739\/revisions"}],"predecessor-version":[{"id":9192,"href":"https:\/\/www.vivimartinsicuro.it\/de\/wp-json\/wp\/v2\/pages\/4739\/revisions\/9192"}],"up":[{"embeddable":true,"href":"https:\/\/www.vivimartinsicuro.it\/de\/wp-json\/wp\/v2\/pages\/4611"}],"wp:attachment":[{"href":"https:\/\/www.vivimartinsicuro.it\/de\/wp-json\/wp\/v2\/media?parent=4739"}],"curies":[{"name":"wp","href":"https:\/\/api.w.org\/{rel}","templated":true}]}}