{"id":4745,"date":"2025-05-29T16:17:07","date_gmt":"2025-05-29T14:17:07","guid":{"rendered":"http:\/\/www.vivimartinsicuro.it\/alloggi\/hotel-galf\/"},"modified":"2026-02-04T09:29:42","modified_gmt":"2026-02-04T08:29:42","slug":"hotel-galf","status":"publish","type":"page","link":"https:\/\/www.vivimartinsicuro.it\/de\/unterkunft\/hotel-galf\/","title":{"rendered":"Hotel Galf"},"content":{"rendered":"\n<p>Ein Sommer voller Eindr\u00fccke, Entspannung und gro\u00dfer Sch\u00f6nheit: <b>Im Herzen von Villa Rosa, in Martinsicuro<\/b>, in den Abruzzen, ist<b> das Hotel Galf <\/b>das ideale Ziel f\u00fcr einen unvergesslichen Urlaub. <b>Mit Blick auf das Meer <\/b>empf\u00e4ngt es seine G\u00e4ste mit <b>k\u00fcrzlich renovierten und klimatisierten Zimmern<\/b>, einer K\u00fcche mit \u00fcberraschenden Aromen und einem herrlichen <b>Swimmingpool mit Whirlpool<\/b>. <b>Galf Beach ist der Privatstrand des Hotels<\/b>, an dem Sie sich auf dem goldenen Sand entspannen k\u00f6nnen. Spa\u00df ist den ganzen Sommer \u00fcber garantiert: Jede Woche werden Veranstaltungen aller Art organisiert, von <b>Pizza-Partys <\/b>\u00fcber<b> Tanzabende <\/b>bis hin zu <b>sportlichen Aktivit\u00e4ten<\/b>, die eine perfekte Mischung aus Entspannung, Unterhaltung und Aktivit\u00e4ten im Freien bieten. Das Hotel Galf verf\u00fcgt \u00fcber einen <b>bequemen kostenlosen Parkplatz <\/b>und einen <b>kostenlosen Fahrradverleih, der <\/b>sich perfekt eignet, um die sch\u00f6nen Radwege der abruzzesischen Riviera zu erkunden. <b>Sauberes Meer und ein langer, gut ausgestatteter Strand <\/b>sind nur einige der Merkmale von Villa Rosa di Martinsicuro, einem kleinen Ort in den Abruzzen an der Grenze zwischen den Abruzzen und den Marken, nur 6 km von San Benedetto del Tronto entfernt. Es ist der perfekte Ausgangspunkt, um die vielen Wunder der Region zu entdecken, von Naturoasen bis hin zum historischen und kulturellen Erbe, zwischen charmanten D\u00f6rfern, Kirchen und Kl\u00f6stern, alten Festungen und Burgen.<\/p>\n","protected":false},"excerpt":{"rendered":"<p>Ein Sommer voller Eindr\u00fccke, Entspannung und gro\u00dfer Sch\u00f6nheit: Im Herzen von Villa Rosa, in Martinsicuro, in den Abruzzen, ist das Hotel Galf das ideale Ziel f\u00fcr einen unvergesslichen Urlaub. Mit Blick auf das Meer empf\u00e4ngt es seine G\u00e4ste mit k\u00fcrzlich renovierten und klimatisierten Zimmern, einer K\u00fcche mit \u00fcberraschenden Aromen und einem herrlichen Swimmingpool mit Whirlpool. [&hellip;]<\/p>\n","protected":false},"author":1,"featured_media":0,"parent":4611,"menu_order":0,"comment_status":"closed","ping_status":"closed","template":"page-templates\/scheda_hotel.php","meta":{"_acf_changed":false,"_et_pb_use_builder":"","_et_pb_old_content":"","_et_gb_content_width":"","inline_featured_image":false,"footnotes":""},"class_list":["post-4745","page","type-page","status-publish","hentry"],"acf":[],"yoast_head":"<!-- This site is optimized with the Yoast SEO plugin v27.1 - https:\/\/yoast.com\/product\/yoast-seo-wordpress\/ -->\n<title>Hotel Galf - Vivi Martinsicuro<\/title>\n<meta name=\"robots\" content=\"index, follow, max-snippet:-1, max-image-preview:large, max-video-preview:-1\" \/>\n<link rel=\"canonical\" href=\"https:\/\/www.vivimartinsicuro.it\/de\/unterkunft\/hotel-galf\/\" \/>\n<meta property=\"og:locale\" content=\"de_DE\" \/>\n<meta property=\"og:type\" content=\"article\" \/>\n<meta property=\"og:title\" content=\"Hotel Galf - Vivi Martinsicuro\" \/>\n<meta property=\"og:description\" content=\"Ein Sommer voller Eindr\u00fccke, Entspannung und gro\u00dfer Sch\u00f6nheit: Im Herzen von Villa Rosa, in Martinsicuro, in den Abruzzen, ist das Hotel Galf das ideale Ziel f\u00fcr einen unvergesslichen Urlaub. Mit Blick auf das Meer empf\u00e4ngt es seine G\u00e4ste mit k\u00fcrzlich renovierten und klimatisierten Zimmern, einer K\u00fcche mit \u00fcberraschenden Aromen und einem herrlichen Swimmingpool mit Whirlpool. [&hellip;]\" \/>\n<meta property=\"og:url\" content=\"https:\/\/www.vivimartinsicuro.it\/de\/unterkunft\/hotel-galf\/\" \/>\n<meta property=\"og:site_name\" content=\"Vivi Martinsicuro\" \/>\n<meta property=\"article:modified_time\" content=\"2026-02-04T08:29:42+00:00\" \/>\n<meta name=\"twitter:card\" content=\"summary_large_image\" \/>\n<meta name=\"twitter:label1\" content=\"Gesch\u00e4tzte Lesezeit\" \/>\n\t<meta name=\"twitter:data1\" content=\"1\u00a0Minute\" \/>\n<script type=\"application\/ld+json\" class=\"yoast-schema-graph\">{\"@context\":\"https:\/\/schema.org\",\"@graph\":[{\"@type\":\"WebPage\",\"@id\":\"https:\/\/www.vivimartinsicuro.it\/de\/unterkunft\/hotel-galf\/\",\"url\":\"https:\/\/www.vivimartinsicuro.it\/de\/unterkunft\/hotel-galf\/\",\"name\":\"Hotel Galf - Vivi Martinsicuro\",\"isPartOf\":{\"@id\":\"https:\/\/www.vivimartinsicuro.it\/#website\"},\"datePublished\":\"2025-05-29T14:17:07+00:00\",\"dateModified\":\"2026-02-04T08:29:42+00:00\",\"breadcrumb\":{\"@id\":\"https:\/\/www.vivimartinsicuro.it\/de\/unterkunft\/hotel-galf\/#breadcrumb\"},\"inLanguage\":\"de\",\"potentialAction\":[{\"@type\":\"ReadAction\",\"target\":[\"https:\/\/www.vivimartinsicuro.it\/de\/unterkunft\/hotel-galf\/\"]}]},{\"@type\":\"BreadcrumbList\",\"@id\":\"https:\/\/www.vivimartinsicuro.it\/de\/unterkunft\/hotel-galf\/#breadcrumb\",\"itemListElement\":[{\"@type\":\"ListItem\",\"position\":1,\"name\":\"Home\",\"item\":\"https:\/\/www.vivimartinsicuro.it\/de\/\"},{\"@type\":\"ListItem\",\"position\":2,\"name\":\"Geh\u00e4use\",\"item\":\"https:\/\/www.vivimartinsicuro.it\/de\/unterkunft\/\"},{\"@type\":\"ListItem\",\"position\":3,\"name\":\"Hotel Galf\"}]},{\"@type\":\"WebSite\",\"@id\":\"https:\/\/www.vivimartinsicuro.it\/#website\",\"url\":\"https:\/\/www.vivimartinsicuro.it\/\",\"name\":\"Vivi Martinsicuro\",\"description\":\"Il portale turistico della Porta d&#039;Abruzzo\",\"potentialAction\":[{\"@type\":\"SearchAction\",\"target\":{\"@type\":\"EntryPoint\",\"urlTemplate\":\"https:\/\/www.vivimartinsicuro.it\/?s={search_term_string}\"},\"query-input\":{\"@type\":\"PropertyValueSpecification\",\"valueRequired\":true,\"valueName\":\"search_term_string\"}}],\"inLanguage\":\"de\"}]}<\/script>\n<!-- \/ Yoast SEO plugin. -->","yoast_head_json":{"title":"Hotel Galf - Vivi Martinsicuro","robots":{"index":"index","follow":"follow","max-snippet":"max-snippet:-1","max-image-preview":"max-image-preview:large","max-video-preview":"max-video-preview:-1"},"canonical":"https:\/\/www.vivimartinsicuro.it\/de\/unterkunft\/hotel-galf\/","og_locale":"de_DE","og_type":"article","og_title":"Hotel Galf - Vivi Martinsicuro","og_description":"Ein Sommer voller Eindr\u00fccke, Entspannung und gro\u00dfer Sch\u00f6nheit: Im Herzen von Villa Rosa, in Martinsicuro, in den Abruzzen, ist das Hotel Galf das ideale Ziel f\u00fcr einen unvergesslichen Urlaub. Mit Blick auf das Meer empf\u00e4ngt es seine G\u00e4ste mit k\u00fcrzlich renovierten und klimatisierten Zimmern, einer K\u00fcche mit \u00fcberraschenden Aromen und einem herrlichen Swimmingpool mit Whirlpool. [&hellip;]","og_url":"https:\/\/www.vivimartinsicuro.it\/de\/unterkunft\/hotel-galf\/","og_site_name":"Vivi Martinsicuro","article_modified_time":"2026-02-04T08:29:42+00:00","twitter_card":"summary_large_image","twitter_misc":{"Gesch\u00e4tzte Lesezeit":"1\u00a0Minute"},"schema":{"@context":"https:\/\/schema.org","@graph":[{"@type":"WebPage","@id":"https:\/\/www.vivimartinsicuro.it\/de\/unterkunft\/hotel-galf\/","url":"https:\/\/www.vivimartinsicuro.it\/de\/unterkunft\/hotel-galf\/","name":"Hotel Galf - Vivi Martinsicuro","isPartOf":{"@id":"https:\/\/www.vivimartinsicuro.it\/#website"},"datePublished":"2025-05-29T14:17:07+00:00","dateModified":"2026-02-04T08:29:42+00:00","breadcrumb":{"@id":"https:\/\/www.vivimartinsicuro.it\/de\/unterkunft\/hotel-galf\/#breadcrumb"},"inLanguage":"de","potentialAction":[{"@type":"ReadAction","target":["https:\/\/www.vivimartinsicuro.it\/de\/unterkunft\/hotel-galf\/"]}]},{"@type":"BreadcrumbList","@id":"https:\/\/www.vivimartinsicuro.it\/de\/unterkunft\/hotel-galf\/#breadcrumb","itemListElement":[{"@type":"ListItem","position":1,"name":"Home","item":"https:\/\/www.vivimartinsicuro.it\/de\/"},{"@type":"ListItem","position":2,"name":"Geh\u00e4use","item":"https:\/\/www.vivimartinsicuro.it\/de\/unterkunft\/"},{"@type":"ListItem","position":3,"name":"Hotel Galf"}]},{"@type":"WebSite","@id":"https:\/\/www.vivimartinsicuro.it\/#website","url":"https:\/\/www.vivimartinsicuro.it\/","name":"Vivi Martinsicuro","description":"Il portale turistico della Porta d&#039;Abruzzo","potentialAction":[{"@type":"SearchAction","target":{"@type":"EntryPoint","urlTemplate":"https:\/\/www.vivimartinsicuro.it\/?s={search_term_string}"},"query-input":{"@type":"PropertyValueSpecification","valueRequired":true,"valueName":"search_term_string"}}],"inLanguage":"de"}]}},"_links":{"self":[{"href":"https:\/\/www.vivimartinsicuro.it\/de\/wp-json\/wp\/v2\/pages\/4745","targetHints":{"allow":["GET"]}}],"collection":[{"href":"https:\/\/www.vivimartinsicuro.it\/de\/wp-json\/wp\/v2\/pages"}],"about":[{"href":"https:\/\/www.vivimartinsicuro.it\/de\/wp-json\/wp\/v2\/types\/page"}],"author":[{"embeddable":true,"href":"https:\/\/www.vivimartinsicuro.it\/de\/wp-json\/wp\/v2\/users\/1"}],"replies":[{"embeddable":true,"href":"https:\/\/www.vivimartinsicuro.it\/de\/wp-json\/wp\/v2\/comments?post=4745"}],"version-history":[{"count":2,"href":"https:\/\/www.vivimartinsicuro.it\/de\/wp-json\/wp\/v2\/pages\/4745\/revisions"}],"predecessor-version":[{"id":8738,"href":"https:\/\/www.vivimartinsicuro.it\/de\/wp-json\/wp\/v2\/pages\/4745\/revisions\/8738"}],"up":[{"embeddable":true,"href":"https:\/\/www.vivimartinsicuro.it\/de\/wp-json\/wp\/v2\/pages\/4611"}],"wp:attachment":[{"href":"https:\/\/www.vivimartinsicuro.it\/de\/wp-json\/wp\/v2\/media?parent=4745"}],"curies":[{"name":"wp","href":"https:\/\/api.w.org\/{rel}","templated":true}]}}