{"id":4748,"date":"2025-05-29T16:18:04","date_gmt":"2025-05-29T14:18:04","guid":{"rendered":"http:\/\/www.vivimartinsicuro.it\/alloggi\/camping-villaggio-delle-rose\/"},"modified":"2026-02-04T09:29:43","modified_gmt":"2026-02-04T08:29:43","slug":"camping-villaggio-delle-rose","status":"publish","type":"page","link":"https:\/\/www.vivimartinsicuro.it\/de\/unterkunft\/camping-villaggio-delle-rose\/","title":{"rendered":"Camping Villaggio delle Rose"},"content":{"rendered":"\n<p>Lust auf Sonne und Meer, Ruhe und Abenteuer? <b>Willkommen im Camping Villaggio delle Rose! Nur wenige Schritte vom Meer entfernt, in Villa Rosa di Martinsicuro<\/b>, liegt der Campingplatz in einer ruhigen Gegend, fernab vom Verkehr, aber dennoch in der N\u00e4he des Zentrums. Ein familiengef\u00fchrtes Feriendorf, das seinen G\u00e4sten <b>schattige Stellpl\u00e4tze mit allen Annehmlichkeiten, Mobilheime und <\/b>gemauerte <b>Bungalows <\/b>(Zwei- und Dreizimmerwohnungen) bietet. Auf dem Campingplatz finden die G\u00e4ste alles, was sie f\u00fcr einen sorgenfreien Aufenthalt ben\u00f6tigen: <b>Waschk\u00fcche und B\u00fcgelraum, Bar, Markt und Tabakladen, Kinderspielplatz, Tischtennis und Boccia-Bahn<\/b>. Ein Ort, an dem Urlaub die richtige Mischung aus Spa\u00df und Entspannung ist, dank des <b>Animationsteams<\/b>, das in den Monaten <b>Juli und August <\/b>die Tage mit <b>Spielen, sportlichen Aktivit\u00e4ten, Abendshows <\/b>und vielen Angeboten f\u00fcr alle Altersgruppen versch\u00f6nert. Gegen\u00fcber dem Campingplatz, auf der anderen Seite der Strandpromenade, <b>liegt der Dellerose Beach<\/b>,<b> ein goldener Sandstrand mit flachem Wasser<\/b>, perfekt, um einen Tag voller Sonne und Entspannung zu genie\u00dfen, und auch f\u00fcr die Kleinsten bestens geeignet. Aber der Urlaub endet nicht am Strand: <b>Vom Feriendorf aus k\u00f6nnen Sie das Hinterland und seine Sehensw\u00fcrdigkeiten entdecken<\/b>, wie Ascoli Piceno, die Stadt der hundert T\u00fcrme, und die eindrucksvolle Festung von Civitella del Tronto. Entlang der K\u00fcste k\u00f6nnen Sie die Sehensw\u00fcrdigkeiten der Adriak\u00fcste wie Tortoreto Lido, San Benedetto del Tronto und Grottammare besuchen. Naturliebhaber sollten sich einen Ausflug in den Nationalpark Gran Sasso und Monti della Laga nicht entgehen lassen.<\/p>\n","protected":false},"excerpt":{"rendered":"<p>Lust auf Sonne und Meer, Ruhe und Abenteuer? Willkommen im Camping Villaggio delle Rose! Nur wenige Schritte vom Meer entfernt, in Villa Rosa di Martinsicuro, liegt der Campingplatz in einer ruhigen Gegend, fernab vom Verkehr, aber dennoch in der N\u00e4he des Zentrums. Ein familiengef\u00fchrtes Feriendorf, das seinen G\u00e4sten schattige Stellpl\u00e4tze mit allen Annehmlichkeiten, Mobilheime und [&hellip;]<\/p>\n","protected":false},"author":1,"featured_media":0,"parent":4611,"menu_order":0,"comment_status":"closed","ping_status":"closed","template":"page-templates\/scheda_hotel.php","meta":{"_acf_changed":false,"_et_pb_use_builder":"","_et_pb_old_content":"","_et_gb_content_width":"","inline_featured_image":false,"footnotes":""},"class_list":["post-4748","page","type-page","status-publish","hentry"],"acf":[],"yoast_head":"<!-- This site is optimized with the Yoast SEO plugin v27.1 - https:\/\/yoast.com\/product\/yoast-seo-wordpress\/ -->\n<title>Camping Villaggio delle Rose - Vivi Martinsicuro<\/title>\n<meta name=\"robots\" content=\"index, follow, max-snippet:-1, max-image-preview:large, max-video-preview:-1\" \/>\n<link rel=\"canonical\" href=\"https:\/\/www.vivimartinsicuro.it\/de\/unterkunft\/camping-villaggio-delle-rose\/\" \/>\n<meta property=\"og:locale\" content=\"de_DE\" \/>\n<meta property=\"og:type\" content=\"article\" \/>\n<meta property=\"og:title\" content=\"Camping Villaggio delle Rose - Vivi Martinsicuro\" \/>\n<meta property=\"og:description\" content=\"Lust auf Sonne und Meer, Ruhe und Abenteuer? Willkommen im Camping Villaggio delle Rose! Nur wenige Schritte vom Meer entfernt, in Villa Rosa di Martinsicuro, liegt der Campingplatz in einer ruhigen Gegend, fernab vom Verkehr, aber dennoch in der N\u00e4he des Zentrums. Ein familiengef\u00fchrtes Feriendorf, das seinen G\u00e4sten schattige Stellpl\u00e4tze mit allen Annehmlichkeiten, Mobilheime und [&hellip;]\" \/>\n<meta property=\"og:url\" content=\"https:\/\/www.vivimartinsicuro.it\/de\/unterkunft\/camping-villaggio-delle-rose\/\" \/>\n<meta property=\"og:site_name\" content=\"Vivi Martinsicuro\" \/>\n<meta property=\"article:modified_time\" content=\"2026-02-04T08:29:43+00:00\" \/>\n<meta name=\"twitter:card\" content=\"summary_large_image\" \/>\n<meta name=\"twitter:label1\" content=\"Gesch\u00e4tzte Lesezeit\" \/>\n\t<meta name=\"twitter:data1\" content=\"1\u00a0Minute\" \/>\n<script type=\"application\/ld+json\" class=\"yoast-schema-graph\">{\"@context\":\"https:\/\/schema.org\",\"@graph\":[{\"@type\":\"WebPage\",\"@id\":\"https:\/\/www.vivimartinsicuro.it\/de\/unterkunft\/camping-villaggio-delle-rose\/\",\"url\":\"https:\/\/www.vivimartinsicuro.it\/de\/unterkunft\/camping-villaggio-delle-rose\/\",\"name\":\"Camping Villaggio delle Rose - Vivi Martinsicuro\",\"isPartOf\":{\"@id\":\"https:\/\/www.vivimartinsicuro.it\/#website\"},\"datePublished\":\"2025-05-29T14:18:04+00:00\",\"dateModified\":\"2026-02-04T08:29:43+00:00\",\"breadcrumb\":{\"@id\":\"https:\/\/www.vivimartinsicuro.it\/de\/unterkunft\/camping-villaggio-delle-rose\/#breadcrumb\"},\"inLanguage\":\"de\",\"potentialAction\":[{\"@type\":\"ReadAction\",\"target\":[\"https:\/\/www.vivimartinsicuro.it\/de\/unterkunft\/camping-villaggio-delle-rose\/\"]}]},{\"@type\":\"BreadcrumbList\",\"@id\":\"https:\/\/www.vivimartinsicuro.it\/de\/unterkunft\/camping-villaggio-delle-rose\/#breadcrumb\",\"itemListElement\":[{\"@type\":\"ListItem\",\"position\":1,\"name\":\"Home\",\"item\":\"https:\/\/www.vivimartinsicuro.it\/de\/\"},{\"@type\":\"ListItem\",\"position\":2,\"name\":\"Geh\u00e4use\",\"item\":\"https:\/\/www.vivimartinsicuro.it\/de\/unterkunft\/\"},{\"@type\":\"ListItem\",\"position\":3,\"name\":\"Camping Villaggio delle Rose\"}]},{\"@type\":\"WebSite\",\"@id\":\"https:\/\/www.vivimartinsicuro.it\/#website\",\"url\":\"https:\/\/www.vivimartinsicuro.it\/\",\"name\":\"Vivi Martinsicuro\",\"description\":\"Il portale turistico della Porta d&#039;Abruzzo\",\"potentialAction\":[{\"@type\":\"SearchAction\",\"target\":{\"@type\":\"EntryPoint\",\"urlTemplate\":\"https:\/\/www.vivimartinsicuro.it\/?s={search_term_string}\"},\"query-input\":{\"@type\":\"PropertyValueSpecification\",\"valueRequired\":true,\"valueName\":\"search_term_string\"}}],\"inLanguage\":\"de\"}]}<\/script>\n<!-- \/ Yoast SEO plugin. -->","yoast_head_json":{"title":"Camping Villaggio delle Rose - Vivi Martinsicuro","robots":{"index":"index","follow":"follow","max-snippet":"max-snippet:-1","max-image-preview":"max-image-preview:large","max-video-preview":"max-video-preview:-1"},"canonical":"https:\/\/www.vivimartinsicuro.it\/de\/unterkunft\/camping-villaggio-delle-rose\/","og_locale":"de_DE","og_type":"article","og_title":"Camping Villaggio delle Rose - Vivi Martinsicuro","og_description":"Lust auf Sonne und Meer, Ruhe und Abenteuer? Willkommen im Camping Villaggio delle Rose! Nur wenige Schritte vom Meer entfernt, in Villa Rosa di Martinsicuro, liegt der Campingplatz in einer ruhigen Gegend, fernab vom Verkehr, aber dennoch in der N\u00e4he des Zentrums. Ein familiengef\u00fchrtes Feriendorf, das seinen G\u00e4sten schattige Stellpl\u00e4tze mit allen Annehmlichkeiten, Mobilheime und [&hellip;]","og_url":"https:\/\/www.vivimartinsicuro.it\/de\/unterkunft\/camping-villaggio-delle-rose\/","og_site_name":"Vivi Martinsicuro","article_modified_time":"2026-02-04T08:29:43+00:00","twitter_card":"summary_large_image","twitter_misc":{"Gesch\u00e4tzte Lesezeit":"1\u00a0Minute"},"schema":{"@context":"https:\/\/schema.org","@graph":[{"@type":"WebPage","@id":"https:\/\/www.vivimartinsicuro.it\/de\/unterkunft\/camping-villaggio-delle-rose\/","url":"https:\/\/www.vivimartinsicuro.it\/de\/unterkunft\/camping-villaggio-delle-rose\/","name":"Camping Villaggio delle Rose - Vivi Martinsicuro","isPartOf":{"@id":"https:\/\/www.vivimartinsicuro.it\/#website"},"datePublished":"2025-05-29T14:18:04+00:00","dateModified":"2026-02-04T08:29:43+00:00","breadcrumb":{"@id":"https:\/\/www.vivimartinsicuro.it\/de\/unterkunft\/camping-villaggio-delle-rose\/#breadcrumb"},"inLanguage":"de","potentialAction":[{"@type":"ReadAction","target":["https:\/\/www.vivimartinsicuro.it\/de\/unterkunft\/camping-villaggio-delle-rose\/"]}]},{"@type":"BreadcrumbList","@id":"https:\/\/www.vivimartinsicuro.it\/de\/unterkunft\/camping-villaggio-delle-rose\/#breadcrumb","itemListElement":[{"@type":"ListItem","position":1,"name":"Home","item":"https:\/\/www.vivimartinsicuro.it\/de\/"},{"@type":"ListItem","position":2,"name":"Geh\u00e4use","item":"https:\/\/www.vivimartinsicuro.it\/de\/unterkunft\/"},{"@type":"ListItem","position":3,"name":"Camping Villaggio delle Rose"}]},{"@type":"WebSite","@id":"https:\/\/www.vivimartinsicuro.it\/#website","url":"https:\/\/www.vivimartinsicuro.it\/","name":"Vivi Martinsicuro","description":"Il portale turistico della Porta d&#039;Abruzzo","potentialAction":[{"@type":"SearchAction","target":{"@type":"EntryPoint","urlTemplate":"https:\/\/www.vivimartinsicuro.it\/?s={search_term_string}"},"query-input":{"@type":"PropertyValueSpecification","valueRequired":true,"valueName":"search_term_string"}}],"inLanguage":"de"}]}},"_links":{"self":[{"href":"https:\/\/www.vivimartinsicuro.it\/de\/wp-json\/wp\/v2\/pages\/4748","targetHints":{"allow":["GET"]}}],"collection":[{"href":"https:\/\/www.vivimartinsicuro.it\/de\/wp-json\/wp\/v2\/pages"}],"about":[{"href":"https:\/\/www.vivimartinsicuro.it\/de\/wp-json\/wp\/v2\/types\/page"}],"author":[{"embeddable":true,"href":"https:\/\/www.vivimartinsicuro.it\/de\/wp-json\/wp\/v2\/users\/1"}],"replies":[{"embeddable":true,"href":"https:\/\/www.vivimartinsicuro.it\/de\/wp-json\/wp\/v2\/comments?post=4748"}],"version-history":[{"count":2,"href":"https:\/\/www.vivimartinsicuro.it\/de\/wp-json\/wp\/v2\/pages\/4748\/revisions"}],"predecessor-version":[{"id":8739,"href":"https:\/\/www.vivimartinsicuro.it\/de\/wp-json\/wp\/v2\/pages\/4748\/revisions\/8739"}],"up":[{"embeddable":true,"href":"https:\/\/www.vivimartinsicuro.it\/de\/wp-json\/wp\/v2\/pages\/4611"}],"wp:attachment":[{"href":"https:\/\/www.vivimartinsicuro.it\/de\/wp-json\/wp\/v2\/media?parent=4748"}],"curies":[{"name":"wp","href":"https:\/\/api.w.org\/{rel}","templated":true}]}}