{"id":4751,"date":"2025-05-29T16:19:53","date_gmt":"2025-05-29T14:19:53","guid":{"rendered":"http:\/\/www.vivimartinsicuro.it\/alloggi\/camping-villaggio-turistico-duca-amedeo\/"},"modified":"2026-02-04T09:29:45","modified_gmt":"2026-02-04T08:29:45","slug":"camping-villaggio-turistico-duca-amedeo","status":"publish","type":"page","link":"https:\/\/www.vivimartinsicuro.it\/de\/unterkunft\/camping-villaggio-turistico-duca-amedeo\/","title":{"rendered":"Campingplatz Villaggio Turistico Duca Amedeo"},"content":{"rendered":"\n<p>Eingebettet im Gr\u00fcnen und mit Blick auf das Meer ist der <b>Campingplatz Villaggio Duca Amedeo in Martinsicuro <\/b>der ideale Ort f\u00fcr einen erholsamen und familienfreundlichen Urlaub. Er bietet Ruhe und Unterhaltung, mitrei\u00dfende Animation und authentische Gastfreundschaft und ist auch perfekt f\u00fcr Reisende mit Haustieren: <b>Hunde und Katzen sind in den tierfreundlichen Unterk\u00fcnften willkommen<\/b>, mit Auslaufbereichen, Pflegeangeboten und Zugang zum nahe gelegenen Bau Beach. Die Anlage bietet <b>verschiedene komfortable und gut ausgestattete Unterk\u00fcnfte <\/b>zur Auswahl: <b>gro\u00dfe Stellpl\u00e4tze<\/b>, <b>Mobilheime<\/b>, <b>Ferienh\u00e4user und Apartments<\/b>, die alle mit besonderem Augenmerk auf Umweltvertr\u00e4glichkeit gef\u00fchrt werden. Das Herzst\u00fcck des Feriendorfs ist der <b>gro\u00dfe Pool mit zwei Becken, Whirlpool<\/b>, <b>Kinderbereich mit Rutsche und Sonnenterrasse<\/b>. Das Animationsteam bietet ein reichhaltiges Programm an Aktivit\u00e4ten: <b>Sportturniere, Tanz und Shows, Poolpartys.<\/b> F\u00fcr Kinder <b>ab 3 Jahren gibt es den Mini Club <\/b>mit Unterhaltung, Spielen und Shows. Der <b>Duca Amedeo Beach ist ein Ort der Freiheit und Inklusivit\u00e4t<\/b>, ein ausgestatteter und vollst\u00e4ndig barrierefreier Strand, denn das Meer muss f\u00fcr alle zug\u00e4nglich sein. F\u00fcr Liebhaber des Radsports stellt das Feriendorf eine <b>Flotte von Leihfahrr\u00e4dern <\/b>zur Verf\u00fcgung, die sich perfekt f\u00fcr Radtouren entlang des sch\u00f6nen Radwegs am Meer eignen. Die Umgebung bietet auch zahlreiche <b>Ausflugsm\u00f6glichkeiten, darunter mittelalterliche D\u00f6rfer, Kl\u00f6ster und Abteien sowie H\u00fcgel <\/b>mit Blick auf das Meer. Nicht zu vers\u00e4umen: Ascoli Piceno mit der wundersch\u00f6nen Piazza del Popolo, die imposante bourbonische Festung von Civitella del Tronto, die Hochebene von Campo Imperatore und die Wallfahrtskirche San Gabriele.<\/p>\n","protected":false},"excerpt":{"rendered":"<p>Eingebettet im Gr\u00fcnen und mit Blick auf das Meer ist der Campingplatz Villaggio Duca Amedeo in Martinsicuro der ideale Ort f\u00fcr einen erholsamen und familienfreundlichen Urlaub. Er bietet Ruhe und Unterhaltung, mitrei\u00dfende Animation und authentische Gastfreundschaft und ist auch perfekt f\u00fcr Reisende mit Haustieren: Hunde und Katzen sind in den tierfreundlichen Unterk\u00fcnften willkommen, mit Auslaufbereichen, [&hellip;]<\/p>\n","protected":false},"author":1,"featured_media":0,"parent":4611,"menu_order":0,"comment_status":"closed","ping_status":"closed","template":"page-templates\/scheda_hotel.php","meta":{"_acf_changed":false,"_et_pb_use_builder":"","_et_pb_old_content":"","_et_gb_content_width":"","inline_featured_image":false,"footnotes":""},"class_list":["post-4751","page","type-page","status-publish","hentry"],"acf":[],"yoast_head":"<!-- This site is optimized with the Yoast SEO plugin v27.1 - https:\/\/yoast.com\/product\/yoast-seo-wordpress\/ -->\n<title>Campingplatz Villaggio Turistico Duca Amedeo - Vivi Martinsicuro<\/title>\n<meta name=\"robots\" content=\"index, follow, max-snippet:-1, max-image-preview:large, max-video-preview:-1\" \/>\n<link rel=\"canonical\" href=\"https:\/\/www.vivimartinsicuro.it\/de\/unterkunft\/camping-villaggio-turistico-duca-amedeo\/\" \/>\n<meta property=\"og:locale\" content=\"de_DE\" \/>\n<meta property=\"og:type\" content=\"article\" \/>\n<meta property=\"og:title\" content=\"Campingplatz Villaggio Turistico Duca Amedeo - Vivi Martinsicuro\" \/>\n<meta property=\"og:description\" content=\"Eingebettet im Gr\u00fcnen und mit Blick auf das Meer ist der Campingplatz Villaggio Duca Amedeo in Martinsicuro der ideale Ort f\u00fcr einen erholsamen und familienfreundlichen Urlaub. Er bietet Ruhe und Unterhaltung, mitrei\u00dfende Animation und authentische Gastfreundschaft und ist auch perfekt f\u00fcr Reisende mit Haustieren: Hunde und Katzen sind in den tierfreundlichen Unterk\u00fcnften willkommen, mit Auslaufbereichen, [&hellip;]\" \/>\n<meta property=\"og:url\" content=\"https:\/\/www.vivimartinsicuro.it\/de\/unterkunft\/camping-villaggio-turistico-duca-amedeo\/\" \/>\n<meta property=\"og:site_name\" content=\"Vivi Martinsicuro\" \/>\n<meta property=\"article:modified_time\" content=\"2026-02-04T08:29:45+00:00\" \/>\n<meta name=\"twitter:card\" content=\"summary_large_image\" \/>\n<meta name=\"twitter:label1\" content=\"Gesch\u00e4tzte Lesezeit\" \/>\n\t<meta name=\"twitter:data1\" content=\"1\u00a0Minute\" \/>\n<script type=\"application\/ld+json\" class=\"yoast-schema-graph\">{\"@context\":\"https:\/\/schema.org\",\"@graph\":[{\"@type\":\"WebPage\",\"@id\":\"https:\/\/www.vivimartinsicuro.it\/de\/unterkunft\/camping-villaggio-turistico-duca-amedeo\/\",\"url\":\"https:\/\/www.vivimartinsicuro.it\/de\/unterkunft\/camping-villaggio-turistico-duca-amedeo\/\",\"name\":\"Campingplatz Villaggio Turistico Duca Amedeo - Vivi Martinsicuro\",\"isPartOf\":{\"@id\":\"https:\/\/www.vivimartinsicuro.it\/#website\"},\"datePublished\":\"2025-05-29T14:19:53+00:00\",\"dateModified\":\"2026-02-04T08:29:45+00:00\",\"breadcrumb\":{\"@id\":\"https:\/\/www.vivimartinsicuro.it\/de\/unterkunft\/camping-villaggio-turistico-duca-amedeo\/#breadcrumb\"},\"inLanguage\":\"de\",\"potentialAction\":[{\"@type\":\"ReadAction\",\"target\":[\"https:\/\/www.vivimartinsicuro.it\/de\/unterkunft\/camping-villaggio-turistico-duca-amedeo\/\"]}]},{\"@type\":\"BreadcrumbList\",\"@id\":\"https:\/\/www.vivimartinsicuro.it\/de\/unterkunft\/camping-villaggio-turistico-duca-amedeo\/#breadcrumb\",\"itemListElement\":[{\"@type\":\"ListItem\",\"position\":1,\"name\":\"Home\",\"item\":\"https:\/\/www.vivimartinsicuro.it\/de\/\"},{\"@type\":\"ListItem\",\"position\":2,\"name\":\"Geh\u00e4use\",\"item\":\"https:\/\/www.vivimartinsicuro.it\/de\/unterkunft\/\"},{\"@type\":\"ListItem\",\"position\":3,\"name\":\"Campingplatz Villaggio Turistico Duca Amedeo\"}]},{\"@type\":\"WebSite\",\"@id\":\"https:\/\/www.vivimartinsicuro.it\/#website\",\"url\":\"https:\/\/www.vivimartinsicuro.it\/\",\"name\":\"Vivi Martinsicuro\",\"description\":\"Il portale turistico della Porta d&#039;Abruzzo\",\"potentialAction\":[{\"@type\":\"SearchAction\",\"target\":{\"@type\":\"EntryPoint\",\"urlTemplate\":\"https:\/\/www.vivimartinsicuro.it\/?s={search_term_string}\"},\"query-input\":{\"@type\":\"PropertyValueSpecification\",\"valueRequired\":true,\"valueName\":\"search_term_string\"}}],\"inLanguage\":\"de\"}]}<\/script>\n<!-- \/ Yoast SEO plugin. -->","yoast_head_json":{"title":"Campingplatz Villaggio Turistico Duca Amedeo - Vivi Martinsicuro","robots":{"index":"index","follow":"follow","max-snippet":"max-snippet:-1","max-image-preview":"max-image-preview:large","max-video-preview":"max-video-preview:-1"},"canonical":"https:\/\/www.vivimartinsicuro.it\/de\/unterkunft\/camping-villaggio-turistico-duca-amedeo\/","og_locale":"de_DE","og_type":"article","og_title":"Campingplatz Villaggio Turistico Duca Amedeo - Vivi Martinsicuro","og_description":"Eingebettet im Gr\u00fcnen und mit Blick auf das Meer ist der Campingplatz Villaggio Duca Amedeo in Martinsicuro der ideale Ort f\u00fcr einen erholsamen und familienfreundlichen Urlaub. Er bietet Ruhe und Unterhaltung, mitrei\u00dfende Animation und authentische Gastfreundschaft und ist auch perfekt f\u00fcr Reisende mit Haustieren: Hunde und Katzen sind in den tierfreundlichen Unterk\u00fcnften willkommen, mit Auslaufbereichen, [&hellip;]","og_url":"https:\/\/www.vivimartinsicuro.it\/de\/unterkunft\/camping-villaggio-turistico-duca-amedeo\/","og_site_name":"Vivi Martinsicuro","article_modified_time":"2026-02-04T08:29:45+00:00","twitter_card":"summary_large_image","twitter_misc":{"Gesch\u00e4tzte Lesezeit":"1\u00a0Minute"},"schema":{"@context":"https:\/\/schema.org","@graph":[{"@type":"WebPage","@id":"https:\/\/www.vivimartinsicuro.it\/de\/unterkunft\/camping-villaggio-turistico-duca-amedeo\/","url":"https:\/\/www.vivimartinsicuro.it\/de\/unterkunft\/camping-villaggio-turistico-duca-amedeo\/","name":"Campingplatz Villaggio Turistico Duca Amedeo - Vivi Martinsicuro","isPartOf":{"@id":"https:\/\/www.vivimartinsicuro.it\/#website"},"datePublished":"2025-05-29T14:19:53+00:00","dateModified":"2026-02-04T08:29:45+00:00","breadcrumb":{"@id":"https:\/\/www.vivimartinsicuro.it\/de\/unterkunft\/camping-villaggio-turistico-duca-amedeo\/#breadcrumb"},"inLanguage":"de","potentialAction":[{"@type":"ReadAction","target":["https:\/\/www.vivimartinsicuro.it\/de\/unterkunft\/camping-villaggio-turistico-duca-amedeo\/"]}]},{"@type":"BreadcrumbList","@id":"https:\/\/www.vivimartinsicuro.it\/de\/unterkunft\/camping-villaggio-turistico-duca-amedeo\/#breadcrumb","itemListElement":[{"@type":"ListItem","position":1,"name":"Home","item":"https:\/\/www.vivimartinsicuro.it\/de\/"},{"@type":"ListItem","position":2,"name":"Geh\u00e4use","item":"https:\/\/www.vivimartinsicuro.it\/de\/unterkunft\/"},{"@type":"ListItem","position":3,"name":"Campingplatz Villaggio Turistico Duca Amedeo"}]},{"@type":"WebSite","@id":"https:\/\/www.vivimartinsicuro.it\/#website","url":"https:\/\/www.vivimartinsicuro.it\/","name":"Vivi Martinsicuro","description":"Il portale turistico della Porta d&#039;Abruzzo","potentialAction":[{"@type":"SearchAction","target":{"@type":"EntryPoint","urlTemplate":"https:\/\/www.vivimartinsicuro.it\/?s={search_term_string}"},"query-input":{"@type":"PropertyValueSpecification","valueRequired":true,"valueName":"search_term_string"}}],"inLanguage":"de"}]}},"_links":{"self":[{"href":"https:\/\/www.vivimartinsicuro.it\/de\/wp-json\/wp\/v2\/pages\/4751","targetHints":{"allow":["GET"]}}],"collection":[{"href":"https:\/\/www.vivimartinsicuro.it\/de\/wp-json\/wp\/v2\/pages"}],"about":[{"href":"https:\/\/www.vivimartinsicuro.it\/de\/wp-json\/wp\/v2\/types\/page"}],"author":[{"embeddable":true,"href":"https:\/\/www.vivimartinsicuro.it\/de\/wp-json\/wp\/v2\/users\/1"}],"replies":[{"embeddable":true,"href":"https:\/\/www.vivimartinsicuro.it\/de\/wp-json\/wp\/v2\/comments?post=4751"}],"version-history":[{"count":3,"href":"https:\/\/www.vivimartinsicuro.it\/de\/wp-json\/wp\/v2\/pages\/4751\/revisions"}],"predecessor-version":[{"id":8741,"href":"https:\/\/www.vivimartinsicuro.it\/de\/wp-json\/wp\/v2\/pages\/4751\/revisions\/8741"}],"up":[{"embeddable":true,"href":"https:\/\/www.vivimartinsicuro.it\/de\/wp-json\/wp\/v2\/pages\/4611"}],"wp:attachment":[{"href":"https:\/\/www.vivimartinsicuro.it\/de\/wp-json\/wp\/v2\/media?parent=4751"}],"curies":[{"name":"wp","href":"https:\/\/api.w.org\/{rel}","templated":true}]}}