{"id":4754,"date":"2025-06-04T09:41:06","date_gmt":"2025-06-04T07:41:06","guid":{"rendered":"http:\/\/www.vivimartinsicuro.it\/alloggi\/villamar-residence\/"},"modified":"2026-04-02T13:56:32","modified_gmt":"2026-04-02T11:56:32","slug":"villamar-residence","status":"publish","type":"page","link":"https:\/\/www.vivimartinsicuro.it\/de\/unterkunft\/villamar-residence\/","title":{"rendered":"Villamar-Residenz"},"content":{"rendered":"\n<p>Luxus, Komfort und pers\u00f6nlicher Service nur <b>50 Meter vom Meer entfernt <\/b>: Das ist das exklusive Angebot der <b>Villamar Residence in Martinsicuro <\/b>. Die Anlage bietet verschiedene Unterk\u00fcnfte f\u00fcr einen angenehmen und erholsamen Aufenthalt f\u00fcr Paare, Familien oder Freunde: ein <b>Apartment mit einem Schlafzimmer <\/b>, zwei <b>Apartments mit drei Schlafzimmern <\/b>und ein <b>Penthouse <\/b>. Die <b>eleganten und komfortablen Apartments verf\u00fcgen \u00fcber ger\u00e4umige, m\u00f6blierte Balkone <\/b>\u2013 ideal zum Essen im Freien, zum Entspannen bei Sonnenuntergang oder einfach zum Genie\u00dfen der Meeresbrise. Jedes Apartment bietet au\u00dferdem ein <b>Wohnzimmer mit einer modernen, voll ausgestatteten K\u00fcchenzeile <\/b>, in der Sie Ihre Mahlzeiten ganz einfach zubereiten k\u00f6nnen. Um sonnige Tage optimal zu nutzen, bietet die Residence <b>optional einen privaten Strandservice <\/b>mit Sonnenschirmen, Liegen und Betreuung \u2013 nur wenige Schritte von der Unterkunft entfernt. In unmittelbarer N\u00e4he finden Sie Gesch\u00e4fte, Bars, Restaurants und Clubs f\u00fcr jeden Geschmack. Im Sommer pulsiert Martinsicuro mit Veranstaltungen, Konzerten, Abendm\u00e4rkten und traditionellen Festen wie dem Fischfest sowie Tanzabenden am Strand und auf dem Hauptplatz. Naturliebhaber k\u00f6nnen die <b>Rad- und Wanderwege entlang der K\u00fcste von Teramo genie\u00dfen <\/b>oder die nahegelegenen Naturparks der Abruzzen erkunden und Abenteuer und Nervenkitzel zwischen Meer und Bergen erleben.<\/p>\n","protected":false},"excerpt":{"rendered":"<p>Luxus, Komfort und pers\u00f6nlicher Service nur 50 Meter vom Meer entfernt : Das ist das exklusive Angebot der Villamar Residence in Martinsicuro . Die Anlage bietet verschiedene Unterk\u00fcnfte f\u00fcr einen angenehmen und erholsamen Aufenthalt f\u00fcr Paare, Familien oder Freunde: ein Apartment mit einem Schlafzimmer , zwei Apartments mit drei Schlafzimmern und ein Penthouse . Die [&hellip;]<\/p>\n","protected":false},"author":1,"featured_media":0,"parent":4611,"menu_order":0,"comment_status":"closed","ping_status":"closed","template":"page-templates\/scheda_hotel.php","meta":{"_acf_changed":false,"_et_pb_use_builder":"","_et_pb_old_content":"","_et_gb_content_width":"","inline_featured_image":false,"footnotes":""},"class_list":["post-4754","page","type-page","status-publish","hentry"],"acf":[],"yoast_head":"<!-- This site is optimized with the Yoast SEO plugin v27.1 - https:\/\/yoast.com\/product\/yoast-seo-wordpress\/ -->\n<title>Villamar-Residenz - Vivi Martinsicuro<\/title>\n<meta name=\"robots\" content=\"index, follow, max-snippet:-1, max-image-preview:large, max-video-preview:-1\" \/>\n<link rel=\"canonical\" href=\"https:\/\/www.vivimartinsicuro.it\/de\/unterkunft\/villamar-residence\/\" \/>\n<meta property=\"og:locale\" content=\"de_DE\" \/>\n<meta property=\"og:type\" content=\"article\" \/>\n<meta property=\"og:title\" content=\"Villamar-Residenz - Vivi Martinsicuro\" \/>\n<meta property=\"og:description\" content=\"Luxus, Komfort und pers\u00f6nlicher Service nur 50 Meter vom Meer entfernt : Das ist das exklusive Angebot der Villamar Residence in Martinsicuro . Die Anlage bietet verschiedene Unterk\u00fcnfte f\u00fcr einen angenehmen und erholsamen Aufenthalt f\u00fcr Paare, Familien oder Freunde: ein Apartment mit einem Schlafzimmer , zwei Apartments mit drei Schlafzimmern und ein Penthouse . Die [&hellip;]\" \/>\n<meta property=\"og:url\" content=\"https:\/\/www.vivimartinsicuro.it\/de\/unterkunft\/villamar-residence\/\" \/>\n<meta property=\"og:site_name\" content=\"Vivi Martinsicuro\" \/>\n<meta property=\"article:modified_time\" content=\"2026-04-02T11:56:32+00:00\" \/>\n<meta name=\"twitter:card\" content=\"summary_large_image\" \/>\n<meta name=\"twitter:label1\" content=\"Gesch\u00e4tzte Lesezeit\" \/>\n\t<meta name=\"twitter:data1\" content=\"1\u00a0Minute\" \/>\n<script type=\"application\/ld+json\" class=\"yoast-schema-graph\">{\"@context\":\"https:\/\/schema.org\",\"@graph\":[{\"@type\":\"WebPage\",\"@id\":\"https:\/\/www.vivimartinsicuro.it\/de\/unterkunft\/villamar-residence\/\",\"url\":\"https:\/\/www.vivimartinsicuro.it\/de\/unterkunft\/villamar-residence\/\",\"name\":\"Villamar-Residenz - Vivi Martinsicuro\",\"isPartOf\":{\"@id\":\"https:\/\/www.vivimartinsicuro.it\/#website\"},\"datePublished\":\"2025-06-04T07:41:06+00:00\",\"dateModified\":\"2026-04-02T11:56:32+00:00\",\"breadcrumb\":{\"@id\":\"https:\/\/www.vivimartinsicuro.it\/de\/unterkunft\/villamar-residence\/#breadcrumb\"},\"inLanguage\":\"de\",\"potentialAction\":[{\"@type\":\"ReadAction\",\"target\":[\"https:\/\/www.vivimartinsicuro.it\/de\/unterkunft\/villamar-residence\/\"]}]},{\"@type\":\"BreadcrumbList\",\"@id\":\"https:\/\/www.vivimartinsicuro.it\/de\/unterkunft\/villamar-residence\/#breadcrumb\",\"itemListElement\":[{\"@type\":\"ListItem\",\"position\":1,\"name\":\"Home\",\"item\":\"https:\/\/www.vivimartinsicuro.it\/de\/\"},{\"@type\":\"ListItem\",\"position\":2,\"name\":\"Geh\u00e4use\",\"item\":\"https:\/\/www.vivimartinsicuro.it\/de\/unterkunft\/\"},{\"@type\":\"ListItem\",\"position\":3,\"name\":\"Villamar-Residenz\"}]},{\"@type\":\"WebSite\",\"@id\":\"https:\/\/www.vivimartinsicuro.it\/#website\",\"url\":\"https:\/\/www.vivimartinsicuro.it\/\",\"name\":\"Vivi Martinsicuro\",\"description\":\"Il portale turistico della Porta d&#039;Abruzzo\",\"potentialAction\":[{\"@type\":\"SearchAction\",\"target\":{\"@type\":\"EntryPoint\",\"urlTemplate\":\"https:\/\/www.vivimartinsicuro.it\/?s={search_term_string}\"},\"query-input\":{\"@type\":\"PropertyValueSpecification\",\"valueRequired\":true,\"valueName\":\"search_term_string\"}}],\"inLanguage\":\"de\"}]}<\/script>\n<!-- \/ Yoast SEO plugin. -->","yoast_head_json":{"title":"Villamar-Residenz - Vivi Martinsicuro","robots":{"index":"index","follow":"follow","max-snippet":"max-snippet:-1","max-image-preview":"max-image-preview:large","max-video-preview":"max-video-preview:-1"},"canonical":"https:\/\/www.vivimartinsicuro.it\/de\/unterkunft\/villamar-residence\/","og_locale":"de_DE","og_type":"article","og_title":"Villamar-Residenz - Vivi Martinsicuro","og_description":"Luxus, Komfort und pers\u00f6nlicher Service nur 50 Meter vom Meer entfernt : Das ist das exklusive Angebot der Villamar Residence in Martinsicuro . Die Anlage bietet verschiedene Unterk\u00fcnfte f\u00fcr einen angenehmen und erholsamen Aufenthalt f\u00fcr Paare, Familien oder Freunde: ein Apartment mit einem Schlafzimmer , zwei Apartments mit drei Schlafzimmern und ein Penthouse . Die [&hellip;]","og_url":"https:\/\/www.vivimartinsicuro.it\/de\/unterkunft\/villamar-residence\/","og_site_name":"Vivi Martinsicuro","article_modified_time":"2026-04-02T11:56:32+00:00","twitter_card":"summary_large_image","twitter_misc":{"Gesch\u00e4tzte Lesezeit":"1\u00a0Minute"},"schema":{"@context":"https:\/\/schema.org","@graph":[{"@type":"WebPage","@id":"https:\/\/www.vivimartinsicuro.it\/de\/unterkunft\/villamar-residence\/","url":"https:\/\/www.vivimartinsicuro.it\/de\/unterkunft\/villamar-residence\/","name":"Villamar-Residenz - Vivi Martinsicuro","isPartOf":{"@id":"https:\/\/www.vivimartinsicuro.it\/#website"},"datePublished":"2025-06-04T07:41:06+00:00","dateModified":"2026-04-02T11:56:32+00:00","breadcrumb":{"@id":"https:\/\/www.vivimartinsicuro.it\/de\/unterkunft\/villamar-residence\/#breadcrumb"},"inLanguage":"de","potentialAction":[{"@type":"ReadAction","target":["https:\/\/www.vivimartinsicuro.it\/de\/unterkunft\/villamar-residence\/"]}]},{"@type":"BreadcrumbList","@id":"https:\/\/www.vivimartinsicuro.it\/de\/unterkunft\/villamar-residence\/#breadcrumb","itemListElement":[{"@type":"ListItem","position":1,"name":"Home","item":"https:\/\/www.vivimartinsicuro.it\/de\/"},{"@type":"ListItem","position":2,"name":"Geh\u00e4use","item":"https:\/\/www.vivimartinsicuro.it\/de\/unterkunft\/"},{"@type":"ListItem","position":3,"name":"Villamar-Residenz"}]},{"@type":"WebSite","@id":"https:\/\/www.vivimartinsicuro.it\/#website","url":"https:\/\/www.vivimartinsicuro.it\/","name":"Vivi Martinsicuro","description":"Il portale turistico della Porta d&#039;Abruzzo","potentialAction":[{"@type":"SearchAction","target":{"@type":"EntryPoint","urlTemplate":"https:\/\/www.vivimartinsicuro.it\/?s={search_term_string}"},"query-input":{"@type":"PropertyValueSpecification","valueRequired":true,"valueName":"search_term_string"}}],"inLanguage":"de"}]}},"_links":{"self":[{"href":"https:\/\/www.vivimartinsicuro.it\/de\/wp-json\/wp\/v2\/pages\/4754","targetHints":{"allow":["GET"]}}],"collection":[{"href":"https:\/\/www.vivimartinsicuro.it\/de\/wp-json\/wp\/v2\/pages"}],"about":[{"href":"https:\/\/www.vivimartinsicuro.it\/de\/wp-json\/wp\/v2\/types\/page"}],"author":[{"embeddable":true,"href":"https:\/\/www.vivimartinsicuro.it\/de\/wp-json\/wp\/v2\/users\/1"}],"replies":[{"embeddable":true,"href":"https:\/\/www.vivimartinsicuro.it\/de\/wp-json\/wp\/v2\/comments?post=4754"}],"version-history":[{"count":4,"href":"https:\/\/www.vivimartinsicuro.it\/de\/wp-json\/wp\/v2\/pages\/4754\/revisions"}],"predecessor-version":[{"id":9282,"href":"https:\/\/www.vivimartinsicuro.it\/de\/wp-json\/wp\/v2\/pages\/4754\/revisions\/9282"}],"up":[{"embeddable":true,"href":"https:\/\/www.vivimartinsicuro.it\/de\/wp-json\/wp\/v2\/pages\/4611"}],"wp:attachment":[{"href":"https:\/\/www.vivimartinsicuro.it\/de\/wp-json\/wp\/v2\/media?parent=4754"}],"curies":[{"name":"wp","href":"https:\/\/api.w.org\/{rel}","templated":true}]}}