{"id":4757,"date":"2025-06-04T09:42:21","date_gmt":"2025-06-04T07:42:21","guid":{"rendered":"http:\/\/www.vivimartinsicuro.it\/alloggi\/residence-astro-marino\/"},"modified":"2026-02-04T09:29:47","modified_gmt":"2026-02-04T08:29:47","slug":"residence-astro-marino","status":"publish","type":"page","link":"https:\/\/www.vivimartinsicuro.it\/de\/unterkunft\/residence-astro-marino\/","title":{"rendered":"Residence Astro Marino"},"content":{"rendered":"\n<p>Meer, Natur und Entspannung: Ihr Urlaub an der Adria beginnt hier! Die <b>Residence Astro Marino erwartet Sie in Martinsicuro<\/b>, in einer ruhigen Gegend, nur 5 Minuten vom Stadtzentrum entfernt. Ein Ort, an dem Sie sich wie zu Hause f\u00fchlen, aber mit allem Komfort eines <b>Urlaubs und nur wenige Schritte vom Strand entfernt<\/b>. Es stehen Ihnen komfortable, helle und neu gebaute <b>Ein- und Zweizimmerwohnungen <\/b>mit ger\u00e4umigen Balkonen zur Verf\u00fcgung, auf denen auch <b>Ihre Haustiere willkommen sind<\/b>. Jede Unterkunft ist komplett ausgestattet, f\u00fcr Menschen mit Behinderungen zug\u00e4nglich und verf\u00fcgt \u00fcber Klimaanlage, Heizung, TV und WLAN. Die Residence ist <b>ganzj\u00e4hrig ge\u00f6ffnet <\/b>und bietet ihren G\u00e4sten eine Rezeption, einen internen Parkplatz und kostenloses WLAN im gesamten Geb\u00e4ude. Ganz in der N\u00e4he der Anlage <b>befindet sich der Privatstrand der Residenz<\/b>, <b>Bagni Acquamarino<\/b>. Das Meer ist klar und sauber, mit flachem, sandigem Meeresgrund, ideal zum Schwimmen und f\u00fcr Wassersport. <b>Martinsicuro ist ein angenehmer Badeort <\/b>mit einem langen Strand, der in einen \u00fcberwiegend flachen und sandigen K\u00fcstenabschnitt eingebettet ist. Die Lage ist ideal, um die vielen Sch\u00f6nheiten der Region zu erkunden: von der imposanten Festung von <b>Civitella del Tronto <\/b>\u00fcber die lebhafte Strandpromenade von <b>San Benedetto del Tronto <\/b>bis hin zu den herrlichen Berglandschaften des <b>Nationalparks Gran Sasso<\/b>.<\/p>\n","protected":false},"excerpt":{"rendered":"<p>Meer, Natur und Entspannung: Ihr Urlaub an der Adria beginnt hier! Die Residence Astro Marino erwartet Sie in Martinsicuro, in einer ruhigen Gegend, nur 5 Minuten vom Stadtzentrum entfernt. Ein Ort, an dem Sie sich wie zu Hause f\u00fchlen, aber mit allem Komfort eines Urlaubs und nur wenige Schritte vom Strand entfernt. Es stehen Ihnen [&hellip;]<\/p>\n","protected":false},"author":1,"featured_media":0,"parent":4611,"menu_order":0,"comment_status":"closed","ping_status":"closed","template":"page-templates\/scheda_hotel.php","meta":{"_acf_changed":false,"_et_pb_use_builder":"","_et_pb_old_content":"","_et_gb_content_width":"","inline_featured_image":false,"footnotes":""},"class_list":["post-4757","page","type-page","status-publish","hentry"],"acf":[],"yoast_head":"<!-- This site is optimized with the Yoast SEO plugin v27.1 - https:\/\/yoast.com\/product\/yoast-seo-wordpress\/ -->\n<title>Residence Astro Marino - Vivi Martinsicuro<\/title>\n<meta name=\"robots\" content=\"index, follow, max-snippet:-1, max-image-preview:large, max-video-preview:-1\" \/>\n<link rel=\"canonical\" href=\"https:\/\/www.vivimartinsicuro.it\/de\/unterkunft\/residence-astro-marino\/\" \/>\n<meta property=\"og:locale\" content=\"de_DE\" \/>\n<meta property=\"og:type\" content=\"article\" \/>\n<meta property=\"og:title\" content=\"Residence Astro Marino - Vivi Martinsicuro\" \/>\n<meta property=\"og:description\" content=\"Meer, Natur und Entspannung: Ihr Urlaub an der Adria beginnt hier! Die Residence Astro Marino erwartet Sie in Martinsicuro, in einer ruhigen Gegend, nur 5 Minuten vom Stadtzentrum entfernt. Ein Ort, an dem Sie sich wie zu Hause f\u00fchlen, aber mit allem Komfort eines Urlaubs und nur wenige Schritte vom Strand entfernt. Es stehen Ihnen [&hellip;]\" \/>\n<meta property=\"og:url\" content=\"https:\/\/www.vivimartinsicuro.it\/de\/unterkunft\/residence-astro-marino\/\" \/>\n<meta property=\"og:site_name\" content=\"Vivi Martinsicuro\" \/>\n<meta property=\"article:modified_time\" content=\"2026-02-04T08:29:47+00:00\" \/>\n<meta name=\"twitter:card\" content=\"summary_large_image\" \/>\n<meta name=\"twitter:label1\" content=\"Gesch\u00e4tzte Lesezeit\" \/>\n\t<meta name=\"twitter:data1\" content=\"1\u00a0Minute\" \/>\n<script type=\"application\/ld+json\" class=\"yoast-schema-graph\">{\"@context\":\"https:\/\/schema.org\",\"@graph\":[{\"@type\":\"WebPage\",\"@id\":\"https:\/\/www.vivimartinsicuro.it\/de\/unterkunft\/residence-astro-marino\/\",\"url\":\"https:\/\/www.vivimartinsicuro.it\/de\/unterkunft\/residence-astro-marino\/\",\"name\":\"Residence Astro Marino - Vivi Martinsicuro\",\"isPartOf\":{\"@id\":\"https:\/\/www.vivimartinsicuro.it\/#website\"},\"datePublished\":\"2025-06-04T07:42:21+00:00\",\"dateModified\":\"2026-02-04T08:29:47+00:00\",\"breadcrumb\":{\"@id\":\"https:\/\/www.vivimartinsicuro.it\/de\/unterkunft\/residence-astro-marino\/#breadcrumb\"},\"inLanguage\":\"de\",\"potentialAction\":[{\"@type\":\"ReadAction\",\"target\":[\"https:\/\/www.vivimartinsicuro.it\/de\/unterkunft\/residence-astro-marino\/\"]}]},{\"@type\":\"BreadcrumbList\",\"@id\":\"https:\/\/www.vivimartinsicuro.it\/de\/unterkunft\/residence-astro-marino\/#breadcrumb\",\"itemListElement\":[{\"@type\":\"ListItem\",\"position\":1,\"name\":\"Home\",\"item\":\"https:\/\/www.vivimartinsicuro.it\/de\/\"},{\"@type\":\"ListItem\",\"position\":2,\"name\":\"Geh\u00e4use\",\"item\":\"https:\/\/www.vivimartinsicuro.it\/de\/unterkunft\/\"},{\"@type\":\"ListItem\",\"position\":3,\"name\":\"Residence Astro Marino\"}]},{\"@type\":\"WebSite\",\"@id\":\"https:\/\/www.vivimartinsicuro.it\/#website\",\"url\":\"https:\/\/www.vivimartinsicuro.it\/\",\"name\":\"Vivi Martinsicuro\",\"description\":\"Il portale turistico della Porta d&#039;Abruzzo\",\"potentialAction\":[{\"@type\":\"SearchAction\",\"target\":{\"@type\":\"EntryPoint\",\"urlTemplate\":\"https:\/\/www.vivimartinsicuro.it\/?s={search_term_string}\"},\"query-input\":{\"@type\":\"PropertyValueSpecification\",\"valueRequired\":true,\"valueName\":\"search_term_string\"}}],\"inLanguage\":\"de\"}]}<\/script>\n<!-- \/ Yoast SEO plugin. -->","yoast_head_json":{"title":"Residence Astro Marino - Vivi Martinsicuro","robots":{"index":"index","follow":"follow","max-snippet":"max-snippet:-1","max-image-preview":"max-image-preview:large","max-video-preview":"max-video-preview:-1"},"canonical":"https:\/\/www.vivimartinsicuro.it\/de\/unterkunft\/residence-astro-marino\/","og_locale":"de_DE","og_type":"article","og_title":"Residence Astro Marino - Vivi Martinsicuro","og_description":"Meer, Natur und Entspannung: Ihr Urlaub an der Adria beginnt hier! Die Residence Astro Marino erwartet Sie in Martinsicuro, in einer ruhigen Gegend, nur 5 Minuten vom Stadtzentrum entfernt. Ein Ort, an dem Sie sich wie zu Hause f\u00fchlen, aber mit allem Komfort eines Urlaubs und nur wenige Schritte vom Strand entfernt. Es stehen Ihnen [&hellip;]","og_url":"https:\/\/www.vivimartinsicuro.it\/de\/unterkunft\/residence-astro-marino\/","og_site_name":"Vivi Martinsicuro","article_modified_time":"2026-02-04T08:29:47+00:00","twitter_card":"summary_large_image","twitter_misc":{"Gesch\u00e4tzte Lesezeit":"1\u00a0Minute"},"schema":{"@context":"https:\/\/schema.org","@graph":[{"@type":"WebPage","@id":"https:\/\/www.vivimartinsicuro.it\/de\/unterkunft\/residence-astro-marino\/","url":"https:\/\/www.vivimartinsicuro.it\/de\/unterkunft\/residence-astro-marino\/","name":"Residence Astro Marino - Vivi Martinsicuro","isPartOf":{"@id":"https:\/\/www.vivimartinsicuro.it\/#website"},"datePublished":"2025-06-04T07:42:21+00:00","dateModified":"2026-02-04T08:29:47+00:00","breadcrumb":{"@id":"https:\/\/www.vivimartinsicuro.it\/de\/unterkunft\/residence-astro-marino\/#breadcrumb"},"inLanguage":"de","potentialAction":[{"@type":"ReadAction","target":["https:\/\/www.vivimartinsicuro.it\/de\/unterkunft\/residence-astro-marino\/"]}]},{"@type":"BreadcrumbList","@id":"https:\/\/www.vivimartinsicuro.it\/de\/unterkunft\/residence-astro-marino\/#breadcrumb","itemListElement":[{"@type":"ListItem","position":1,"name":"Home","item":"https:\/\/www.vivimartinsicuro.it\/de\/"},{"@type":"ListItem","position":2,"name":"Geh\u00e4use","item":"https:\/\/www.vivimartinsicuro.it\/de\/unterkunft\/"},{"@type":"ListItem","position":3,"name":"Residence Astro Marino"}]},{"@type":"WebSite","@id":"https:\/\/www.vivimartinsicuro.it\/#website","url":"https:\/\/www.vivimartinsicuro.it\/","name":"Vivi Martinsicuro","description":"Il portale turistico della Porta d&#039;Abruzzo","potentialAction":[{"@type":"SearchAction","target":{"@type":"EntryPoint","urlTemplate":"https:\/\/www.vivimartinsicuro.it\/?s={search_term_string}"},"query-input":{"@type":"PropertyValueSpecification","valueRequired":true,"valueName":"search_term_string"}}],"inLanguage":"de"}]}},"_links":{"self":[{"href":"https:\/\/www.vivimartinsicuro.it\/de\/wp-json\/wp\/v2\/pages\/4757","targetHints":{"allow":["GET"]}}],"collection":[{"href":"https:\/\/www.vivimartinsicuro.it\/de\/wp-json\/wp\/v2\/pages"}],"about":[{"href":"https:\/\/www.vivimartinsicuro.it\/de\/wp-json\/wp\/v2\/types\/page"}],"author":[{"embeddable":true,"href":"https:\/\/www.vivimartinsicuro.it\/de\/wp-json\/wp\/v2\/users\/1"}],"replies":[{"embeddable":true,"href":"https:\/\/www.vivimartinsicuro.it\/de\/wp-json\/wp\/v2\/comments?post=4757"}],"version-history":[{"count":2,"href":"https:\/\/www.vivimartinsicuro.it\/de\/wp-json\/wp\/v2\/pages\/4757\/revisions"}],"predecessor-version":[{"id":8742,"href":"https:\/\/www.vivimartinsicuro.it\/de\/wp-json\/wp\/v2\/pages\/4757\/revisions\/8742"}],"up":[{"embeddable":true,"href":"https:\/\/www.vivimartinsicuro.it\/de\/wp-json\/wp\/v2\/pages\/4611"}],"wp:attachment":[{"href":"https:\/\/www.vivimartinsicuro.it\/de\/wp-json\/wp\/v2\/media?parent=4757"}],"curies":[{"name":"wp","href":"https:\/\/api.w.org\/{rel}","templated":true}]}}