{"id":4763,"date":"2025-06-04T09:44:22","date_gmt":"2025-06-04T07:44:22","guid":{"rendered":"http:\/\/www.vivimartinsicuro.it\/alloggi\/residence-il-casale\/"},"modified":"2026-02-04T09:29:48","modified_gmt":"2026-02-04T08:29:48","slug":"residence-il-casale","status":"publish","type":"page","link":"https:\/\/www.vivimartinsicuro.it\/de\/unterkunft\/residence-il-casale\/","title":{"rendered":"Residence Il Casale"},"content":{"rendered":"\n<p>Willkommen in <b>der Residence Il Casale in Villa Rosa di Martinsicuro<\/b>, dem perfekten Ort f\u00fcr alle, die einen Urlaub im Zeichen der Freiheit in einer famili\u00e4ren, einladenden und entspannten Atmosph\u00e4re verbringen m\u00f6chten. Die geschmackvoll eingerichteten und vom Feng Shui inspirierten Apartments befinden sich in strategisch <b>g\u00fcnstiger<\/b> Lage, <b>nur wenige Schritte vom Privatstrand <\/b>und in unmittelbarer N\u00e4he von Gesch\u00e4ften und Lokalen. Il Casale <b>ist ganzj\u00e4hrig ge\u00f6ffnet <\/b>und <b>hei\u00dft Familien mit kleinen Kindern<\/b>, denen ein sch\u00f6ner Spielplatz zur Verf\u00fcgung steht, <b>mit offenen Armen willkommen<\/b>. Auch <b>vierbeinige Freunde sind willkommen<\/b>, um jeden Moment des Urlaubs mit ihnen zu teilen. Das Restaurant der Residenz bietet ein gesch\u00e4tztes und neuartiges gastronomisches Erlebnis, das <b>lokale Spezialit\u00e4ten mit Sushi <\/b>kombiniert. Nur 500 Meter vom Strand entfernt und in der N\u00e4he des Ortszentrums gelegen, bietet Il Casale im Sommer einen komfortablen Zusatzservice: <b>Sonnenschirme und Liegen an seinem Strandbad, dem Casale Beach<\/b>. Martinsicuro ist ein angenehmer K\u00fcstenort mit ruhigen Str\u00e4nden und sauberem Meer. <b>Die Residenz befindet sich in einer g\u00fcnstigen Lage, um malerische Orte <\/b>wie Alba Adriatica, Tortoreto, Giulianova, Pineto und Silvi <b>zu besuchen<\/b>, die alle durch einen <b>reizvollen Radweg entlang der K\u00fcste <\/b>miteinander verbunden sind. Sie ist auch ein ausgezeichneter Ausgangspunkt, um die Sehensw\u00fcrdigkeiten der Region zu entdecken: das mittelalterliche Dorf Grottammare, die Festung Civitella del Tronto, Pineto im Naturschutzgebiet Torre del Cerrano und die eindrucksvollen Calanchi di Atri, ein Muss f\u00fcr jeden, der die Abruzzen besucht.<\/p>\n","protected":false},"excerpt":{"rendered":"<p>Willkommen in der Residence Il Casale in Villa Rosa di Martinsicuro, dem perfekten Ort f\u00fcr alle, die einen Urlaub im Zeichen der Freiheit in einer famili\u00e4ren, einladenden und entspannten Atmosph\u00e4re verbringen m\u00f6chten. Die geschmackvoll eingerichteten und vom Feng Shui inspirierten Apartments befinden sich in strategisch g\u00fcnstiger Lage, nur wenige Schritte vom Privatstrand und in unmittelbarer [&hellip;]<\/p>\n","protected":false},"author":1,"featured_media":0,"parent":4611,"menu_order":0,"comment_status":"closed","ping_status":"closed","template":"page-templates\/scheda_hotel.php","meta":{"_acf_changed":false,"_et_pb_use_builder":"","_et_pb_old_content":"","_et_gb_content_width":"","inline_featured_image":false,"footnotes":""},"class_list":["post-4763","page","type-page","status-publish","hentry"],"acf":[],"yoast_head":"<!-- This site is optimized with the Yoast SEO plugin v27.1 - https:\/\/yoast.com\/product\/yoast-seo-wordpress\/ -->\n<title>Residence Il Casale - Vivi Martinsicuro<\/title>\n<meta name=\"robots\" content=\"index, follow, max-snippet:-1, max-image-preview:large, max-video-preview:-1\" \/>\n<link rel=\"canonical\" href=\"https:\/\/www.vivimartinsicuro.it\/de\/unterkunft\/residence-il-casale\/\" \/>\n<meta property=\"og:locale\" content=\"de_DE\" \/>\n<meta property=\"og:type\" content=\"article\" \/>\n<meta property=\"og:title\" content=\"Residence Il Casale - Vivi Martinsicuro\" \/>\n<meta property=\"og:description\" content=\"Willkommen in der Residence Il Casale in Villa Rosa di Martinsicuro, dem perfekten Ort f\u00fcr alle, die einen Urlaub im Zeichen der Freiheit in einer famili\u00e4ren, einladenden und entspannten Atmosph\u00e4re verbringen m\u00f6chten. Die geschmackvoll eingerichteten und vom Feng Shui inspirierten Apartments befinden sich in strategisch g\u00fcnstiger Lage, nur wenige Schritte vom Privatstrand und in unmittelbarer [&hellip;]\" \/>\n<meta property=\"og:url\" content=\"https:\/\/www.vivimartinsicuro.it\/de\/unterkunft\/residence-il-casale\/\" \/>\n<meta property=\"og:site_name\" content=\"Vivi Martinsicuro\" \/>\n<meta property=\"article:modified_time\" content=\"2026-02-04T08:29:48+00:00\" \/>\n<meta name=\"twitter:card\" content=\"summary_large_image\" \/>\n<meta name=\"twitter:label1\" content=\"Gesch\u00e4tzte Lesezeit\" \/>\n\t<meta name=\"twitter:data1\" content=\"1\u00a0Minute\" \/>\n<script type=\"application\/ld+json\" class=\"yoast-schema-graph\">{\"@context\":\"https:\/\/schema.org\",\"@graph\":[{\"@type\":\"WebPage\",\"@id\":\"https:\/\/www.vivimartinsicuro.it\/de\/unterkunft\/residence-il-casale\/\",\"url\":\"https:\/\/www.vivimartinsicuro.it\/de\/unterkunft\/residence-il-casale\/\",\"name\":\"Residence Il Casale - Vivi Martinsicuro\",\"isPartOf\":{\"@id\":\"https:\/\/www.vivimartinsicuro.it\/#website\"},\"datePublished\":\"2025-06-04T07:44:22+00:00\",\"dateModified\":\"2026-02-04T08:29:48+00:00\",\"breadcrumb\":{\"@id\":\"https:\/\/www.vivimartinsicuro.it\/de\/unterkunft\/residence-il-casale\/#breadcrumb\"},\"inLanguage\":\"de\",\"potentialAction\":[{\"@type\":\"ReadAction\",\"target\":[\"https:\/\/www.vivimartinsicuro.it\/de\/unterkunft\/residence-il-casale\/\"]}]},{\"@type\":\"BreadcrumbList\",\"@id\":\"https:\/\/www.vivimartinsicuro.it\/de\/unterkunft\/residence-il-casale\/#breadcrumb\",\"itemListElement\":[{\"@type\":\"ListItem\",\"position\":1,\"name\":\"Home\",\"item\":\"https:\/\/www.vivimartinsicuro.it\/de\/\"},{\"@type\":\"ListItem\",\"position\":2,\"name\":\"Geh\u00e4use\",\"item\":\"https:\/\/www.vivimartinsicuro.it\/de\/unterkunft\/\"},{\"@type\":\"ListItem\",\"position\":3,\"name\":\"Residence Il Casale\"}]},{\"@type\":\"WebSite\",\"@id\":\"https:\/\/www.vivimartinsicuro.it\/#website\",\"url\":\"https:\/\/www.vivimartinsicuro.it\/\",\"name\":\"Vivi Martinsicuro\",\"description\":\"Il portale turistico della Porta d&#039;Abruzzo\",\"potentialAction\":[{\"@type\":\"SearchAction\",\"target\":{\"@type\":\"EntryPoint\",\"urlTemplate\":\"https:\/\/www.vivimartinsicuro.it\/?s={search_term_string}\"},\"query-input\":{\"@type\":\"PropertyValueSpecification\",\"valueRequired\":true,\"valueName\":\"search_term_string\"}}],\"inLanguage\":\"de\"}]}<\/script>\n<!-- \/ Yoast SEO plugin. -->","yoast_head_json":{"title":"Residence Il Casale - Vivi Martinsicuro","robots":{"index":"index","follow":"follow","max-snippet":"max-snippet:-1","max-image-preview":"max-image-preview:large","max-video-preview":"max-video-preview:-1"},"canonical":"https:\/\/www.vivimartinsicuro.it\/de\/unterkunft\/residence-il-casale\/","og_locale":"de_DE","og_type":"article","og_title":"Residence Il Casale - Vivi Martinsicuro","og_description":"Willkommen in der Residence Il Casale in Villa Rosa di Martinsicuro, dem perfekten Ort f\u00fcr alle, die einen Urlaub im Zeichen der Freiheit in einer famili\u00e4ren, einladenden und entspannten Atmosph\u00e4re verbringen m\u00f6chten. Die geschmackvoll eingerichteten und vom Feng Shui inspirierten Apartments befinden sich in strategisch g\u00fcnstiger Lage, nur wenige Schritte vom Privatstrand und in unmittelbarer [&hellip;]","og_url":"https:\/\/www.vivimartinsicuro.it\/de\/unterkunft\/residence-il-casale\/","og_site_name":"Vivi Martinsicuro","article_modified_time":"2026-02-04T08:29:48+00:00","twitter_card":"summary_large_image","twitter_misc":{"Gesch\u00e4tzte Lesezeit":"1\u00a0Minute"},"schema":{"@context":"https:\/\/schema.org","@graph":[{"@type":"WebPage","@id":"https:\/\/www.vivimartinsicuro.it\/de\/unterkunft\/residence-il-casale\/","url":"https:\/\/www.vivimartinsicuro.it\/de\/unterkunft\/residence-il-casale\/","name":"Residence Il Casale - Vivi Martinsicuro","isPartOf":{"@id":"https:\/\/www.vivimartinsicuro.it\/#website"},"datePublished":"2025-06-04T07:44:22+00:00","dateModified":"2026-02-04T08:29:48+00:00","breadcrumb":{"@id":"https:\/\/www.vivimartinsicuro.it\/de\/unterkunft\/residence-il-casale\/#breadcrumb"},"inLanguage":"de","potentialAction":[{"@type":"ReadAction","target":["https:\/\/www.vivimartinsicuro.it\/de\/unterkunft\/residence-il-casale\/"]}]},{"@type":"BreadcrumbList","@id":"https:\/\/www.vivimartinsicuro.it\/de\/unterkunft\/residence-il-casale\/#breadcrumb","itemListElement":[{"@type":"ListItem","position":1,"name":"Home","item":"https:\/\/www.vivimartinsicuro.it\/de\/"},{"@type":"ListItem","position":2,"name":"Geh\u00e4use","item":"https:\/\/www.vivimartinsicuro.it\/de\/unterkunft\/"},{"@type":"ListItem","position":3,"name":"Residence Il Casale"}]},{"@type":"WebSite","@id":"https:\/\/www.vivimartinsicuro.it\/#website","url":"https:\/\/www.vivimartinsicuro.it\/","name":"Vivi Martinsicuro","description":"Il portale turistico della Porta d&#039;Abruzzo","potentialAction":[{"@type":"SearchAction","target":{"@type":"EntryPoint","urlTemplate":"https:\/\/www.vivimartinsicuro.it\/?s={search_term_string}"},"query-input":{"@type":"PropertyValueSpecification","valueRequired":true,"valueName":"search_term_string"}}],"inLanguage":"de"}]}},"_links":{"self":[{"href":"https:\/\/www.vivimartinsicuro.it\/de\/wp-json\/wp\/v2\/pages\/4763","targetHints":{"allow":["GET"]}}],"collection":[{"href":"https:\/\/www.vivimartinsicuro.it\/de\/wp-json\/wp\/v2\/pages"}],"about":[{"href":"https:\/\/www.vivimartinsicuro.it\/de\/wp-json\/wp\/v2\/types\/page"}],"author":[{"embeddable":true,"href":"https:\/\/www.vivimartinsicuro.it\/de\/wp-json\/wp\/v2\/users\/1"}],"replies":[{"embeddable":true,"href":"https:\/\/www.vivimartinsicuro.it\/de\/wp-json\/wp\/v2\/comments?post=4763"}],"version-history":[{"count":2,"href":"https:\/\/www.vivimartinsicuro.it\/de\/wp-json\/wp\/v2\/pages\/4763\/revisions"}],"predecessor-version":[{"id":8743,"href":"https:\/\/www.vivimartinsicuro.it\/de\/wp-json\/wp\/v2\/pages\/4763\/revisions\/8743"}],"up":[{"embeddable":true,"href":"https:\/\/www.vivimartinsicuro.it\/de\/wp-json\/wp\/v2\/pages\/4611"}],"wp:attachment":[{"href":"https:\/\/www.vivimartinsicuro.it\/de\/wp-json\/wp\/v2\/media?parent=4763"}],"curies":[{"name":"wp","href":"https:\/\/api.w.org\/{rel}","templated":true}]}}