{"id":5977,"date":"2025-06-12T14:47:34","date_gmt":"2025-06-12T12:47:34","guid":{"rendered":"http:\/\/www.vivimartinsicuro.it\/unterkunft\/hotel-maxims\/"},"modified":"2026-02-04T09:29:50","modified_gmt":"2026-02-04T08:29:50","slug":"hotel-maxims","status":"publish","type":"page","link":"https:\/\/www.vivimartinsicuro.it\/de\/unterkunft\/hotel-maxims\/","title":{"rendered":"Hotel Maxim&#8217;s"},"content":{"rendered":"\n<p>In der wundersch\u00f6nen Umgebung der Adriak\u00fcste, direkt am Meer gelegen, empf\u00e4ngt <b>das Hotel Maxim&#039;s in Villa Rosa di Martinsicuro <\/b>seine G\u00e4ste mit allen Dienstleistungen und Annehmlichkeiten f\u00fcr einen angenehmen und erholsamen Aufenthalt. Der <b>gro\u00dfe Garten <\/b>mit seinen jahrhundertealten Palmen beherbergt <b>Swimmingpools <\/b>mit Wasserspielen, einen <b>Solariumbereich<\/b>, eine <b>American Bar <\/b>am Pool, Tischtennisplatten und Freizeitbereiche. Den G\u00e4sten stehen auch ein <b>bequemer Parkplatz <\/b>und ein <b>Privatstrand, <\/b>das Chalet Maxim&#039;s, mit einer Kiosk-Bar mit Umkleidekabinen und Sanit\u00e4ranlagen zur Verf\u00fcgung, wo abends Partys und Tanzveranstaltungen organisiert werden. Das reichhaltige <b>Animationsprogramm <\/b>bietet t\u00e4glich Aktivit\u00e4ten f\u00fcr alle Altersgruppen. Von Muskeltraining am Strand \u00fcber Sportturniere, Wassergymnastik- und Zumba-Kurse bis hin zu Themenabenden. F\u00fcr Kinder ab 4 Jahren gibt es einen Miniclub, sowohl am Strand als auch im Hotel, mit Spielen, Miniturnieren im Pool, Freizeitaktivit\u00e4ten und abendlichem Baby-Tanz! Das Hotel Maxim&#039;s liegt in einer <b>ruhigen Gegend von Villa Rosa <\/b>und ist von feinen Sandstr\u00e4nden und einem mit der Blauen Flagge ausgezeichneten Meer umgeben. Die Umgebung ist reich an historischen D\u00f6rfern, Kunstst\u00e4dten, Naturparks und Routen zwischen Meer und Bergen. Um die K\u00fcste zu erkunden, k\u00f6nnen Sie den malerischen 30 km langen Radweg entlangfahren, der bis nach Roseto degli Abruzzi f\u00fchrt.<\/p>\n","protected":false},"excerpt":{"rendered":"<p>In der wundersch\u00f6nen Umgebung der Adriak\u00fcste, direkt am Meer gelegen, empf\u00e4ngt das Hotel Maxim&#039;s in Villa Rosa di Martinsicuro seine G\u00e4ste mit allen Dienstleistungen und Annehmlichkeiten f\u00fcr einen angenehmen und erholsamen Aufenthalt. Der gro\u00dfe Garten mit seinen jahrhundertealten Palmen beherbergt Swimmingpools mit Wasserspielen, einen Solariumbereich, eine American Bar am Pool, Tischtennisplatten und Freizeitbereiche. Den G\u00e4sten [&hellip;]<\/p>\n","protected":false},"author":1,"featured_media":0,"parent":4611,"menu_order":0,"comment_status":"closed","ping_status":"closed","template":"page-templates\/scheda_hotel.php","meta":{"_acf_changed":false,"_et_pb_use_builder":"","_et_pb_old_content":"","_et_gb_content_width":"","inline_featured_image":false,"footnotes":""},"class_list":["post-5977","page","type-page","status-publish","hentry"],"acf":[],"yoast_head":"<!-- This site is optimized with the Yoast SEO plugin v27.1 - https:\/\/yoast.com\/product\/yoast-seo-wordpress\/ -->\n<title>Hotel Maxim&#039;s - Vivi Martinsicuro<\/title>\n<meta name=\"robots\" content=\"index, follow, max-snippet:-1, max-image-preview:large, max-video-preview:-1\" \/>\n<link rel=\"canonical\" href=\"https:\/\/www.vivimartinsicuro.it\/de\/unterkunft\/hotel-maxims\/\" \/>\n<meta property=\"og:locale\" content=\"de_DE\" \/>\n<meta property=\"og:type\" content=\"article\" \/>\n<meta property=\"og:title\" content=\"Hotel Maxim&#039;s - Vivi Martinsicuro\" \/>\n<meta property=\"og:description\" content=\"In der wundersch\u00f6nen Umgebung der Adriak\u00fcste, direkt am Meer gelegen, empf\u00e4ngt das Hotel Maxim&#039;s in Villa Rosa di Martinsicuro seine G\u00e4ste mit allen Dienstleistungen und Annehmlichkeiten f\u00fcr einen angenehmen und erholsamen Aufenthalt. Der gro\u00dfe Garten mit seinen jahrhundertealten Palmen beherbergt Swimmingpools mit Wasserspielen, einen Solariumbereich, eine American Bar am Pool, Tischtennisplatten und Freizeitbereiche. Den G\u00e4sten [&hellip;]\" \/>\n<meta property=\"og:url\" content=\"https:\/\/www.vivimartinsicuro.it\/de\/unterkunft\/hotel-maxims\/\" \/>\n<meta property=\"og:site_name\" content=\"Vivi Martinsicuro\" \/>\n<meta property=\"article:modified_time\" content=\"2026-02-04T08:29:50+00:00\" \/>\n<meta name=\"twitter:card\" content=\"summary_large_image\" \/>\n<meta name=\"twitter:label1\" content=\"Gesch\u00e4tzte Lesezeit\" \/>\n\t<meta name=\"twitter:data1\" content=\"1\u00a0Minute\" \/>\n<script type=\"application\/ld+json\" class=\"yoast-schema-graph\">{\"@context\":\"https:\/\/schema.org\",\"@graph\":[{\"@type\":\"WebPage\",\"@id\":\"https:\/\/www.vivimartinsicuro.it\/de\/unterkunft\/hotel-maxims\/\",\"url\":\"https:\/\/www.vivimartinsicuro.it\/de\/unterkunft\/hotel-maxims\/\",\"name\":\"Hotel Maxim's - Vivi Martinsicuro\",\"isPartOf\":{\"@id\":\"https:\/\/www.vivimartinsicuro.it\/#website\"},\"datePublished\":\"2025-06-12T12:47:34+00:00\",\"dateModified\":\"2026-02-04T08:29:50+00:00\",\"breadcrumb\":{\"@id\":\"https:\/\/www.vivimartinsicuro.it\/de\/unterkunft\/hotel-maxims\/#breadcrumb\"},\"inLanguage\":\"de\",\"potentialAction\":[{\"@type\":\"ReadAction\",\"target\":[\"https:\/\/www.vivimartinsicuro.it\/de\/unterkunft\/hotel-maxims\/\"]}]},{\"@type\":\"BreadcrumbList\",\"@id\":\"https:\/\/www.vivimartinsicuro.it\/de\/unterkunft\/hotel-maxims\/#breadcrumb\",\"itemListElement\":[{\"@type\":\"ListItem\",\"position\":1,\"name\":\"Home\",\"item\":\"https:\/\/www.vivimartinsicuro.it\/de\/\"},{\"@type\":\"ListItem\",\"position\":2,\"name\":\"Geh\u00e4use\",\"item\":\"https:\/\/www.vivimartinsicuro.it\/de\/unterkunft\/\"},{\"@type\":\"ListItem\",\"position\":3,\"name\":\"Hotel Maxim&#8217;s\"}]},{\"@type\":\"WebSite\",\"@id\":\"https:\/\/www.vivimartinsicuro.it\/#website\",\"url\":\"https:\/\/www.vivimartinsicuro.it\/\",\"name\":\"Vivi Martinsicuro\",\"description\":\"Il portale turistico della Porta d&#039;Abruzzo\",\"potentialAction\":[{\"@type\":\"SearchAction\",\"target\":{\"@type\":\"EntryPoint\",\"urlTemplate\":\"https:\/\/www.vivimartinsicuro.it\/?s={search_term_string}\"},\"query-input\":{\"@type\":\"PropertyValueSpecification\",\"valueRequired\":true,\"valueName\":\"search_term_string\"}}],\"inLanguage\":\"de\"}]}<\/script>\n<!-- \/ Yoast SEO plugin. -->","yoast_head_json":{"title":"Hotel Maxim's - Vivi Martinsicuro","robots":{"index":"index","follow":"follow","max-snippet":"max-snippet:-1","max-image-preview":"max-image-preview:large","max-video-preview":"max-video-preview:-1"},"canonical":"https:\/\/www.vivimartinsicuro.it\/de\/unterkunft\/hotel-maxims\/","og_locale":"de_DE","og_type":"article","og_title":"Hotel Maxim's - Vivi Martinsicuro","og_description":"In der wundersch\u00f6nen Umgebung der Adriak\u00fcste, direkt am Meer gelegen, empf\u00e4ngt das Hotel Maxim&#039;s in Villa Rosa di Martinsicuro seine G\u00e4ste mit allen Dienstleistungen und Annehmlichkeiten f\u00fcr einen angenehmen und erholsamen Aufenthalt. Der gro\u00dfe Garten mit seinen jahrhundertealten Palmen beherbergt Swimmingpools mit Wasserspielen, einen Solariumbereich, eine American Bar am Pool, Tischtennisplatten und Freizeitbereiche. Den G\u00e4sten [&hellip;]","og_url":"https:\/\/www.vivimartinsicuro.it\/de\/unterkunft\/hotel-maxims\/","og_site_name":"Vivi Martinsicuro","article_modified_time":"2026-02-04T08:29:50+00:00","twitter_card":"summary_large_image","twitter_misc":{"Gesch\u00e4tzte Lesezeit":"1\u00a0Minute"},"schema":{"@context":"https:\/\/schema.org","@graph":[{"@type":"WebPage","@id":"https:\/\/www.vivimartinsicuro.it\/de\/unterkunft\/hotel-maxims\/","url":"https:\/\/www.vivimartinsicuro.it\/de\/unterkunft\/hotel-maxims\/","name":"Hotel Maxim's - Vivi Martinsicuro","isPartOf":{"@id":"https:\/\/www.vivimartinsicuro.it\/#website"},"datePublished":"2025-06-12T12:47:34+00:00","dateModified":"2026-02-04T08:29:50+00:00","breadcrumb":{"@id":"https:\/\/www.vivimartinsicuro.it\/de\/unterkunft\/hotel-maxims\/#breadcrumb"},"inLanguage":"de","potentialAction":[{"@type":"ReadAction","target":["https:\/\/www.vivimartinsicuro.it\/de\/unterkunft\/hotel-maxims\/"]}]},{"@type":"BreadcrumbList","@id":"https:\/\/www.vivimartinsicuro.it\/de\/unterkunft\/hotel-maxims\/#breadcrumb","itemListElement":[{"@type":"ListItem","position":1,"name":"Home","item":"https:\/\/www.vivimartinsicuro.it\/de\/"},{"@type":"ListItem","position":2,"name":"Geh\u00e4use","item":"https:\/\/www.vivimartinsicuro.it\/de\/unterkunft\/"},{"@type":"ListItem","position":3,"name":"Hotel Maxim&#8217;s"}]},{"@type":"WebSite","@id":"https:\/\/www.vivimartinsicuro.it\/#website","url":"https:\/\/www.vivimartinsicuro.it\/","name":"Vivi Martinsicuro","description":"Il portale turistico della Porta d&#039;Abruzzo","potentialAction":[{"@type":"SearchAction","target":{"@type":"EntryPoint","urlTemplate":"https:\/\/www.vivimartinsicuro.it\/?s={search_term_string}"},"query-input":{"@type":"PropertyValueSpecification","valueRequired":true,"valueName":"search_term_string"}}],"inLanguage":"de"}]}},"_links":{"self":[{"href":"https:\/\/www.vivimartinsicuro.it\/de\/wp-json\/wp\/v2\/pages\/5977","targetHints":{"allow":["GET"]}}],"collection":[{"href":"https:\/\/www.vivimartinsicuro.it\/de\/wp-json\/wp\/v2\/pages"}],"about":[{"href":"https:\/\/www.vivimartinsicuro.it\/de\/wp-json\/wp\/v2\/types\/page"}],"author":[{"embeddable":true,"href":"https:\/\/www.vivimartinsicuro.it\/de\/wp-json\/wp\/v2\/users\/1"}],"replies":[{"embeddable":true,"href":"https:\/\/www.vivimartinsicuro.it\/de\/wp-json\/wp\/v2\/comments?post=5977"}],"version-history":[{"count":2,"href":"https:\/\/www.vivimartinsicuro.it\/de\/wp-json\/wp\/v2\/pages\/5977\/revisions"}],"predecessor-version":[{"id":8744,"href":"https:\/\/www.vivimartinsicuro.it\/de\/wp-json\/wp\/v2\/pages\/5977\/revisions\/8744"}],"up":[{"embeddable":true,"href":"https:\/\/www.vivimartinsicuro.it\/de\/wp-json\/wp\/v2\/pages\/4611"}],"wp:attachment":[{"href":"https:\/\/www.vivimartinsicuro.it\/de\/wp-json\/wp\/v2\/media?parent=5977"}],"curies":[{"name":"wp","href":"https:\/\/api.w.org\/{rel}","templated":true}]}}