{"id":5980,"date":"2025-06-12T14:54:50","date_gmt":"2025-06-12T12:54:50","guid":{"rendered":"http:\/\/www.vivimartinsicuro.it\/unterkunft\/park-hotel-depandance\/"},"modified":"2026-04-02T13:56:34","modified_gmt":"2026-04-02T11:56:34","slug":"park-hotel-depandance","status":"publish","type":"page","link":"https:\/\/www.vivimartinsicuro.it\/de\/unterkunft\/park-hotel-depandance\/","title":{"rendered":"Park Hotel &#038; Dependance"},"content":{"rendered":"\n<p>Nur <b>200 Meter vom Strand entfernt <\/b>, eingebettet in eine Gegend voller Natursch\u00f6nheit, Geschichte und Tradition, hei\u00dft Sie das <b>Park Hotel &amp; Dependance in Martinsicuro <\/b>herzlich willkommen zu einem unvergesslichen Urlaub. Das Resort besticht durch einen wundersch\u00f6nen <b>, halbolympischen <\/b>Au\u00dfenpool mit <b>Whirlpool <\/b>. Es bietet seinen G\u00e4sten <b>ger\u00e4umige, helle Zimmer <\/b>und ein <b>Restaurant <\/b>mit k\u00f6stlicher K\u00fcche aus den Abruzzen. Langeweile kommt hier garantiert nicht auf, denn das <b>Animationsteam <\/b>sorgt mit einem abwechslungsreichen Programm f\u00fcr beste Unterhaltung \u2013 von morgendlichen Workouts \u00fcber Beachvolleyball und Wassergymnastik bis hin zu mitrei\u00dfenden Tanzkursen am Abend! Gemeinsam ist man gl\u00fccklich. Genie\u00dfen Sie einen unbeschwerten Urlaub mit Ihrer Familie und Ihren Haustieren: <b>Kleine und mittelgro\u00dfe Tiere sind herzlich willkommen <\/b>. F\u00fcr <b>Kinder gibt es einen Spielplatz <\/b>und einen tollen <b>Miniclub <\/b>mit vielen Spielen und Aktivit\u00e4ten \u2013 morgens am Strand und nachmittags im Hotel. Zu den Annehmlichkeiten geh\u00f6ren <b>kostenlose, private Parkpl\u00e4tze in der Tiefgarage <\/b>, eine 24-Stunden-Rezeption und ein <b>Privatstrand <\/b>direkt neben dem Park Hotel &amp; Dependance. Jedes Zimmer verf\u00fcgt \u00fcber einen <b>eigenen Sonnenschirm und zwei Liegest\u00fchle <\/b>, sodass Sie das Meer in v\u00f6lliger Entspannung genie\u00dfen k\u00f6nnen.<\/p>\n","protected":false},"excerpt":{"rendered":"<p>Nur 200 Meter vom Strand entfernt , eingebettet in eine Gegend voller Natursch\u00f6nheit, Geschichte und Tradition, hei\u00dft Sie das Park Hotel &amp; Dependance in Martinsicuro herzlich willkommen zu einem unvergesslichen Urlaub. Das Resort besticht durch einen wundersch\u00f6nen , halbolympischen Au\u00dfenpool mit Whirlpool . Es bietet seinen G\u00e4sten ger\u00e4umige, helle Zimmer und ein Restaurant mit k\u00f6stlicher [&hellip;]<\/p>\n","protected":false},"author":1,"featured_media":0,"parent":4611,"menu_order":0,"comment_status":"closed","ping_status":"closed","template":"page-templates\/scheda_hotel.php","meta":{"_acf_changed":false,"_et_pb_use_builder":"","_et_pb_old_content":"","_et_gb_content_width":"","inline_featured_image":false,"footnotes":""},"class_list":["post-5980","page","type-page","status-publish","hentry"],"acf":[],"yoast_head":"<!-- This site is optimized with the Yoast SEO plugin v27.1 - https:\/\/yoast.com\/product\/yoast-seo-wordpress\/ -->\n<title>Park Hotel &amp; Dependance - Vivi Martinsicuro<\/title>\n<meta name=\"robots\" content=\"index, follow, max-snippet:-1, max-image-preview:large, max-video-preview:-1\" \/>\n<link rel=\"canonical\" href=\"https:\/\/www.vivimartinsicuro.it\/de\/unterkunft\/park-hotel-depandance\/\" \/>\n<meta property=\"og:locale\" content=\"de_DE\" \/>\n<meta property=\"og:type\" content=\"article\" \/>\n<meta property=\"og:title\" content=\"Park Hotel &amp; Dependance - Vivi Martinsicuro\" \/>\n<meta property=\"og:description\" content=\"Nur 200 Meter vom Strand entfernt , eingebettet in eine Gegend voller Natursch\u00f6nheit, Geschichte und Tradition, hei\u00dft Sie das Park Hotel &amp; Dependance in Martinsicuro herzlich willkommen zu einem unvergesslichen Urlaub. Das Resort besticht durch einen wundersch\u00f6nen , halbolympischen Au\u00dfenpool mit Whirlpool . Es bietet seinen G\u00e4sten ger\u00e4umige, helle Zimmer und ein Restaurant mit k\u00f6stlicher [&hellip;]\" \/>\n<meta property=\"og:url\" content=\"https:\/\/www.vivimartinsicuro.it\/de\/unterkunft\/park-hotel-depandance\/\" \/>\n<meta property=\"og:site_name\" content=\"Vivi Martinsicuro\" \/>\n<meta property=\"article:modified_time\" content=\"2026-04-02T11:56:34+00:00\" \/>\n<meta name=\"twitter:card\" content=\"summary_large_image\" \/>\n<meta name=\"twitter:label1\" content=\"Gesch\u00e4tzte Lesezeit\" \/>\n\t<meta name=\"twitter:data1\" content=\"1\u00a0Minute\" \/>\n<script type=\"application\/ld+json\" class=\"yoast-schema-graph\">{\"@context\":\"https:\/\/schema.org\",\"@graph\":[{\"@type\":\"WebPage\",\"@id\":\"https:\/\/www.vivimartinsicuro.it\/de\/unterkunft\/park-hotel-depandance\/\",\"url\":\"https:\/\/www.vivimartinsicuro.it\/de\/unterkunft\/park-hotel-depandance\/\",\"name\":\"Park Hotel & Dependance - Vivi Martinsicuro\",\"isPartOf\":{\"@id\":\"https:\/\/www.vivimartinsicuro.it\/#website\"},\"datePublished\":\"2025-06-12T12:54:50+00:00\",\"dateModified\":\"2026-04-02T11:56:34+00:00\",\"breadcrumb\":{\"@id\":\"https:\/\/www.vivimartinsicuro.it\/de\/unterkunft\/park-hotel-depandance\/#breadcrumb\"},\"inLanguage\":\"de\",\"potentialAction\":[{\"@type\":\"ReadAction\",\"target\":[\"https:\/\/www.vivimartinsicuro.it\/de\/unterkunft\/park-hotel-depandance\/\"]}]},{\"@type\":\"BreadcrumbList\",\"@id\":\"https:\/\/www.vivimartinsicuro.it\/de\/unterkunft\/park-hotel-depandance\/#breadcrumb\",\"itemListElement\":[{\"@type\":\"ListItem\",\"position\":1,\"name\":\"Home\",\"item\":\"https:\/\/www.vivimartinsicuro.it\/de\/\"},{\"@type\":\"ListItem\",\"position\":2,\"name\":\"Geh\u00e4use\",\"item\":\"https:\/\/www.vivimartinsicuro.it\/de\/unterkunft\/\"},{\"@type\":\"ListItem\",\"position\":3,\"name\":\"Park Hotel &#038; Dependance\"}]},{\"@type\":\"WebSite\",\"@id\":\"https:\/\/www.vivimartinsicuro.it\/#website\",\"url\":\"https:\/\/www.vivimartinsicuro.it\/\",\"name\":\"Vivi Martinsicuro\",\"description\":\"Il portale turistico della Porta d&#039;Abruzzo\",\"potentialAction\":[{\"@type\":\"SearchAction\",\"target\":{\"@type\":\"EntryPoint\",\"urlTemplate\":\"https:\/\/www.vivimartinsicuro.it\/?s={search_term_string}\"},\"query-input\":{\"@type\":\"PropertyValueSpecification\",\"valueRequired\":true,\"valueName\":\"search_term_string\"}}],\"inLanguage\":\"de\"}]}<\/script>\n<!-- \/ Yoast SEO plugin. -->","yoast_head_json":{"title":"Park Hotel & Dependance - Vivi Martinsicuro","robots":{"index":"index","follow":"follow","max-snippet":"max-snippet:-1","max-image-preview":"max-image-preview:large","max-video-preview":"max-video-preview:-1"},"canonical":"https:\/\/www.vivimartinsicuro.it\/de\/unterkunft\/park-hotel-depandance\/","og_locale":"de_DE","og_type":"article","og_title":"Park Hotel & Dependance - Vivi Martinsicuro","og_description":"Nur 200 Meter vom Strand entfernt , eingebettet in eine Gegend voller Natursch\u00f6nheit, Geschichte und Tradition, hei\u00dft Sie das Park Hotel &amp; Dependance in Martinsicuro herzlich willkommen zu einem unvergesslichen Urlaub. Das Resort besticht durch einen wundersch\u00f6nen , halbolympischen Au\u00dfenpool mit Whirlpool . Es bietet seinen G\u00e4sten ger\u00e4umige, helle Zimmer und ein Restaurant mit k\u00f6stlicher [&hellip;]","og_url":"https:\/\/www.vivimartinsicuro.it\/de\/unterkunft\/park-hotel-depandance\/","og_site_name":"Vivi Martinsicuro","article_modified_time":"2026-04-02T11:56:34+00:00","twitter_card":"summary_large_image","twitter_misc":{"Gesch\u00e4tzte Lesezeit":"1\u00a0Minute"},"schema":{"@context":"https:\/\/schema.org","@graph":[{"@type":"WebPage","@id":"https:\/\/www.vivimartinsicuro.it\/de\/unterkunft\/park-hotel-depandance\/","url":"https:\/\/www.vivimartinsicuro.it\/de\/unterkunft\/park-hotel-depandance\/","name":"Park Hotel & Dependance - Vivi Martinsicuro","isPartOf":{"@id":"https:\/\/www.vivimartinsicuro.it\/#website"},"datePublished":"2025-06-12T12:54:50+00:00","dateModified":"2026-04-02T11:56:34+00:00","breadcrumb":{"@id":"https:\/\/www.vivimartinsicuro.it\/de\/unterkunft\/park-hotel-depandance\/#breadcrumb"},"inLanguage":"de","potentialAction":[{"@type":"ReadAction","target":["https:\/\/www.vivimartinsicuro.it\/de\/unterkunft\/park-hotel-depandance\/"]}]},{"@type":"BreadcrumbList","@id":"https:\/\/www.vivimartinsicuro.it\/de\/unterkunft\/park-hotel-depandance\/#breadcrumb","itemListElement":[{"@type":"ListItem","position":1,"name":"Home","item":"https:\/\/www.vivimartinsicuro.it\/de\/"},{"@type":"ListItem","position":2,"name":"Geh\u00e4use","item":"https:\/\/www.vivimartinsicuro.it\/de\/unterkunft\/"},{"@type":"ListItem","position":3,"name":"Park Hotel &#038; Dependance"}]},{"@type":"WebSite","@id":"https:\/\/www.vivimartinsicuro.it\/#website","url":"https:\/\/www.vivimartinsicuro.it\/","name":"Vivi Martinsicuro","description":"Il portale turistico della Porta d&#039;Abruzzo","potentialAction":[{"@type":"SearchAction","target":{"@type":"EntryPoint","urlTemplate":"https:\/\/www.vivimartinsicuro.it\/?s={search_term_string}"},"query-input":{"@type":"PropertyValueSpecification","valueRequired":true,"valueName":"search_term_string"}}],"inLanguage":"de"}]}},"_links":{"self":[{"href":"https:\/\/www.vivimartinsicuro.it\/de\/wp-json\/wp\/v2\/pages\/5980","targetHints":{"allow":["GET"]}}],"collection":[{"href":"https:\/\/www.vivimartinsicuro.it\/de\/wp-json\/wp\/v2\/pages"}],"about":[{"href":"https:\/\/www.vivimartinsicuro.it\/de\/wp-json\/wp\/v2\/types\/page"}],"author":[{"embeddable":true,"href":"https:\/\/www.vivimartinsicuro.it\/de\/wp-json\/wp\/v2\/users\/1"}],"replies":[{"embeddable":true,"href":"https:\/\/www.vivimartinsicuro.it\/de\/wp-json\/wp\/v2\/comments?post=5980"}],"version-history":[{"count":3,"href":"https:\/\/www.vivimartinsicuro.it\/de\/wp-json\/wp\/v2\/pages\/5980\/revisions"}],"predecessor-version":[{"id":9284,"href":"https:\/\/www.vivimartinsicuro.it\/de\/wp-json\/wp\/v2\/pages\/5980\/revisions\/9284"}],"up":[{"embeddable":true,"href":"https:\/\/www.vivimartinsicuro.it\/de\/wp-json\/wp\/v2\/pages\/4611"}],"wp:attachment":[{"href":"https:\/\/www.vivimartinsicuro.it\/de\/wp-json\/wp\/v2\/media?parent=5980"}],"curies":[{"name":"wp","href":"https:\/\/api.w.org\/{rel}","templated":true}]}}