{"id":5989,"date":"2025-06-12T15:00:13","date_gmt":"2025-06-12T13:00:13","guid":{"rendered":"http:\/\/www.vivimartinsicuro.it\/unterkunft\/bb-il-country-e-il-mare\/"},"modified":"2026-02-04T09:29:53","modified_gmt":"2026-02-04T08:29:53","slug":"bb-il-country-e-il-mare","status":"publish","type":"page","link":"https:\/\/www.vivimartinsicuro.it\/de\/unterkunft\/bb-il-country-e-il-mare\/","title":{"rendered":"B&#038;B Il Country e Il Mare"},"content":{"rendered":"\n<p>Erleben Sie das Meer mit seinem Zauber, seinen Farben und seinem Duft in einer intimen und einladenden Umgebung: Das erwartet Sie im <b>B&amp;B Il Country e il Mare in Martinsicuro<\/b>. Nur<b> 150 Meter vom Strand <\/b>entfernt befindet sich dieses kleine, gepflegte Bed&amp;Breakfast mit famili\u00e4rer und herzlicher Atmosph\u00e4re, in dem Sie sich wie zu Hause f\u00fchlen werden. <b>Der authentische <\/b>und unverf\u00e4lschte <b>Stil <\/b>der Unterkunft spiegelt sich in <b>den ger\u00e4umigen <\/b>und liebevoll eingerichteten <b>Zimmern <\/b>mit Balkon wider. Familien sind herzlich willkommen und f\u00fcr Kleinkinder stehen Reisebetten oder Bettgitter f\u00fcr Einzelbetten zur Verf\u00fcgung. Der <b>Au\u00dfenbereich mit Tischen und B\u00e4nken im Innenhof <\/b>ist ideal f\u00fcr <b>ein Mittagessen im Freien <\/b>oder zum Entspannen. Das B&amp;B bietet auf Anfrage auch <b>Parkpl\u00e4tze im Innenbereich<\/b>. Der <b>freie Strand ist ganz in der N\u00e4he<\/b>, das Hotel stellt Ihnen <b>Liegest\u00fchle, St\u00fchle und Sonnenschirme <\/b>zur Verf\u00fcgung. Das Country e il Mare liegt 400 Meter vom Fluss Tronto entfernt, der die Grenze zu San Benedetto del Tronto markiert. In der sch\u00f6nen Jahreszeit k\u00f6nnen Sie <b>am Fluss entlang <\/b>oder an <b>der<\/b> lebhaften <b>Strandpromenade <\/b>mit ihren vielen Restaurants, Pizzerien, Bars und Eisdielen <b>spazieren gehen<\/b>. Im Sommer beleben <b>Handwerksm\u00e4rkte<\/b>, kulturelle und gastronomische <b>Veranstaltungen <\/b>sowie Open-Air-Shows Martinsicuro. Nur wenige Kilometer vom B&amp;B entfernt erwarten Sie die <b>H\u00fcgel der Abruzzen <\/b>mit ihren atemberaubenden Ausblicken, Olivenhainen und Weinbergen: eine einzigartige Gelegenheit, das native Oliven\u00f6l extra und die DOCG-Weine der Abruzzen zu entdecken, die einzigen in der Region.<\/p>\n","protected":false},"excerpt":{"rendered":"<p>Erleben Sie das Meer mit seinem Zauber, seinen Farben und seinem Duft in einer intimen und einladenden Umgebung: Das erwartet Sie im B&amp;B Il Country e il Mare in Martinsicuro. Nur 150 Meter vom Strand entfernt befindet sich dieses kleine, gepflegte Bed&amp;Breakfast mit famili\u00e4rer und herzlicher Atmosph\u00e4re, in dem Sie sich wie zu Hause f\u00fchlen [&hellip;]<\/p>\n","protected":false},"author":1,"featured_media":0,"parent":4611,"menu_order":0,"comment_status":"closed","ping_status":"closed","template":"page-templates\/scheda_hotel.php","meta":{"_acf_changed":false,"_et_pb_use_builder":"","_et_pb_old_content":"","_et_gb_content_width":"","inline_featured_image":false,"footnotes":""},"class_list":["post-5989","page","type-page","status-publish","hentry"],"acf":[],"yoast_head":"<!-- This site is optimized with the Yoast SEO plugin v27.1 - https:\/\/yoast.com\/product\/yoast-seo-wordpress\/ -->\n<title>B&amp;B Il Country e Il Mare - Vivi Martinsicuro<\/title>\n<meta name=\"robots\" content=\"index, follow, max-snippet:-1, max-image-preview:large, max-video-preview:-1\" \/>\n<link rel=\"canonical\" href=\"https:\/\/www.vivimartinsicuro.it\/de\/unterkunft\/bb-il-country-e-il-mare\/\" \/>\n<meta property=\"og:locale\" content=\"de_DE\" \/>\n<meta property=\"og:type\" content=\"article\" \/>\n<meta property=\"og:title\" content=\"B&amp;B Il Country e Il Mare - Vivi Martinsicuro\" \/>\n<meta property=\"og:description\" content=\"Erleben Sie das Meer mit seinem Zauber, seinen Farben und seinem Duft in einer intimen und einladenden Umgebung: Das erwartet Sie im B&amp;B Il Country e il Mare in Martinsicuro. Nur 150 Meter vom Strand entfernt befindet sich dieses kleine, gepflegte Bed&amp;Breakfast mit famili\u00e4rer und herzlicher Atmosph\u00e4re, in dem Sie sich wie zu Hause f\u00fchlen [&hellip;]\" \/>\n<meta property=\"og:url\" content=\"https:\/\/www.vivimartinsicuro.it\/de\/unterkunft\/bb-il-country-e-il-mare\/\" \/>\n<meta property=\"og:site_name\" content=\"Vivi Martinsicuro\" \/>\n<meta property=\"article:modified_time\" content=\"2026-02-04T08:29:53+00:00\" \/>\n<meta name=\"twitter:card\" content=\"summary_large_image\" \/>\n<meta name=\"twitter:label1\" content=\"Gesch\u00e4tzte Lesezeit\" \/>\n\t<meta name=\"twitter:data1\" content=\"1\u00a0Minute\" \/>\n<script type=\"application\/ld+json\" class=\"yoast-schema-graph\">{\"@context\":\"https:\/\/schema.org\",\"@graph\":[{\"@type\":\"WebPage\",\"@id\":\"https:\/\/www.vivimartinsicuro.it\/de\/unterkunft\/bb-il-country-e-il-mare\/\",\"url\":\"https:\/\/www.vivimartinsicuro.it\/de\/unterkunft\/bb-il-country-e-il-mare\/\",\"name\":\"B&B Il Country e Il Mare - Vivi Martinsicuro\",\"isPartOf\":{\"@id\":\"https:\/\/www.vivimartinsicuro.it\/#website\"},\"datePublished\":\"2025-06-12T13:00:13+00:00\",\"dateModified\":\"2026-02-04T08:29:53+00:00\",\"breadcrumb\":{\"@id\":\"https:\/\/www.vivimartinsicuro.it\/de\/unterkunft\/bb-il-country-e-il-mare\/#breadcrumb\"},\"inLanguage\":\"de\",\"potentialAction\":[{\"@type\":\"ReadAction\",\"target\":[\"https:\/\/www.vivimartinsicuro.it\/de\/unterkunft\/bb-il-country-e-il-mare\/\"]}]},{\"@type\":\"BreadcrumbList\",\"@id\":\"https:\/\/www.vivimartinsicuro.it\/de\/unterkunft\/bb-il-country-e-il-mare\/#breadcrumb\",\"itemListElement\":[{\"@type\":\"ListItem\",\"position\":1,\"name\":\"Home\",\"item\":\"https:\/\/www.vivimartinsicuro.it\/de\/\"},{\"@type\":\"ListItem\",\"position\":2,\"name\":\"Geh\u00e4use\",\"item\":\"https:\/\/www.vivimartinsicuro.it\/de\/unterkunft\/\"},{\"@type\":\"ListItem\",\"position\":3,\"name\":\"B&#038;B Il Country e Il Mare\"}]},{\"@type\":\"WebSite\",\"@id\":\"https:\/\/www.vivimartinsicuro.it\/#website\",\"url\":\"https:\/\/www.vivimartinsicuro.it\/\",\"name\":\"Vivi Martinsicuro\",\"description\":\"Il portale turistico della Porta d&#039;Abruzzo\",\"potentialAction\":[{\"@type\":\"SearchAction\",\"target\":{\"@type\":\"EntryPoint\",\"urlTemplate\":\"https:\/\/www.vivimartinsicuro.it\/?s={search_term_string}\"},\"query-input\":{\"@type\":\"PropertyValueSpecification\",\"valueRequired\":true,\"valueName\":\"search_term_string\"}}],\"inLanguage\":\"de\"}]}<\/script>\n<!-- \/ Yoast SEO plugin. -->","yoast_head_json":{"title":"B&B Il Country e Il Mare - Vivi Martinsicuro","robots":{"index":"index","follow":"follow","max-snippet":"max-snippet:-1","max-image-preview":"max-image-preview:large","max-video-preview":"max-video-preview:-1"},"canonical":"https:\/\/www.vivimartinsicuro.it\/de\/unterkunft\/bb-il-country-e-il-mare\/","og_locale":"de_DE","og_type":"article","og_title":"B&B Il Country e Il Mare - Vivi Martinsicuro","og_description":"Erleben Sie das Meer mit seinem Zauber, seinen Farben und seinem Duft in einer intimen und einladenden Umgebung: Das erwartet Sie im B&amp;B Il Country e il Mare in Martinsicuro. Nur 150 Meter vom Strand entfernt befindet sich dieses kleine, gepflegte Bed&amp;Breakfast mit famili\u00e4rer und herzlicher Atmosph\u00e4re, in dem Sie sich wie zu Hause f\u00fchlen [&hellip;]","og_url":"https:\/\/www.vivimartinsicuro.it\/de\/unterkunft\/bb-il-country-e-il-mare\/","og_site_name":"Vivi Martinsicuro","article_modified_time":"2026-02-04T08:29:53+00:00","twitter_card":"summary_large_image","twitter_misc":{"Gesch\u00e4tzte Lesezeit":"1\u00a0Minute"},"schema":{"@context":"https:\/\/schema.org","@graph":[{"@type":"WebPage","@id":"https:\/\/www.vivimartinsicuro.it\/de\/unterkunft\/bb-il-country-e-il-mare\/","url":"https:\/\/www.vivimartinsicuro.it\/de\/unterkunft\/bb-il-country-e-il-mare\/","name":"B&B Il Country e Il Mare - Vivi Martinsicuro","isPartOf":{"@id":"https:\/\/www.vivimartinsicuro.it\/#website"},"datePublished":"2025-06-12T13:00:13+00:00","dateModified":"2026-02-04T08:29:53+00:00","breadcrumb":{"@id":"https:\/\/www.vivimartinsicuro.it\/de\/unterkunft\/bb-il-country-e-il-mare\/#breadcrumb"},"inLanguage":"de","potentialAction":[{"@type":"ReadAction","target":["https:\/\/www.vivimartinsicuro.it\/de\/unterkunft\/bb-il-country-e-il-mare\/"]}]},{"@type":"BreadcrumbList","@id":"https:\/\/www.vivimartinsicuro.it\/de\/unterkunft\/bb-il-country-e-il-mare\/#breadcrumb","itemListElement":[{"@type":"ListItem","position":1,"name":"Home","item":"https:\/\/www.vivimartinsicuro.it\/de\/"},{"@type":"ListItem","position":2,"name":"Geh\u00e4use","item":"https:\/\/www.vivimartinsicuro.it\/de\/unterkunft\/"},{"@type":"ListItem","position":3,"name":"B&#038;B Il Country e Il Mare"}]},{"@type":"WebSite","@id":"https:\/\/www.vivimartinsicuro.it\/#website","url":"https:\/\/www.vivimartinsicuro.it\/","name":"Vivi Martinsicuro","description":"Il portale turistico della Porta d&#039;Abruzzo","potentialAction":[{"@type":"SearchAction","target":{"@type":"EntryPoint","urlTemplate":"https:\/\/www.vivimartinsicuro.it\/?s={search_term_string}"},"query-input":{"@type":"PropertyValueSpecification","valueRequired":true,"valueName":"search_term_string"}}],"inLanguage":"de"}]}},"_links":{"self":[{"href":"https:\/\/www.vivimartinsicuro.it\/de\/wp-json\/wp\/v2\/pages\/5989","targetHints":{"allow":["GET"]}}],"collection":[{"href":"https:\/\/www.vivimartinsicuro.it\/de\/wp-json\/wp\/v2\/pages"}],"about":[{"href":"https:\/\/www.vivimartinsicuro.it\/de\/wp-json\/wp\/v2\/types\/page"}],"author":[{"embeddable":true,"href":"https:\/\/www.vivimartinsicuro.it\/de\/wp-json\/wp\/v2\/users\/1"}],"replies":[{"embeddable":true,"href":"https:\/\/www.vivimartinsicuro.it\/de\/wp-json\/wp\/v2\/comments?post=5989"}],"version-history":[{"count":4,"href":"https:\/\/www.vivimartinsicuro.it\/de\/wp-json\/wp\/v2\/pages\/5989\/revisions"}],"predecessor-version":[{"id":8746,"href":"https:\/\/www.vivimartinsicuro.it\/de\/wp-json\/wp\/v2\/pages\/5989\/revisions\/8746"}],"up":[{"embeddable":true,"href":"https:\/\/www.vivimartinsicuro.it\/de\/wp-json\/wp\/v2\/pages\/4611"}],"wp:attachment":[{"href":"https:\/\/www.vivimartinsicuro.it\/de\/wp-json\/wp\/v2\/media?parent=5989"}],"curies":[{"name":"wp","href":"https:\/\/api.w.org\/{rel}","templated":true}]}}