{"id":6061,"date":"2025-06-16T16:31:41","date_gmt":"2025-06-16T14:31:41","guid":{"rendered":"http:\/\/www.vivimartinsicuro.it\/unterkunft\/villa-consorti\/"},"modified":"2026-02-04T09:29:55","modified_gmt":"2026-02-04T08:29:55","slug":"villa-consorti","status":"publish","type":"page","link":"https:\/\/www.vivimartinsicuro.it\/de\/unterkunft\/villa-consorti\/","title":{"rendered":"Villa Consorti"},"content":{"rendered":"\n<p>Das <b>B&amp;B Villa Consorti <\/b>blickt auf eine lange Tradition in der Kunst der Gastlichkeit zur\u00fcck: Es war das <b>erste offizielle Bed &amp; Breakfast in Martinsicuro <\/b>und eines der ersten in den Abruzzen. <b>Es wurde nach den Prinzipien des Feng Shui <\/b>komplett <b>renoviert <\/b>und bietet seinen G\u00e4sten harmonische und ausgewogene R\u00e4umlichkeiten f\u00fcr einen wunderbar erholsamen Urlaub. Zu den beliebtesten Dienstleistungen z\u00e4hlen der Kinderspielplatz, <b>der Whirlpool<\/b>, der <b>kostenlose Fahrradverleih<\/b>, der <b>Garten <\/b>und der bequeme <b>Parkplatz<\/b>. Und die N\u00e4he zum Meer: Der goldene Sandstrand ist nur<b> 700 Meter <\/b>entfernt, mit klarem Wasser und sanft abfallendem Meeresgrund, ideal auch f\u00fcr die Kleinsten. Die K\u00fcste wird von einem <b>langen Radweg <\/b>durchzogen, der sich durch wundersch\u00f6ne Landschaften schl\u00e4ngelt und perfekt f\u00fcr diejenigen ist, die die Gegend mit dem Fahrrad erkunden m\u00f6chten. Das alte Fischerdorf Martinsicuro ist heute ein lebhafter Ferienort mit Gesch\u00e4ften, Bars, Restaurants und einem reichhaltigen Angebot an <b>sportlichen Aktivit\u00e4ten und Veranstaltungen<\/b>, die die Sommersaison beleben. Die Villa Consorti ist auch ein ausgezeichneter Ausgangspunkt, um <b>das Hinterland der Abruzzen <\/b>zu erkunden und alte D\u00f6rfer und Burgen, Einsiedeleien und Heiligt\u00fcmer, Nationalparks und WWF-Schutzgebiete zu entdecken, in denen noch seltene und faszinierende Tierarten wie der Apenninwolf, der Marsicano-B\u00e4r und die Abruzzen-G\u00e4mse leben.<\/p>\n","protected":false},"excerpt":{"rendered":"<p>Das B&amp;B Villa Consorti blickt auf eine lange Tradition in der Kunst der Gastlichkeit zur\u00fcck: Es war das erste offizielle Bed &amp; Breakfast in Martinsicuro und eines der ersten in den Abruzzen. Es wurde nach den Prinzipien des Feng Shui komplett renoviert und bietet seinen G\u00e4sten harmonische und ausgewogene R\u00e4umlichkeiten f\u00fcr einen wunderbar erholsamen Urlaub. [&hellip;]<\/p>\n","protected":false},"author":1,"featured_media":0,"parent":4611,"menu_order":0,"comment_status":"closed","ping_status":"closed","template":"page-templates\/scheda_hotel.php","meta":{"_acf_changed":false,"_et_pb_use_builder":"","_et_pb_old_content":"","_et_gb_content_width":"","inline_featured_image":false,"footnotes":""},"class_list":["post-6061","page","type-page","status-publish","hentry"],"acf":[],"yoast_head":"<!-- This site is optimized with the Yoast SEO plugin v27.1 - https:\/\/yoast.com\/product\/yoast-seo-wordpress\/ -->\n<title>Villa Consorti - Vivi Martinsicuro<\/title>\n<meta name=\"robots\" content=\"index, follow, max-snippet:-1, max-image-preview:large, max-video-preview:-1\" \/>\n<link rel=\"canonical\" href=\"https:\/\/www.vivimartinsicuro.it\/de\/unterkunft\/villa-consorti\/\" \/>\n<meta property=\"og:locale\" content=\"de_DE\" \/>\n<meta property=\"og:type\" content=\"article\" \/>\n<meta property=\"og:title\" content=\"Villa Consorti - Vivi Martinsicuro\" \/>\n<meta property=\"og:description\" content=\"Das B&amp;B Villa Consorti blickt auf eine lange Tradition in der Kunst der Gastlichkeit zur\u00fcck: Es war das erste offizielle Bed &amp; Breakfast in Martinsicuro und eines der ersten in den Abruzzen. Es wurde nach den Prinzipien des Feng Shui komplett renoviert und bietet seinen G\u00e4sten harmonische und ausgewogene R\u00e4umlichkeiten f\u00fcr einen wunderbar erholsamen Urlaub. [&hellip;]\" \/>\n<meta property=\"og:url\" content=\"https:\/\/www.vivimartinsicuro.it\/de\/unterkunft\/villa-consorti\/\" \/>\n<meta property=\"og:site_name\" content=\"Vivi Martinsicuro\" \/>\n<meta property=\"article:modified_time\" content=\"2026-02-04T08:29:55+00:00\" \/>\n<meta name=\"twitter:card\" content=\"summary_large_image\" \/>\n<meta name=\"twitter:label1\" content=\"Gesch\u00e4tzte Lesezeit\" \/>\n\t<meta name=\"twitter:data1\" content=\"1\u00a0Minute\" \/>\n<script type=\"application\/ld+json\" class=\"yoast-schema-graph\">{\"@context\":\"https:\/\/schema.org\",\"@graph\":[{\"@type\":\"WebPage\",\"@id\":\"https:\/\/www.vivimartinsicuro.it\/de\/unterkunft\/villa-consorti\/\",\"url\":\"https:\/\/www.vivimartinsicuro.it\/de\/unterkunft\/villa-consorti\/\",\"name\":\"Villa Consorti - Vivi Martinsicuro\",\"isPartOf\":{\"@id\":\"https:\/\/www.vivimartinsicuro.it\/#website\"},\"datePublished\":\"2025-06-16T14:31:41+00:00\",\"dateModified\":\"2026-02-04T08:29:55+00:00\",\"breadcrumb\":{\"@id\":\"https:\/\/www.vivimartinsicuro.it\/de\/unterkunft\/villa-consorti\/#breadcrumb\"},\"inLanguage\":\"de\",\"potentialAction\":[{\"@type\":\"ReadAction\",\"target\":[\"https:\/\/www.vivimartinsicuro.it\/de\/unterkunft\/villa-consorti\/\"]}]},{\"@type\":\"BreadcrumbList\",\"@id\":\"https:\/\/www.vivimartinsicuro.it\/de\/unterkunft\/villa-consorti\/#breadcrumb\",\"itemListElement\":[{\"@type\":\"ListItem\",\"position\":1,\"name\":\"Home\",\"item\":\"https:\/\/www.vivimartinsicuro.it\/de\/\"},{\"@type\":\"ListItem\",\"position\":2,\"name\":\"Geh\u00e4use\",\"item\":\"https:\/\/www.vivimartinsicuro.it\/de\/unterkunft\/\"},{\"@type\":\"ListItem\",\"position\":3,\"name\":\"Villa Consorti\"}]},{\"@type\":\"WebSite\",\"@id\":\"https:\/\/www.vivimartinsicuro.it\/#website\",\"url\":\"https:\/\/www.vivimartinsicuro.it\/\",\"name\":\"Vivi Martinsicuro\",\"description\":\"Il portale turistico della Porta d&#039;Abruzzo\",\"potentialAction\":[{\"@type\":\"SearchAction\",\"target\":{\"@type\":\"EntryPoint\",\"urlTemplate\":\"https:\/\/www.vivimartinsicuro.it\/?s={search_term_string}\"},\"query-input\":{\"@type\":\"PropertyValueSpecification\",\"valueRequired\":true,\"valueName\":\"search_term_string\"}}],\"inLanguage\":\"de\"}]}<\/script>\n<!-- \/ Yoast SEO plugin. -->","yoast_head_json":{"title":"Villa Consorti - Vivi Martinsicuro","robots":{"index":"index","follow":"follow","max-snippet":"max-snippet:-1","max-image-preview":"max-image-preview:large","max-video-preview":"max-video-preview:-1"},"canonical":"https:\/\/www.vivimartinsicuro.it\/de\/unterkunft\/villa-consorti\/","og_locale":"de_DE","og_type":"article","og_title":"Villa Consorti - Vivi Martinsicuro","og_description":"Das B&amp;B Villa Consorti blickt auf eine lange Tradition in der Kunst der Gastlichkeit zur\u00fcck: Es war das erste offizielle Bed &amp; Breakfast in Martinsicuro und eines der ersten in den Abruzzen. Es wurde nach den Prinzipien des Feng Shui komplett renoviert und bietet seinen G\u00e4sten harmonische und ausgewogene R\u00e4umlichkeiten f\u00fcr einen wunderbar erholsamen Urlaub. [&hellip;]","og_url":"https:\/\/www.vivimartinsicuro.it\/de\/unterkunft\/villa-consorti\/","og_site_name":"Vivi Martinsicuro","article_modified_time":"2026-02-04T08:29:55+00:00","twitter_card":"summary_large_image","twitter_misc":{"Gesch\u00e4tzte Lesezeit":"1\u00a0Minute"},"schema":{"@context":"https:\/\/schema.org","@graph":[{"@type":"WebPage","@id":"https:\/\/www.vivimartinsicuro.it\/de\/unterkunft\/villa-consorti\/","url":"https:\/\/www.vivimartinsicuro.it\/de\/unterkunft\/villa-consorti\/","name":"Villa Consorti - Vivi Martinsicuro","isPartOf":{"@id":"https:\/\/www.vivimartinsicuro.it\/#website"},"datePublished":"2025-06-16T14:31:41+00:00","dateModified":"2026-02-04T08:29:55+00:00","breadcrumb":{"@id":"https:\/\/www.vivimartinsicuro.it\/de\/unterkunft\/villa-consorti\/#breadcrumb"},"inLanguage":"de","potentialAction":[{"@type":"ReadAction","target":["https:\/\/www.vivimartinsicuro.it\/de\/unterkunft\/villa-consorti\/"]}]},{"@type":"BreadcrumbList","@id":"https:\/\/www.vivimartinsicuro.it\/de\/unterkunft\/villa-consorti\/#breadcrumb","itemListElement":[{"@type":"ListItem","position":1,"name":"Home","item":"https:\/\/www.vivimartinsicuro.it\/de\/"},{"@type":"ListItem","position":2,"name":"Geh\u00e4use","item":"https:\/\/www.vivimartinsicuro.it\/de\/unterkunft\/"},{"@type":"ListItem","position":3,"name":"Villa Consorti"}]},{"@type":"WebSite","@id":"https:\/\/www.vivimartinsicuro.it\/#website","url":"https:\/\/www.vivimartinsicuro.it\/","name":"Vivi Martinsicuro","description":"Il portale turistico della Porta d&#039;Abruzzo","potentialAction":[{"@type":"SearchAction","target":{"@type":"EntryPoint","urlTemplate":"https:\/\/www.vivimartinsicuro.it\/?s={search_term_string}"},"query-input":{"@type":"PropertyValueSpecification","valueRequired":true,"valueName":"search_term_string"}}],"inLanguage":"de"}]}},"_links":{"self":[{"href":"https:\/\/www.vivimartinsicuro.it\/de\/wp-json\/wp\/v2\/pages\/6061","targetHints":{"allow":["GET"]}}],"collection":[{"href":"https:\/\/www.vivimartinsicuro.it\/de\/wp-json\/wp\/v2\/pages"}],"about":[{"href":"https:\/\/www.vivimartinsicuro.it\/de\/wp-json\/wp\/v2\/types\/page"}],"author":[{"embeddable":true,"href":"https:\/\/www.vivimartinsicuro.it\/de\/wp-json\/wp\/v2\/users\/1"}],"replies":[{"embeddable":true,"href":"https:\/\/www.vivimartinsicuro.it\/de\/wp-json\/wp\/v2\/comments?post=6061"}],"version-history":[{"count":2,"href":"https:\/\/www.vivimartinsicuro.it\/de\/wp-json\/wp\/v2\/pages\/6061\/revisions"}],"predecessor-version":[{"id":8747,"href":"https:\/\/www.vivimartinsicuro.it\/de\/wp-json\/wp\/v2\/pages\/6061\/revisions\/8747"}],"up":[{"embeddable":true,"href":"https:\/\/www.vivimartinsicuro.it\/de\/wp-json\/wp\/v2\/pages\/4611"}],"wp:attachment":[{"href":"https:\/\/www.vivimartinsicuro.it\/de\/wp-json\/wp\/v2\/media?parent=6061"}],"curies":[{"name":"wp","href":"https:\/\/api.w.org\/{rel}","templated":true}]}}