{"id":6088,"date":"2025-06-18T09:28:20","date_gmt":"2025-06-18T07:28:20","guid":{"rendered":"http:\/\/www.vivimartinsicuro.it\/unterkunft\/graziella-hotel-beach-club\/"},"modified":"2026-02-04T09:29:56","modified_gmt":"2026-02-04T08:29:56","slug":"graziella-hotel-beach-club","status":"publish","type":"page","link":"https:\/\/www.vivimartinsicuro.it\/de\/unterkunft\/graziella-hotel-beach-club\/","title":{"rendered":"Graziella Hotel Beach Club"},"content":{"rendered":"\n<p>Das Meer erleben, die Sonne genie\u00dfen und sich entspannen: <b>Der Graziella Hotel Beach Club in Martinsicuro <\/b>bietet seinen G\u00e4sten alles, was sie sich f\u00fcr einen fantastischen Urlaub in den Abruzzen w\u00fcnschen k\u00f6nnen. Angefangen bei der famili\u00e4ren und zuvorkommenden Gastfreundschaft \u00fcber die hellen und k\u00fcrzlich renovierten Zimmer mit gro\u00dfen, gem\u00fctlichen Balkonen. <b>Die Aufmerksamkeit f\u00fcr Nachhaltigkeit <\/b>zeigt sich in umweltfreundlichen Entscheidungen wie der Photovoltaikanlage und der Klimaanlage der neuesten Generation. Den G\u00e4sten stehen auch ein bequemer <b>Privatparkplatz <\/b>und <b>ein sicherer <\/b>und unterhaltsamer <b>Spielplatz <\/b>f\u00fcr die Kleinen zur Verf\u00fcgung. Die <b>Anlage ist <\/b>auch f\u00fcr Menschen mit Behinderungen <b>zug\u00e4nglich<\/b>. Nur wenige Schritte vom Meer entfernt, bietet das Hotel Graziella unter anderem den unsch\u00e4tzbaren Komfort eines <b>ausgestatteten Privatstrandes<\/b>: Sonnenschirme und Liegen, Toiletten und Duschen, einen Kinderspielplatz und eine Kiosk-Bar, die sich perfekt f\u00fcr ein schnelles Mittagessen, ein k\u00fchles Getr\u00e4nk oder ein leckeres hausgemachtes Eis eignet. F\u00fcr Liebhaber von Aktivurlauben bietet das Hotel einen praktischen <b>Verleihservice <\/b>f\u00fcr<b> SUPs am Strand <\/b>und <b>Fahrr\u00e4der<\/b>, um die Gegend in gem\u00e4chlichem Tempo zu erkunden und ihre Sch\u00f6nheit in vollen Z\u00fcgen zu genie\u00dfen. Martinsicuro ist der perfekte Rahmen f\u00fcr einen Urlaub in den Abruzzen: eine wundersch\u00f6ne Region zwischen Meer und Bergen, reich an Kultur und Geschichte, Kunstd\u00f6rfern, Naturoasen und lebhaften Badeorten.<\/p>\n","protected":false},"excerpt":{"rendered":"<p>Das Meer erleben, die Sonne genie\u00dfen und sich entspannen: Der Graziella Hotel Beach Club in Martinsicuro bietet seinen G\u00e4sten alles, was sie sich f\u00fcr einen fantastischen Urlaub in den Abruzzen w\u00fcnschen k\u00f6nnen. Angefangen bei der famili\u00e4ren und zuvorkommenden Gastfreundschaft \u00fcber die hellen und k\u00fcrzlich renovierten Zimmer mit gro\u00dfen, gem\u00fctlichen Balkonen. Die Aufmerksamkeit f\u00fcr Nachhaltigkeit zeigt [&hellip;]<\/p>\n","protected":false},"author":1,"featured_media":0,"parent":4611,"menu_order":0,"comment_status":"closed","ping_status":"closed","template":"page-templates\/scheda_hotel.php","meta":{"_acf_changed":false,"_et_pb_use_builder":"","_et_pb_old_content":"","_et_gb_content_width":"","inline_featured_image":false,"footnotes":""},"class_list":["post-6088","page","type-page","status-publish","hentry"],"acf":[],"yoast_head":"<!-- This site is optimized with the Yoast SEO plugin v27.1 - https:\/\/yoast.com\/product\/yoast-seo-wordpress\/ -->\n<title>Graziella Hotel Beach Club - Vivi Martinsicuro<\/title>\n<meta name=\"robots\" content=\"index, follow, max-snippet:-1, max-image-preview:large, max-video-preview:-1\" \/>\n<link rel=\"canonical\" href=\"https:\/\/www.vivimartinsicuro.it\/de\/unterkunft\/graziella-hotel-beach-club\/\" \/>\n<meta property=\"og:locale\" content=\"de_DE\" \/>\n<meta property=\"og:type\" content=\"article\" \/>\n<meta property=\"og:title\" content=\"Graziella Hotel Beach Club - Vivi Martinsicuro\" \/>\n<meta property=\"og:description\" content=\"Das Meer erleben, die Sonne genie\u00dfen und sich entspannen: Der Graziella Hotel Beach Club in Martinsicuro bietet seinen G\u00e4sten alles, was sie sich f\u00fcr einen fantastischen Urlaub in den Abruzzen w\u00fcnschen k\u00f6nnen. Angefangen bei der famili\u00e4ren und zuvorkommenden Gastfreundschaft \u00fcber die hellen und k\u00fcrzlich renovierten Zimmer mit gro\u00dfen, gem\u00fctlichen Balkonen. Die Aufmerksamkeit f\u00fcr Nachhaltigkeit zeigt [&hellip;]\" \/>\n<meta property=\"og:url\" content=\"https:\/\/www.vivimartinsicuro.it\/de\/unterkunft\/graziella-hotel-beach-club\/\" \/>\n<meta property=\"og:site_name\" content=\"Vivi Martinsicuro\" \/>\n<meta property=\"article:modified_time\" content=\"2026-02-04T08:29:56+00:00\" \/>\n<meta name=\"twitter:card\" content=\"summary_large_image\" \/>\n<meta name=\"twitter:label1\" content=\"Gesch\u00e4tzte Lesezeit\" \/>\n\t<meta name=\"twitter:data1\" content=\"1\u00a0Minute\" \/>\n<script type=\"application\/ld+json\" class=\"yoast-schema-graph\">{\"@context\":\"https:\/\/schema.org\",\"@graph\":[{\"@type\":\"WebPage\",\"@id\":\"https:\/\/www.vivimartinsicuro.it\/de\/unterkunft\/graziella-hotel-beach-club\/\",\"url\":\"https:\/\/www.vivimartinsicuro.it\/de\/unterkunft\/graziella-hotel-beach-club\/\",\"name\":\"Graziella Hotel Beach Club - Vivi Martinsicuro\",\"isPartOf\":{\"@id\":\"https:\/\/www.vivimartinsicuro.it\/#website\"},\"datePublished\":\"2025-06-18T07:28:20+00:00\",\"dateModified\":\"2026-02-04T08:29:56+00:00\",\"breadcrumb\":{\"@id\":\"https:\/\/www.vivimartinsicuro.it\/de\/unterkunft\/graziella-hotel-beach-club\/#breadcrumb\"},\"inLanguage\":\"de\",\"potentialAction\":[{\"@type\":\"ReadAction\",\"target\":[\"https:\/\/www.vivimartinsicuro.it\/de\/unterkunft\/graziella-hotel-beach-club\/\"]}]},{\"@type\":\"BreadcrumbList\",\"@id\":\"https:\/\/www.vivimartinsicuro.it\/de\/unterkunft\/graziella-hotel-beach-club\/#breadcrumb\",\"itemListElement\":[{\"@type\":\"ListItem\",\"position\":1,\"name\":\"Home\",\"item\":\"https:\/\/www.vivimartinsicuro.it\/de\/\"},{\"@type\":\"ListItem\",\"position\":2,\"name\":\"Geh\u00e4use\",\"item\":\"https:\/\/www.vivimartinsicuro.it\/de\/unterkunft\/\"},{\"@type\":\"ListItem\",\"position\":3,\"name\":\"Graziella Hotel Beach Club\"}]},{\"@type\":\"WebSite\",\"@id\":\"https:\/\/www.vivimartinsicuro.it\/#website\",\"url\":\"https:\/\/www.vivimartinsicuro.it\/\",\"name\":\"Vivi Martinsicuro\",\"description\":\"Il portale turistico della Porta d&#039;Abruzzo\",\"potentialAction\":[{\"@type\":\"SearchAction\",\"target\":{\"@type\":\"EntryPoint\",\"urlTemplate\":\"https:\/\/www.vivimartinsicuro.it\/?s={search_term_string}\"},\"query-input\":{\"@type\":\"PropertyValueSpecification\",\"valueRequired\":true,\"valueName\":\"search_term_string\"}}],\"inLanguage\":\"de\"}]}<\/script>\n<!-- \/ Yoast SEO plugin. -->","yoast_head_json":{"title":"Graziella Hotel Beach Club - Vivi Martinsicuro","robots":{"index":"index","follow":"follow","max-snippet":"max-snippet:-1","max-image-preview":"max-image-preview:large","max-video-preview":"max-video-preview:-1"},"canonical":"https:\/\/www.vivimartinsicuro.it\/de\/unterkunft\/graziella-hotel-beach-club\/","og_locale":"de_DE","og_type":"article","og_title":"Graziella Hotel Beach Club - Vivi Martinsicuro","og_description":"Das Meer erleben, die Sonne genie\u00dfen und sich entspannen: Der Graziella Hotel Beach Club in Martinsicuro bietet seinen G\u00e4sten alles, was sie sich f\u00fcr einen fantastischen Urlaub in den Abruzzen w\u00fcnschen k\u00f6nnen. Angefangen bei der famili\u00e4ren und zuvorkommenden Gastfreundschaft \u00fcber die hellen und k\u00fcrzlich renovierten Zimmer mit gro\u00dfen, gem\u00fctlichen Balkonen. Die Aufmerksamkeit f\u00fcr Nachhaltigkeit zeigt [&hellip;]","og_url":"https:\/\/www.vivimartinsicuro.it\/de\/unterkunft\/graziella-hotel-beach-club\/","og_site_name":"Vivi Martinsicuro","article_modified_time":"2026-02-04T08:29:56+00:00","twitter_card":"summary_large_image","twitter_misc":{"Gesch\u00e4tzte Lesezeit":"1\u00a0Minute"},"schema":{"@context":"https:\/\/schema.org","@graph":[{"@type":"WebPage","@id":"https:\/\/www.vivimartinsicuro.it\/de\/unterkunft\/graziella-hotel-beach-club\/","url":"https:\/\/www.vivimartinsicuro.it\/de\/unterkunft\/graziella-hotel-beach-club\/","name":"Graziella Hotel Beach Club - Vivi Martinsicuro","isPartOf":{"@id":"https:\/\/www.vivimartinsicuro.it\/#website"},"datePublished":"2025-06-18T07:28:20+00:00","dateModified":"2026-02-04T08:29:56+00:00","breadcrumb":{"@id":"https:\/\/www.vivimartinsicuro.it\/de\/unterkunft\/graziella-hotel-beach-club\/#breadcrumb"},"inLanguage":"de","potentialAction":[{"@type":"ReadAction","target":["https:\/\/www.vivimartinsicuro.it\/de\/unterkunft\/graziella-hotel-beach-club\/"]}]},{"@type":"BreadcrumbList","@id":"https:\/\/www.vivimartinsicuro.it\/de\/unterkunft\/graziella-hotel-beach-club\/#breadcrumb","itemListElement":[{"@type":"ListItem","position":1,"name":"Home","item":"https:\/\/www.vivimartinsicuro.it\/de\/"},{"@type":"ListItem","position":2,"name":"Geh\u00e4use","item":"https:\/\/www.vivimartinsicuro.it\/de\/unterkunft\/"},{"@type":"ListItem","position":3,"name":"Graziella Hotel Beach Club"}]},{"@type":"WebSite","@id":"https:\/\/www.vivimartinsicuro.it\/#website","url":"https:\/\/www.vivimartinsicuro.it\/","name":"Vivi Martinsicuro","description":"Il portale turistico della Porta d&#039;Abruzzo","potentialAction":[{"@type":"SearchAction","target":{"@type":"EntryPoint","urlTemplate":"https:\/\/www.vivimartinsicuro.it\/?s={search_term_string}"},"query-input":{"@type":"PropertyValueSpecification","valueRequired":true,"valueName":"search_term_string"}}],"inLanguage":"de"}]}},"_links":{"self":[{"href":"https:\/\/www.vivimartinsicuro.it\/de\/wp-json\/wp\/v2\/pages\/6088","targetHints":{"allow":["GET"]}}],"collection":[{"href":"https:\/\/www.vivimartinsicuro.it\/de\/wp-json\/wp\/v2\/pages"}],"about":[{"href":"https:\/\/www.vivimartinsicuro.it\/de\/wp-json\/wp\/v2\/types\/page"}],"author":[{"embeddable":true,"href":"https:\/\/www.vivimartinsicuro.it\/de\/wp-json\/wp\/v2\/users\/1"}],"replies":[{"embeddable":true,"href":"https:\/\/www.vivimartinsicuro.it\/de\/wp-json\/wp\/v2\/comments?post=6088"}],"version-history":[{"count":2,"href":"https:\/\/www.vivimartinsicuro.it\/de\/wp-json\/wp\/v2\/pages\/6088\/revisions"}],"predecessor-version":[{"id":8748,"href":"https:\/\/www.vivimartinsicuro.it\/de\/wp-json\/wp\/v2\/pages\/6088\/revisions\/8748"}],"up":[{"embeddable":true,"href":"https:\/\/www.vivimartinsicuro.it\/de\/wp-json\/wp\/v2\/pages\/4611"}],"wp:attachment":[{"href":"https:\/\/www.vivimartinsicuro.it\/de\/wp-json\/wp\/v2\/media?parent=6088"}],"curies":[{"name":"wp","href":"https:\/\/api.w.org\/{rel}","templated":true}]}}