{"id":6471,"date":"2025-06-25T09:19:47","date_gmt":"2025-06-25T07:19:47","guid":{"rendered":"https:\/\/www.vivimartinsicuro.it\/unterkunft\/hotel-ars-de-mar\/"},"modified":"2026-02-04T09:29:59","modified_gmt":"2026-02-04T08:29:59","slug":"hotel-ars-de-mar","status":"publish","type":"page","link":"https:\/\/www.vivimartinsicuro.it\/de\/unterkunft\/hotel-ars-de-mar\/","title":{"rendered":"B&#038;B Ars de Mar"},"content":{"rendered":"\n<p>Ein Urlaub am Meer, ein lebhafter Ort und eine wundersch\u00f6ne Region: Das erwartet Sie <b>im B&amp;B Ars de Mar in Martinsicuro<\/b>, einem neuen und komplett renovierten Hotel, in dem jedes Detail darauf ausgerichtet ist, Ihnen h\u00f6chsten Komfort und Gastfreundschaft zu bieten. Ein <b>herzlicher und famili\u00e4rer Empfang<\/b>, sch\u00f6ne und luftige Zimmer mit <b>WLAN und Klimaanlage, <\/b>die M\u00f6glichkeit, <b>innerhalb der Anlage zu parken<\/b>, die <b>N\u00e4he zur Strandpromenade und zum Radweg <\/b>sind das gewisse Extra, das Ihren Aufenthalt einzigartig macht. Die g\u00fcnstige Lage des Ars de Mar ist wirklich unbezahlbar: <b>nur 200 Meter vom langen goldenen Strand <\/b>mit seinem klaren Meer und dem flachen Wasser <b>entfernt<\/b>, perfekt auch f\u00fcr Familien mit kleinen Kindern. In Martinsicuro <b>erwacht der Sommer zum Leben<\/b>, mit Lokalen, Gesch\u00e4ften und einem reichhaltigen Veranstaltungskalender mit Unterhaltung, Gastronomie und Entdeckungen. Rundherum <b>gibt es <\/b>eine <b>faszinierende Region zu entdecken<\/b>: von der malerischen Costa dei Trabocchi \u00fcber den Nationalpark Gran Sasso bis hin zu historischen D\u00f6rfern und Kunstst\u00e4dten. Ein Erlebnis, das im Herzen bleibt!<\/p>\n","protected":false},"excerpt":{"rendered":"<p>Ein Urlaub am Meer, ein lebhafter Ort und eine wundersch\u00f6ne Region: Das erwartet Sie im B&amp;B Ars de Mar in Martinsicuro, einem neuen und komplett renovierten Hotel, in dem jedes Detail darauf ausgerichtet ist, Ihnen h\u00f6chsten Komfort und Gastfreundschaft zu bieten. Ein herzlicher und famili\u00e4rer Empfang, sch\u00f6ne und luftige Zimmer mit WLAN und Klimaanlage, die [&hellip;]<\/p>\n","protected":false},"author":1,"featured_media":0,"parent":4611,"menu_order":0,"comment_status":"closed","ping_status":"closed","template":"page-templates\/scheda_hotel.php","meta":{"_acf_changed":false,"_et_pb_use_builder":"","_et_pb_old_content":"","_et_gb_content_width":"","inline_featured_image":false,"footnotes":""},"class_list":["post-6471","page","type-page","status-publish","hentry"],"acf":[],"yoast_head":"<!-- This site is optimized with the Yoast SEO plugin v27.1 - https:\/\/yoast.com\/product\/yoast-seo-wordpress\/ -->\n<title>B&amp;B Ars de Mar - Vivi Martinsicuro<\/title>\n<meta name=\"robots\" content=\"index, follow, max-snippet:-1, max-image-preview:large, max-video-preview:-1\" \/>\n<link rel=\"canonical\" href=\"https:\/\/www.vivimartinsicuro.it\/de\/unterkunft\/hotel-ars-de-mar\/\" \/>\n<meta property=\"og:locale\" content=\"de_DE\" \/>\n<meta property=\"og:type\" content=\"article\" \/>\n<meta property=\"og:title\" content=\"B&amp;B Ars de Mar - Vivi Martinsicuro\" \/>\n<meta property=\"og:description\" content=\"Ein Urlaub am Meer, ein lebhafter Ort und eine wundersch\u00f6ne Region: Das erwartet Sie im B&amp;B Ars de Mar in Martinsicuro, einem neuen und komplett renovierten Hotel, in dem jedes Detail darauf ausgerichtet ist, Ihnen h\u00f6chsten Komfort und Gastfreundschaft zu bieten. Ein herzlicher und famili\u00e4rer Empfang, sch\u00f6ne und luftige Zimmer mit WLAN und Klimaanlage, die [&hellip;]\" \/>\n<meta property=\"og:url\" content=\"https:\/\/www.vivimartinsicuro.it\/de\/unterkunft\/hotel-ars-de-mar\/\" \/>\n<meta property=\"og:site_name\" content=\"Vivi Martinsicuro\" \/>\n<meta property=\"article:modified_time\" content=\"2026-02-04T08:29:59+00:00\" \/>\n<meta name=\"twitter:card\" content=\"summary_large_image\" \/>\n<meta name=\"twitter:label1\" content=\"Gesch\u00e4tzte Lesezeit\" \/>\n\t<meta name=\"twitter:data1\" content=\"1\u00a0Minute\" \/>\n<script type=\"application\/ld+json\" class=\"yoast-schema-graph\">{\"@context\":\"https:\/\/schema.org\",\"@graph\":[{\"@type\":\"WebPage\",\"@id\":\"https:\/\/www.vivimartinsicuro.it\/de\/unterkunft\/hotel-ars-de-mar\/\",\"url\":\"https:\/\/www.vivimartinsicuro.it\/de\/unterkunft\/hotel-ars-de-mar\/\",\"name\":\"B&B Ars de Mar - Vivi Martinsicuro\",\"isPartOf\":{\"@id\":\"https:\/\/www.vivimartinsicuro.it\/#website\"},\"datePublished\":\"2025-06-25T07:19:47+00:00\",\"dateModified\":\"2026-02-04T08:29:59+00:00\",\"breadcrumb\":{\"@id\":\"https:\/\/www.vivimartinsicuro.it\/de\/unterkunft\/hotel-ars-de-mar\/#breadcrumb\"},\"inLanguage\":\"de\",\"potentialAction\":[{\"@type\":\"ReadAction\",\"target\":[\"https:\/\/www.vivimartinsicuro.it\/de\/unterkunft\/hotel-ars-de-mar\/\"]}]},{\"@type\":\"BreadcrumbList\",\"@id\":\"https:\/\/www.vivimartinsicuro.it\/de\/unterkunft\/hotel-ars-de-mar\/#breadcrumb\",\"itemListElement\":[{\"@type\":\"ListItem\",\"position\":1,\"name\":\"Home\",\"item\":\"https:\/\/www.vivimartinsicuro.it\/de\/\"},{\"@type\":\"ListItem\",\"position\":2,\"name\":\"Geh\u00e4use\",\"item\":\"https:\/\/www.vivimartinsicuro.it\/de\/unterkunft\/\"},{\"@type\":\"ListItem\",\"position\":3,\"name\":\"B&#038;B Ars de Mar\"}]},{\"@type\":\"WebSite\",\"@id\":\"https:\/\/www.vivimartinsicuro.it\/#website\",\"url\":\"https:\/\/www.vivimartinsicuro.it\/\",\"name\":\"Vivi Martinsicuro\",\"description\":\"Il portale turistico della Porta d&#039;Abruzzo\",\"potentialAction\":[{\"@type\":\"SearchAction\",\"target\":{\"@type\":\"EntryPoint\",\"urlTemplate\":\"https:\/\/www.vivimartinsicuro.it\/?s={search_term_string}\"},\"query-input\":{\"@type\":\"PropertyValueSpecification\",\"valueRequired\":true,\"valueName\":\"search_term_string\"}}],\"inLanguage\":\"de\"}]}<\/script>\n<!-- \/ Yoast SEO plugin. -->","yoast_head_json":{"title":"B&B Ars de Mar - Vivi Martinsicuro","robots":{"index":"index","follow":"follow","max-snippet":"max-snippet:-1","max-image-preview":"max-image-preview:large","max-video-preview":"max-video-preview:-1"},"canonical":"https:\/\/www.vivimartinsicuro.it\/de\/unterkunft\/hotel-ars-de-mar\/","og_locale":"de_DE","og_type":"article","og_title":"B&B Ars de Mar - Vivi Martinsicuro","og_description":"Ein Urlaub am Meer, ein lebhafter Ort und eine wundersch\u00f6ne Region: Das erwartet Sie im B&amp;B Ars de Mar in Martinsicuro, einem neuen und komplett renovierten Hotel, in dem jedes Detail darauf ausgerichtet ist, Ihnen h\u00f6chsten Komfort und Gastfreundschaft zu bieten. Ein herzlicher und famili\u00e4rer Empfang, sch\u00f6ne und luftige Zimmer mit WLAN und Klimaanlage, die [&hellip;]","og_url":"https:\/\/www.vivimartinsicuro.it\/de\/unterkunft\/hotel-ars-de-mar\/","og_site_name":"Vivi Martinsicuro","article_modified_time":"2026-02-04T08:29:59+00:00","twitter_card":"summary_large_image","twitter_misc":{"Gesch\u00e4tzte Lesezeit":"1\u00a0Minute"},"schema":{"@context":"https:\/\/schema.org","@graph":[{"@type":"WebPage","@id":"https:\/\/www.vivimartinsicuro.it\/de\/unterkunft\/hotel-ars-de-mar\/","url":"https:\/\/www.vivimartinsicuro.it\/de\/unterkunft\/hotel-ars-de-mar\/","name":"B&B Ars de Mar - Vivi Martinsicuro","isPartOf":{"@id":"https:\/\/www.vivimartinsicuro.it\/#website"},"datePublished":"2025-06-25T07:19:47+00:00","dateModified":"2026-02-04T08:29:59+00:00","breadcrumb":{"@id":"https:\/\/www.vivimartinsicuro.it\/de\/unterkunft\/hotel-ars-de-mar\/#breadcrumb"},"inLanguage":"de","potentialAction":[{"@type":"ReadAction","target":["https:\/\/www.vivimartinsicuro.it\/de\/unterkunft\/hotel-ars-de-mar\/"]}]},{"@type":"BreadcrumbList","@id":"https:\/\/www.vivimartinsicuro.it\/de\/unterkunft\/hotel-ars-de-mar\/#breadcrumb","itemListElement":[{"@type":"ListItem","position":1,"name":"Home","item":"https:\/\/www.vivimartinsicuro.it\/de\/"},{"@type":"ListItem","position":2,"name":"Geh\u00e4use","item":"https:\/\/www.vivimartinsicuro.it\/de\/unterkunft\/"},{"@type":"ListItem","position":3,"name":"B&#038;B Ars de Mar"}]},{"@type":"WebSite","@id":"https:\/\/www.vivimartinsicuro.it\/#website","url":"https:\/\/www.vivimartinsicuro.it\/","name":"Vivi Martinsicuro","description":"Il portale turistico della Porta d&#039;Abruzzo","potentialAction":[{"@type":"SearchAction","target":{"@type":"EntryPoint","urlTemplate":"https:\/\/www.vivimartinsicuro.it\/?s={search_term_string}"},"query-input":{"@type":"PropertyValueSpecification","valueRequired":true,"valueName":"search_term_string"}}],"inLanguage":"de"}]}},"_links":{"self":[{"href":"https:\/\/www.vivimartinsicuro.it\/de\/wp-json\/wp\/v2\/pages\/6471","targetHints":{"allow":["GET"]}}],"collection":[{"href":"https:\/\/www.vivimartinsicuro.it\/de\/wp-json\/wp\/v2\/pages"}],"about":[{"href":"https:\/\/www.vivimartinsicuro.it\/de\/wp-json\/wp\/v2\/types\/page"}],"author":[{"embeddable":true,"href":"https:\/\/www.vivimartinsicuro.it\/de\/wp-json\/wp\/v2\/users\/1"}],"replies":[{"embeddable":true,"href":"https:\/\/www.vivimartinsicuro.it\/de\/wp-json\/wp\/v2\/comments?post=6471"}],"version-history":[{"count":3,"href":"https:\/\/www.vivimartinsicuro.it\/de\/wp-json\/wp\/v2\/pages\/6471\/revisions"}],"predecessor-version":[{"id":8750,"href":"https:\/\/www.vivimartinsicuro.it\/de\/wp-json\/wp\/v2\/pages\/6471\/revisions\/8750"}],"up":[{"embeddable":true,"href":"https:\/\/www.vivimartinsicuro.it\/de\/wp-json\/wp\/v2\/pages\/4611"}],"wp:attachment":[{"href":"https:\/\/www.vivimartinsicuro.it\/de\/wp-json\/wp\/v2\/media?parent=6471"}],"curies":[{"name":"wp","href":"https:\/\/api.w.org\/{rel}","templated":true}]}}