{"id":6637,"date":"2025-06-30T16:52:13","date_gmt":"2025-06-30T14:52:13","guid":{"rendered":"https:\/\/www.vivimartinsicuro.it\/unterkunft\/residence-acquasuite\/"},"modified":"2026-02-04T09:30:01","modified_gmt":"2026-02-04T08:30:01","slug":"residence-acquasuite","status":"publish","type":"page","link":"https:\/\/www.vivimartinsicuro.it\/de\/unterkunft\/residence-acquasuite\/","title":{"rendered":"Residence Acquasuite"},"content":{"rendered":"\n<p>An <b>der Strandpromenade von Martinsicuro <\/b>liegt die <b>Residence Acquasuite<\/b>, eine brandneue Anlage mit gem\u00fctlichen <b>Apartments in minimalistischem, zeitgen\u00f6ssischem Design<\/b>, die mit <b>allen Annehmlichkeiten <\/b>f\u00fcr einen unvergesslichen Urlaub ausgestattet <b>sind<\/b>. Der von Palmen umgebene <b>Au\u00dfenpool <\/b>verf\u00fcgt \u00fcber <b>einen Whirlpool <\/b>und Wasserf\u00e4lle, an denen Sie sich an Sommertagen entspannen und vergn\u00fcgen k\u00f6nnen. In der gesamten Residenz steht <b>kostenloses WLAN<\/b> zur Verf\u00fcgung, und f\u00fcr den Komfort der G\u00e4ste gibt es einen <b>privaten Parkplatz<\/b>. Etwa<b> 500 Meter <\/b>entfernt befindet sich die <b>private Badeanstalt <\/b>mit einem sanft zum Meer abfallenden Strand mit <b>feinem<\/b>, goldenem <b>Sand <\/b>und <b>klarem<\/b>, <b>sauberem Wasser<\/b>. Dank des <b>Fahrradverleihs <\/b>der Residenz \u2013 komplett mit Kindersitzen und <b>Helmen <\/b>\u2013 k\u00f6nnen Sie auf dem malerischen Radweg entlang der Strandpromenade zwischen Palmen, Oleandern und Tamarisken radeln. Der Radweg verbindet Martinsicuro mit den Nachbarorten Alba Adriatica, Tortoreto, Giulianova und Cologna und bietet dabei wirklich eindrucksvolle Ausblicke. Martinsicuro ist ein moderner Badeort, perfekt f\u00fcr einen Urlaub voller <b>Entspannung <\/b>und <b>Natur<\/b>, <b>Sport <\/b>und <b>Spa\u00df<\/b>. Seine K\u00fcste zeichnet sich durch sch\u00f6ne Sandd\u00fcnen, lange Str\u00e4nde und das t\u00fcrkisfarbene Meer aus. In der Umgebung gibt es zahlreiche Sehensw\u00fcrdigkeiten zu entdecken: bezaubernde <b>Naturparks <\/b>wie der Gran Sasso, <b>mittelalterliche D\u00f6rfer <\/b>und <b>Kunstst\u00e4dte <\/b>wie L&#039;Aquila, Teramo und Collemaggio.<\/p>\n","protected":false},"excerpt":{"rendered":"<p>An der Strandpromenade von Martinsicuro liegt die Residence Acquasuite, eine brandneue Anlage mit gem\u00fctlichen Apartments in minimalistischem, zeitgen\u00f6ssischem Design, die mit allen Annehmlichkeiten f\u00fcr einen unvergesslichen Urlaub ausgestattet sind. Der von Palmen umgebene Au\u00dfenpool verf\u00fcgt \u00fcber einen Whirlpool und Wasserf\u00e4lle, an denen Sie sich an Sommertagen entspannen und vergn\u00fcgen k\u00f6nnen. In der gesamten Residenz steht [&hellip;]<\/p>\n","protected":false},"author":1,"featured_media":0,"parent":4611,"menu_order":0,"comment_status":"closed","ping_status":"closed","template":"page-templates\/scheda_hotel.php","meta":{"_acf_changed":false,"_et_pb_use_builder":"","_et_pb_old_content":"","_et_gb_content_width":"","inline_featured_image":false,"footnotes":""},"class_list":["post-6637","page","type-page","status-publish","hentry"],"acf":[],"yoast_head":"<!-- This site is optimized with the Yoast SEO plugin v27.1 - https:\/\/yoast.com\/product\/yoast-seo-wordpress\/ -->\n<title>Residence Acquasuite - Vivi Martinsicuro<\/title>\n<meta name=\"robots\" content=\"index, follow, max-snippet:-1, max-image-preview:large, max-video-preview:-1\" \/>\n<link rel=\"canonical\" href=\"https:\/\/www.vivimartinsicuro.it\/de\/unterkunft\/residence-acquasuite\/\" \/>\n<meta property=\"og:locale\" content=\"de_DE\" \/>\n<meta property=\"og:type\" content=\"article\" \/>\n<meta property=\"og:title\" content=\"Residence Acquasuite - Vivi Martinsicuro\" \/>\n<meta property=\"og:description\" content=\"An der Strandpromenade von Martinsicuro liegt die Residence Acquasuite, eine brandneue Anlage mit gem\u00fctlichen Apartments in minimalistischem, zeitgen\u00f6ssischem Design, die mit allen Annehmlichkeiten f\u00fcr einen unvergesslichen Urlaub ausgestattet sind. Der von Palmen umgebene Au\u00dfenpool verf\u00fcgt \u00fcber einen Whirlpool und Wasserf\u00e4lle, an denen Sie sich an Sommertagen entspannen und vergn\u00fcgen k\u00f6nnen. In der gesamten Residenz steht [&hellip;]\" \/>\n<meta property=\"og:url\" content=\"https:\/\/www.vivimartinsicuro.it\/de\/unterkunft\/residence-acquasuite\/\" \/>\n<meta property=\"og:site_name\" content=\"Vivi Martinsicuro\" \/>\n<meta property=\"article:modified_time\" content=\"2026-02-04T08:30:01+00:00\" \/>\n<meta name=\"twitter:card\" content=\"summary_large_image\" \/>\n<meta name=\"twitter:label1\" content=\"Gesch\u00e4tzte Lesezeit\" \/>\n\t<meta name=\"twitter:data1\" content=\"1\u00a0Minute\" \/>\n<script type=\"application\/ld+json\" class=\"yoast-schema-graph\">{\"@context\":\"https:\/\/schema.org\",\"@graph\":[{\"@type\":\"WebPage\",\"@id\":\"https:\/\/www.vivimartinsicuro.it\/de\/unterkunft\/residence-acquasuite\/\",\"url\":\"https:\/\/www.vivimartinsicuro.it\/de\/unterkunft\/residence-acquasuite\/\",\"name\":\"Residence Acquasuite - Vivi Martinsicuro\",\"isPartOf\":{\"@id\":\"https:\/\/www.vivimartinsicuro.it\/#website\"},\"datePublished\":\"2025-06-30T14:52:13+00:00\",\"dateModified\":\"2026-02-04T08:30:01+00:00\",\"breadcrumb\":{\"@id\":\"https:\/\/www.vivimartinsicuro.it\/de\/unterkunft\/residence-acquasuite\/#breadcrumb\"},\"inLanguage\":\"de\",\"potentialAction\":[{\"@type\":\"ReadAction\",\"target\":[\"https:\/\/www.vivimartinsicuro.it\/de\/unterkunft\/residence-acquasuite\/\"]}]},{\"@type\":\"BreadcrumbList\",\"@id\":\"https:\/\/www.vivimartinsicuro.it\/de\/unterkunft\/residence-acquasuite\/#breadcrumb\",\"itemListElement\":[{\"@type\":\"ListItem\",\"position\":1,\"name\":\"Home\",\"item\":\"https:\/\/www.vivimartinsicuro.it\/de\/\"},{\"@type\":\"ListItem\",\"position\":2,\"name\":\"Geh\u00e4use\",\"item\":\"https:\/\/www.vivimartinsicuro.it\/de\/unterkunft\/\"},{\"@type\":\"ListItem\",\"position\":3,\"name\":\"Residence Acquasuite\"}]},{\"@type\":\"WebSite\",\"@id\":\"https:\/\/www.vivimartinsicuro.it\/#website\",\"url\":\"https:\/\/www.vivimartinsicuro.it\/\",\"name\":\"Vivi Martinsicuro\",\"description\":\"Il portale turistico della Porta d&#039;Abruzzo\",\"potentialAction\":[{\"@type\":\"SearchAction\",\"target\":{\"@type\":\"EntryPoint\",\"urlTemplate\":\"https:\/\/www.vivimartinsicuro.it\/?s={search_term_string}\"},\"query-input\":{\"@type\":\"PropertyValueSpecification\",\"valueRequired\":true,\"valueName\":\"search_term_string\"}}],\"inLanguage\":\"de\"}]}<\/script>\n<!-- \/ Yoast SEO plugin. -->","yoast_head_json":{"title":"Residence Acquasuite - Vivi Martinsicuro","robots":{"index":"index","follow":"follow","max-snippet":"max-snippet:-1","max-image-preview":"max-image-preview:large","max-video-preview":"max-video-preview:-1"},"canonical":"https:\/\/www.vivimartinsicuro.it\/de\/unterkunft\/residence-acquasuite\/","og_locale":"de_DE","og_type":"article","og_title":"Residence Acquasuite - Vivi Martinsicuro","og_description":"An der Strandpromenade von Martinsicuro liegt die Residence Acquasuite, eine brandneue Anlage mit gem\u00fctlichen Apartments in minimalistischem, zeitgen\u00f6ssischem Design, die mit allen Annehmlichkeiten f\u00fcr einen unvergesslichen Urlaub ausgestattet sind. Der von Palmen umgebene Au\u00dfenpool verf\u00fcgt \u00fcber einen Whirlpool und Wasserf\u00e4lle, an denen Sie sich an Sommertagen entspannen und vergn\u00fcgen k\u00f6nnen. In der gesamten Residenz steht [&hellip;]","og_url":"https:\/\/www.vivimartinsicuro.it\/de\/unterkunft\/residence-acquasuite\/","og_site_name":"Vivi Martinsicuro","article_modified_time":"2026-02-04T08:30:01+00:00","twitter_card":"summary_large_image","twitter_misc":{"Gesch\u00e4tzte Lesezeit":"1\u00a0Minute"},"schema":{"@context":"https:\/\/schema.org","@graph":[{"@type":"WebPage","@id":"https:\/\/www.vivimartinsicuro.it\/de\/unterkunft\/residence-acquasuite\/","url":"https:\/\/www.vivimartinsicuro.it\/de\/unterkunft\/residence-acquasuite\/","name":"Residence Acquasuite - Vivi Martinsicuro","isPartOf":{"@id":"https:\/\/www.vivimartinsicuro.it\/#website"},"datePublished":"2025-06-30T14:52:13+00:00","dateModified":"2026-02-04T08:30:01+00:00","breadcrumb":{"@id":"https:\/\/www.vivimartinsicuro.it\/de\/unterkunft\/residence-acquasuite\/#breadcrumb"},"inLanguage":"de","potentialAction":[{"@type":"ReadAction","target":["https:\/\/www.vivimartinsicuro.it\/de\/unterkunft\/residence-acquasuite\/"]}]},{"@type":"BreadcrumbList","@id":"https:\/\/www.vivimartinsicuro.it\/de\/unterkunft\/residence-acquasuite\/#breadcrumb","itemListElement":[{"@type":"ListItem","position":1,"name":"Home","item":"https:\/\/www.vivimartinsicuro.it\/de\/"},{"@type":"ListItem","position":2,"name":"Geh\u00e4use","item":"https:\/\/www.vivimartinsicuro.it\/de\/unterkunft\/"},{"@type":"ListItem","position":3,"name":"Residence Acquasuite"}]},{"@type":"WebSite","@id":"https:\/\/www.vivimartinsicuro.it\/#website","url":"https:\/\/www.vivimartinsicuro.it\/","name":"Vivi Martinsicuro","description":"Il portale turistico della Porta d&#039;Abruzzo","potentialAction":[{"@type":"SearchAction","target":{"@type":"EntryPoint","urlTemplate":"https:\/\/www.vivimartinsicuro.it\/?s={search_term_string}"},"query-input":{"@type":"PropertyValueSpecification","valueRequired":true,"valueName":"search_term_string"}}],"inLanguage":"de"}]}},"_links":{"self":[{"href":"https:\/\/www.vivimartinsicuro.it\/de\/wp-json\/wp\/v2\/pages\/6637","targetHints":{"allow":["GET"]}}],"collection":[{"href":"https:\/\/www.vivimartinsicuro.it\/de\/wp-json\/wp\/v2\/pages"}],"about":[{"href":"https:\/\/www.vivimartinsicuro.it\/de\/wp-json\/wp\/v2\/types\/page"}],"author":[{"embeddable":true,"href":"https:\/\/www.vivimartinsicuro.it\/de\/wp-json\/wp\/v2\/users\/1"}],"replies":[{"embeddable":true,"href":"https:\/\/www.vivimartinsicuro.it\/de\/wp-json\/wp\/v2\/comments?post=6637"}],"version-history":[{"count":2,"href":"https:\/\/www.vivimartinsicuro.it\/de\/wp-json\/wp\/v2\/pages\/6637\/revisions"}],"predecessor-version":[{"id":8751,"href":"https:\/\/www.vivimartinsicuro.it\/de\/wp-json\/wp\/v2\/pages\/6637\/revisions\/8751"}],"up":[{"embeddable":true,"href":"https:\/\/www.vivimartinsicuro.it\/de\/wp-json\/wp\/v2\/pages\/4611"}],"wp:attachment":[{"href":"https:\/\/www.vivimartinsicuro.it\/de\/wp-json\/wp\/v2\/media?parent=6637"}],"curies":[{"name":"wp","href":"https:\/\/api.w.org\/{rel}","templated":true}]}}