{"id":7466,"date":"2025-07-31T09:17:28","date_gmt":"2025-07-31T07:17:28","guid":{"rendered":"https:\/\/www.vivimartinsicuro.it\/unterkunft\/hotel-holiday\/"},"modified":"2026-02-04T09:30:07","modified_gmt":"2026-02-04T08:30:07","slug":"hotel-holiday","status":"publish","type":"page","link":"https:\/\/www.vivimartinsicuro.it\/de\/unterkunft\/hotel-holiday\/","title":{"rendered":"Hotel Holiday"},"content":{"rendered":"\n<p>Sonne, Meer und Entspannung<b> 50 Meter vom Strand <\/b>entfernt: Willkommen <b>im Hotel Holiday<\/b>! In der N\u00e4he des Meeres und in einer der ruhigsten Gegenden von <b>Villarosa di Martinsicuro<\/b>. Die G\u00e4ste k\u00f6nnen zwischen <b>luftigen Zimmern oder gepflegten Apartments <\/b>mit allem Komfort w\u00e4hlen. Zu den beliebtesten Dienstleistungen z\u00e4hlen der <b>Swimmingpool<\/b>, der <b>Whirlpool<\/b>, die <b>Entspannungsterrasse <\/b>und der <b>Fahrradverleih<\/b>, um die Umgebung zu erkunden. Der <b>private Strand mit Chalet-Caf\u00e9 <\/b>hat feinen goldenen Sand und sauberes, flaches Meer, perfekt f\u00fcr die Kleinsten. F\u00fcr Kinder gibt es auch einen <b>t\u00e4glichen Mini-Club-Service <\/b>mit einem <b>reichhaltigen Aktivit\u00e4tenprogramm<\/b>: Schatzsuche, Gruppenspiele, Kreativworkshops, Spiele im Pool und Minishows. Jeden Abend ist das mit Spannung erwartete Highlight f\u00fcr alle Kinder der <b>Baby Dance, gefolgt von Shows, Comedy-Variet\u00e9 und Themenpartys <\/b>am Strand. F\u00fcr Liebhaber von Aktivurlauben bietet das Hotel Holiday ein <b>reichhaltiges und abwechslungsreiches Sportprogramm <\/b>mit Fitnesskursen, Aktivit\u00e4ten aller Art und spannenden Turnieren. Die Lage des Hotels macht es <b>zu<\/b> einem <b>perfekten Ausgangspunkt<\/b>,<b> um die Sch\u00f6nheiten der Abruzzen <\/b>zwischen K\u00fcste und Bergen, Naturparks und historischen D\u00f6rfern voller Charme <b>zu erkunden<\/b>.<\/p>\n","protected":false},"excerpt":{"rendered":"<p>Sonne, Meer und Entspannung 50 Meter vom Strand entfernt: Willkommen im Hotel Holiday! In der N\u00e4he des Meeres und in einer der ruhigsten Gegenden von Villarosa di Martinsicuro. Die G\u00e4ste k\u00f6nnen zwischen luftigen Zimmern oder gepflegten Apartments mit allem Komfort w\u00e4hlen. Zu den beliebtesten Dienstleistungen z\u00e4hlen der Swimmingpool, der Whirlpool, die Entspannungsterrasse und der Fahrradverleih, [&hellip;]<\/p>\n","protected":false},"author":1,"featured_media":0,"parent":4611,"menu_order":0,"comment_status":"closed","ping_status":"closed","template":"page-templates\/scheda_hotel.php","meta":{"_acf_changed":false,"_et_pb_use_builder":"","_et_pb_old_content":"","_et_gb_content_width":"","inline_featured_image":false,"footnotes":""},"class_list":["post-7466","page","type-page","status-publish","hentry"],"acf":[],"yoast_head":"<!-- This site is optimized with the Yoast SEO plugin v27.1 - https:\/\/yoast.com\/product\/yoast-seo-wordpress\/ -->\n<title>Hotel Holiday - Vivi Martinsicuro<\/title>\n<meta name=\"robots\" content=\"index, follow, max-snippet:-1, max-image-preview:large, max-video-preview:-1\" \/>\n<link rel=\"canonical\" href=\"https:\/\/www.vivimartinsicuro.it\/de\/unterkunft\/hotel-holiday\/\" \/>\n<meta property=\"og:locale\" content=\"de_DE\" \/>\n<meta property=\"og:type\" content=\"article\" \/>\n<meta property=\"og:title\" content=\"Hotel Holiday - Vivi Martinsicuro\" \/>\n<meta property=\"og:description\" content=\"Sonne, Meer und Entspannung 50 Meter vom Strand entfernt: Willkommen im Hotel Holiday! In der N\u00e4he des Meeres und in einer der ruhigsten Gegenden von Villarosa di Martinsicuro. Die G\u00e4ste k\u00f6nnen zwischen luftigen Zimmern oder gepflegten Apartments mit allem Komfort w\u00e4hlen. Zu den beliebtesten Dienstleistungen z\u00e4hlen der Swimmingpool, der Whirlpool, die Entspannungsterrasse und der Fahrradverleih, [&hellip;]\" \/>\n<meta property=\"og:url\" content=\"https:\/\/www.vivimartinsicuro.it\/de\/unterkunft\/hotel-holiday\/\" \/>\n<meta property=\"og:site_name\" content=\"Vivi Martinsicuro\" \/>\n<meta property=\"article:modified_time\" content=\"2026-02-04T08:30:07+00:00\" \/>\n<meta name=\"twitter:card\" content=\"summary_large_image\" \/>\n<meta name=\"twitter:label1\" content=\"Gesch\u00e4tzte Lesezeit\" \/>\n\t<meta name=\"twitter:data1\" content=\"1\u00a0Minute\" \/>\n<script type=\"application\/ld+json\" class=\"yoast-schema-graph\">{\"@context\":\"https:\/\/schema.org\",\"@graph\":[{\"@type\":\"WebPage\",\"@id\":\"https:\/\/www.vivimartinsicuro.it\/de\/unterkunft\/hotel-holiday\/\",\"url\":\"https:\/\/www.vivimartinsicuro.it\/de\/unterkunft\/hotel-holiday\/\",\"name\":\"Hotel Holiday - Vivi Martinsicuro\",\"isPartOf\":{\"@id\":\"https:\/\/www.vivimartinsicuro.it\/#website\"},\"datePublished\":\"2025-07-31T07:17:28+00:00\",\"dateModified\":\"2026-02-04T08:30:07+00:00\",\"breadcrumb\":{\"@id\":\"https:\/\/www.vivimartinsicuro.it\/de\/unterkunft\/hotel-holiday\/#breadcrumb\"},\"inLanguage\":\"de\",\"potentialAction\":[{\"@type\":\"ReadAction\",\"target\":[\"https:\/\/www.vivimartinsicuro.it\/de\/unterkunft\/hotel-holiday\/\"]}]},{\"@type\":\"BreadcrumbList\",\"@id\":\"https:\/\/www.vivimartinsicuro.it\/de\/unterkunft\/hotel-holiday\/#breadcrumb\",\"itemListElement\":[{\"@type\":\"ListItem\",\"position\":1,\"name\":\"Home\",\"item\":\"https:\/\/www.vivimartinsicuro.it\/de\/\"},{\"@type\":\"ListItem\",\"position\":2,\"name\":\"Geh\u00e4use\",\"item\":\"https:\/\/www.vivimartinsicuro.it\/de\/unterkunft\/\"},{\"@type\":\"ListItem\",\"position\":3,\"name\":\"Hotel Holiday\"}]},{\"@type\":\"WebSite\",\"@id\":\"https:\/\/www.vivimartinsicuro.it\/#website\",\"url\":\"https:\/\/www.vivimartinsicuro.it\/\",\"name\":\"Vivi Martinsicuro\",\"description\":\"Il portale turistico della Porta d&#039;Abruzzo\",\"potentialAction\":[{\"@type\":\"SearchAction\",\"target\":{\"@type\":\"EntryPoint\",\"urlTemplate\":\"https:\/\/www.vivimartinsicuro.it\/?s={search_term_string}\"},\"query-input\":{\"@type\":\"PropertyValueSpecification\",\"valueRequired\":true,\"valueName\":\"search_term_string\"}}],\"inLanguage\":\"de\"}]}<\/script>\n<!-- \/ Yoast SEO plugin. -->","yoast_head_json":{"title":"Hotel Holiday - Vivi Martinsicuro","robots":{"index":"index","follow":"follow","max-snippet":"max-snippet:-1","max-image-preview":"max-image-preview:large","max-video-preview":"max-video-preview:-1"},"canonical":"https:\/\/www.vivimartinsicuro.it\/de\/unterkunft\/hotel-holiday\/","og_locale":"de_DE","og_type":"article","og_title":"Hotel Holiday - Vivi Martinsicuro","og_description":"Sonne, Meer und Entspannung 50 Meter vom Strand entfernt: Willkommen im Hotel Holiday! In der N\u00e4he des Meeres und in einer der ruhigsten Gegenden von Villarosa di Martinsicuro. Die G\u00e4ste k\u00f6nnen zwischen luftigen Zimmern oder gepflegten Apartments mit allem Komfort w\u00e4hlen. Zu den beliebtesten Dienstleistungen z\u00e4hlen der Swimmingpool, der Whirlpool, die Entspannungsterrasse und der Fahrradverleih, [&hellip;]","og_url":"https:\/\/www.vivimartinsicuro.it\/de\/unterkunft\/hotel-holiday\/","og_site_name":"Vivi Martinsicuro","article_modified_time":"2026-02-04T08:30:07+00:00","twitter_card":"summary_large_image","twitter_misc":{"Gesch\u00e4tzte Lesezeit":"1\u00a0Minute"},"schema":{"@context":"https:\/\/schema.org","@graph":[{"@type":"WebPage","@id":"https:\/\/www.vivimartinsicuro.it\/de\/unterkunft\/hotel-holiday\/","url":"https:\/\/www.vivimartinsicuro.it\/de\/unterkunft\/hotel-holiday\/","name":"Hotel Holiday - Vivi Martinsicuro","isPartOf":{"@id":"https:\/\/www.vivimartinsicuro.it\/#website"},"datePublished":"2025-07-31T07:17:28+00:00","dateModified":"2026-02-04T08:30:07+00:00","breadcrumb":{"@id":"https:\/\/www.vivimartinsicuro.it\/de\/unterkunft\/hotel-holiday\/#breadcrumb"},"inLanguage":"de","potentialAction":[{"@type":"ReadAction","target":["https:\/\/www.vivimartinsicuro.it\/de\/unterkunft\/hotel-holiday\/"]}]},{"@type":"BreadcrumbList","@id":"https:\/\/www.vivimartinsicuro.it\/de\/unterkunft\/hotel-holiday\/#breadcrumb","itemListElement":[{"@type":"ListItem","position":1,"name":"Home","item":"https:\/\/www.vivimartinsicuro.it\/de\/"},{"@type":"ListItem","position":2,"name":"Geh\u00e4use","item":"https:\/\/www.vivimartinsicuro.it\/de\/unterkunft\/"},{"@type":"ListItem","position":3,"name":"Hotel Holiday"}]},{"@type":"WebSite","@id":"https:\/\/www.vivimartinsicuro.it\/#website","url":"https:\/\/www.vivimartinsicuro.it\/","name":"Vivi Martinsicuro","description":"Il portale turistico della Porta d&#039;Abruzzo","potentialAction":[{"@type":"SearchAction","target":{"@type":"EntryPoint","urlTemplate":"https:\/\/www.vivimartinsicuro.it\/?s={search_term_string}"},"query-input":{"@type":"PropertyValueSpecification","valueRequired":true,"valueName":"search_term_string"}}],"inLanguage":"de"}]}},"_links":{"self":[{"href":"https:\/\/www.vivimartinsicuro.it\/de\/wp-json\/wp\/v2\/pages\/7466","targetHints":{"allow":["GET"]}}],"collection":[{"href":"https:\/\/www.vivimartinsicuro.it\/de\/wp-json\/wp\/v2\/pages"}],"about":[{"href":"https:\/\/www.vivimartinsicuro.it\/de\/wp-json\/wp\/v2\/types\/page"}],"author":[{"embeddable":true,"href":"https:\/\/www.vivimartinsicuro.it\/de\/wp-json\/wp\/v2\/users\/1"}],"replies":[{"embeddable":true,"href":"https:\/\/www.vivimartinsicuro.it\/de\/wp-json\/wp\/v2\/comments?post=7466"}],"version-history":[{"count":2,"href":"https:\/\/www.vivimartinsicuro.it\/de\/wp-json\/wp\/v2\/pages\/7466\/revisions"}],"predecessor-version":[{"id":8752,"href":"https:\/\/www.vivimartinsicuro.it\/de\/wp-json\/wp\/v2\/pages\/7466\/revisions\/8752"}],"up":[{"embeddable":true,"href":"https:\/\/www.vivimartinsicuro.it\/de\/wp-json\/wp\/v2\/pages\/4611"}],"wp:attachment":[{"href":"https:\/\/www.vivimartinsicuro.it\/de\/wp-json\/wp\/v2\/media?parent=7466"}],"curies":[{"name":"wp","href":"https:\/\/api.w.org\/{rel}","templated":true}]}}