{"id":7936,"date":"2025-11-13T13:03:10","date_gmt":"2025-11-13T12:03:10","guid":{"rendered":"https:\/\/www.vivimartinsicuro.it\/unterkunft\/camping-adriatico\/"},"modified":"2026-02-04T09:30:13","modified_gmt":"2026-02-04T08:30:13","slug":"camping-adriatico","status":"publish","type":"page","link":"https:\/\/www.vivimartinsicuro.it\/de\/unterkunft\/camping-adriatico\/","title":{"rendered":"Camping Adriatico"},"content":{"rendered":"\n<p>Der <b>Campingplatz Adriatico <\/b>ist der beste Ort, um sich von der Sch\u00f6nheit der Abruzzen verzaubern zu lassen. Wenn Sie <b>einen Traumurlaub am Meer <\/b>suchen, dann sind Sie hier genau richtig. Der Campingplatz Adriatico bietet Ihnen alle Annehmlichkeiten f\u00fcr einen <b>erholsamen <\/b>und <b>unterhaltsamen Urlaub<\/b>: Abendliche Grillabende, Shows und <b>Miniclubs <\/b>f\u00fcr die ganze Familie sowie gut<b> ausgestattete Str\u00e4nde<\/b>, an denen auch Ihre <b>vierbeinigen Freunde<\/b> willkommen sind. So l\u00e4uft es ab: Sie kommen mit Ihrem <b>Auto<\/b>, <b>Wohnmobil <\/b>oder <b>Wohnwagen <\/b>an und nachdem Sie bequem auf <b>einem gr\u00fcnen <\/b>und <b>schattigen Stellplatz<\/b> geparkt haben, k\u00f6nnen Sie Ihre F\u00fc\u00dfe in den Sand stecken. Einfach, nicht wahr? Und von hier aus k\u00f6nnen Sie die Abruzzen entdecken. Die Unterk\u00fcnfte sind unglaublich! <b>Brandneue <\/b>und <b>gut ausgestattete Mobilheime <\/b>in einer nat\u00fcrlichen Umgebung, die viel <b>Platz f\u00fcr Kinder <\/b>und <b>eine ruhige <\/b>und intime <b>Atmosph\u00e4re <\/b>bietet. Der nur wenige Schritte entfernte Supermarkt ist praktisch, wenn Sie selbst kochen m\u00f6chten, oder Sie k\u00f6nnen sich f\u00fcr ein typisches Abendessen im Restaurant oder den Grillplatz im Freien entscheiden. Die <b>famili\u00e4re Leitung <\/b>ist aufmerksam und pr\u00e4sent: Sie hei\u00dft Sie willkommen und steht Ihnen w\u00e4hrend Ihres gesamten Aufenthalts zur Verf\u00fcgung<\/p>\n","protected":false},"excerpt":{"rendered":"<p>Der Campingplatz Adriatico ist der beste Ort, um sich von der Sch\u00f6nheit der Abruzzen verzaubern zu lassen. Wenn Sie einen Traumurlaub am Meer suchen, dann sind Sie hier genau richtig. Der Campingplatz Adriatico bietet Ihnen alle Annehmlichkeiten f\u00fcr einen erholsamen und unterhaltsamen Urlaub: Abendliche Grillabende, Shows und Miniclubs f\u00fcr die ganze Familie sowie gut ausgestattete [&hellip;]<\/p>\n","protected":false},"author":1,"featured_media":0,"parent":4611,"menu_order":0,"comment_status":"closed","ping_status":"closed","template":"page-templates\/scheda_hotel.php","meta":{"_acf_changed":false,"_et_pb_use_builder":"","_et_pb_old_content":"","_et_gb_content_width":"","inline_featured_image":false,"footnotes":""},"class_list":["post-7936","page","type-page","status-publish","hentry"],"acf":[],"yoast_head":"<!-- This site is optimized with the Yoast SEO plugin v27.1 - https:\/\/yoast.com\/product\/yoast-seo-wordpress\/ -->\n<title>Camping Adriatico - Vivi Martinsicuro<\/title>\n<meta name=\"robots\" content=\"index, follow, max-snippet:-1, max-image-preview:large, max-video-preview:-1\" \/>\n<link rel=\"canonical\" href=\"https:\/\/www.vivimartinsicuro.it\/de\/unterkunft\/camping-adriatico\/\" \/>\n<meta property=\"og:locale\" content=\"de_DE\" \/>\n<meta property=\"og:type\" content=\"article\" \/>\n<meta property=\"og:title\" content=\"Camping Adriatico - Vivi Martinsicuro\" \/>\n<meta property=\"og:description\" content=\"Der Campingplatz Adriatico ist der beste Ort, um sich von der Sch\u00f6nheit der Abruzzen verzaubern zu lassen. Wenn Sie einen Traumurlaub am Meer suchen, dann sind Sie hier genau richtig. Der Campingplatz Adriatico bietet Ihnen alle Annehmlichkeiten f\u00fcr einen erholsamen und unterhaltsamen Urlaub: Abendliche Grillabende, Shows und Miniclubs f\u00fcr die ganze Familie sowie gut ausgestattete [&hellip;]\" \/>\n<meta property=\"og:url\" content=\"https:\/\/www.vivimartinsicuro.it\/de\/unterkunft\/camping-adriatico\/\" \/>\n<meta property=\"og:site_name\" content=\"Vivi Martinsicuro\" \/>\n<meta property=\"article:modified_time\" content=\"2026-02-04T08:30:13+00:00\" \/>\n<meta name=\"twitter:card\" content=\"summary_large_image\" \/>\n<meta name=\"twitter:label1\" content=\"Gesch\u00e4tzte Lesezeit\" \/>\n\t<meta name=\"twitter:data1\" content=\"1\u00a0Minute\" \/>\n<script type=\"application\/ld+json\" class=\"yoast-schema-graph\">{\"@context\":\"https:\/\/schema.org\",\"@graph\":[{\"@type\":\"WebPage\",\"@id\":\"https:\/\/www.vivimartinsicuro.it\/de\/unterkunft\/camping-adriatico\/\",\"url\":\"https:\/\/www.vivimartinsicuro.it\/de\/unterkunft\/camping-adriatico\/\",\"name\":\"Camping Adriatico - Vivi Martinsicuro\",\"isPartOf\":{\"@id\":\"https:\/\/www.vivimartinsicuro.it\/#website\"},\"datePublished\":\"2025-11-13T12:03:10+00:00\",\"dateModified\":\"2026-02-04T08:30:13+00:00\",\"breadcrumb\":{\"@id\":\"https:\/\/www.vivimartinsicuro.it\/de\/unterkunft\/camping-adriatico\/#breadcrumb\"},\"inLanguage\":\"de\",\"potentialAction\":[{\"@type\":\"ReadAction\",\"target\":[\"https:\/\/www.vivimartinsicuro.it\/de\/unterkunft\/camping-adriatico\/\"]}]},{\"@type\":\"BreadcrumbList\",\"@id\":\"https:\/\/www.vivimartinsicuro.it\/de\/unterkunft\/camping-adriatico\/#breadcrumb\",\"itemListElement\":[{\"@type\":\"ListItem\",\"position\":1,\"name\":\"Home\",\"item\":\"https:\/\/www.vivimartinsicuro.it\/de\/\"},{\"@type\":\"ListItem\",\"position\":2,\"name\":\"Geh\u00e4use\",\"item\":\"https:\/\/www.vivimartinsicuro.it\/de\/unterkunft\/\"},{\"@type\":\"ListItem\",\"position\":3,\"name\":\"Camping Adriatico\"}]},{\"@type\":\"WebSite\",\"@id\":\"https:\/\/www.vivimartinsicuro.it\/#website\",\"url\":\"https:\/\/www.vivimartinsicuro.it\/\",\"name\":\"Vivi Martinsicuro\",\"description\":\"Il portale turistico della Porta d&#039;Abruzzo\",\"potentialAction\":[{\"@type\":\"SearchAction\",\"target\":{\"@type\":\"EntryPoint\",\"urlTemplate\":\"https:\/\/www.vivimartinsicuro.it\/?s={search_term_string}\"},\"query-input\":{\"@type\":\"PropertyValueSpecification\",\"valueRequired\":true,\"valueName\":\"search_term_string\"}}],\"inLanguage\":\"de\"}]}<\/script>\n<!-- \/ Yoast SEO plugin. -->","yoast_head_json":{"title":"Camping Adriatico - Vivi Martinsicuro","robots":{"index":"index","follow":"follow","max-snippet":"max-snippet:-1","max-image-preview":"max-image-preview:large","max-video-preview":"max-video-preview:-1"},"canonical":"https:\/\/www.vivimartinsicuro.it\/de\/unterkunft\/camping-adriatico\/","og_locale":"de_DE","og_type":"article","og_title":"Camping Adriatico - Vivi Martinsicuro","og_description":"Der Campingplatz Adriatico ist der beste Ort, um sich von der Sch\u00f6nheit der Abruzzen verzaubern zu lassen. Wenn Sie einen Traumurlaub am Meer suchen, dann sind Sie hier genau richtig. Der Campingplatz Adriatico bietet Ihnen alle Annehmlichkeiten f\u00fcr einen erholsamen und unterhaltsamen Urlaub: Abendliche Grillabende, Shows und Miniclubs f\u00fcr die ganze Familie sowie gut ausgestattete [&hellip;]","og_url":"https:\/\/www.vivimartinsicuro.it\/de\/unterkunft\/camping-adriatico\/","og_site_name":"Vivi Martinsicuro","article_modified_time":"2026-02-04T08:30:13+00:00","twitter_card":"summary_large_image","twitter_misc":{"Gesch\u00e4tzte Lesezeit":"1\u00a0Minute"},"schema":{"@context":"https:\/\/schema.org","@graph":[{"@type":"WebPage","@id":"https:\/\/www.vivimartinsicuro.it\/de\/unterkunft\/camping-adriatico\/","url":"https:\/\/www.vivimartinsicuro.it\/de\/unterkunft\/camping-adriatico\/","name":"Camping Adriatico - Vivi Martinsicuro","isPartOf":{"@id":"https:\/\/www.vivimartinsicuro.it\/#website"},"datePublished":"2025-11-13T12:03:10+00:00","dateModified":"2026-02-04T08:30:13+00:00","breadcrumb":{"@id":"https:\/\/www.vivimartinsicuro.it\/de\/unterkunft\/camping-adriatico\/#breadcrumb"},"inLanguage":"de","potentialAction":[{"@type":"ReadAction","target":["https:\/\/www.vivimartinsicuro.it\/de\/unterkunft\/camping-adriatico\/"]}]},{"@type":"BreadcrumbList","@id":"https:\/\/www.vivimartinsicuro.it\/de\/unterkunft\/camping-adriatico\/#breadcrumb","itemListElement":[{"@type":"ListItem","position":1,"name":"Home","item":"https:\/\/www.vivimartinsicuro.it\/de\/"},{"@type":"ListItem","position":2,"name":"Geh\u00e4use","item":"https:\/\/www.vivimartinsicuro.it\/de\/unterkunft\/"},{"@type":"ListItem","position":3,"name":"Camping Adriatico"}]},{"@type":"WebSite","@id":"https:\/\/www.vivimartinsicuro.it\/#website","url":"https:\/\/www.vivimartinsicuro.it\/","name":"Vivi Martinsicuro","description":"Il portale turistico della Porta d&#039;Abruzzo","potentialAction":[{"@type":"SearchAction","target":{"@type":"EntryPoint","urlTemplate":"https:\/\/www.vivimartinsicuro.it\/?s={search_term_string}"},"query-input":{"@type":"PropertyValueSpecification","valueRequired":true,"valueName":"search_term_string"}}],"inLanguage":"de"}]}},"_links":{"self":[{"href":"https:\/\/www.vivimartinsicuro.it\/de\/wp-json\/wp\/v2\/pages\/7936","targetHints":{"allow":["GET"]}}],"collection":[{"href":"https:\/\/www.vivimartinsicuro.it\/de\/wp-json\/wp\/v2\/pages"}],"about":[{"href":"https:\/\/www.vivimartinsicuro.it\/de\/wp-json\/wp\/v2\/types\/page"}],"author":[{"embeddable":true,"href":"https:\/\/www.vivimartinsicuro.it\/de\/wp-json\/wp\/v2\/users\/1"}],"replies":[{"embeddable":true,"href":"https:\/\/www.vivimartinsicuro.it\/de\/wp-json\/wp\/v2\/comments?post=7936"}],"version-history":[{"count":2,"href":"https:\/\/www.vivimartinsicuro.it\/de\/wp-json\/wp\/v2\/pages\/7936\/revisions"}],"predecessor-version":[{"id":8753,"href":"https:\/\/www.vivimartinsicuro.it\/de\/wp-json\/wp\/v2\/pages\/7936\/revisions\/8753"}],"up":[{"embeddable":true,"href":"https:\/\/www.vivimartinsicuro.it\/de\/wp-json\/wp\/v2\/pages\/4611"}],"wp:attachment":[{"href":"https:\/\/www.vivimartinsicuro.it\/de\/wp-json\/wp\/v2\/media?parent=7936"}],"curies":[{"name":"wp","href":"https:\/\/api.w.org\/{rel}","templated":true}]}}