{"id":7954,"date":"2025-11-19T12:58:09","date_gmt":"2025-11-19T11:58:09","guid":{"rendered":"https:\/\/www.vivimartinsicuro.it\/unterkunft\/hotel-olimpic\/"},"modified":"2026-04-02T13:56:38","modified_gmt":"2026-04-02T11:56:38","slug":"hotel-olimpic","status":"publish","type":"page","link":"https:\/\/www.vivimartinsicuro.it\/de\/unterkunft\/hotel-olimpic\/","title":{"rendered":"Hotel Olympia"},"content":{"rendered":"\n<p>Das Gr\u00fcn der Palmen, das ferne Meer, <b>der sch\u00f6nste Blick auf Martinsicuro <\/b>direkt von Ihrem Zimmer aus. Das <b>Hotel Olimpic <\/b>ist der perfekte Ort f\u00fcr einen erholsamen Urlaub an der Adria, der <b>Qualit\u00e4t <\/b>und <b>Gastfreundschaft vereint <\/b>.<\/p>\n\n\n\n<p>Ein romantischer Kurzurlaub <b>zu zweit <\/b>? Die lang ersehnte Woche <b>mit der Familie <\/b>oder ein paar Tage Wellness in Begleitung Ihres <b>vierbeinigen Freundes <\/b>? Wenn Sie sich einfach nur wohlf\u00fchlen m\u00f6chten, ist das Olimpic die ideale Wahl. <b>Ruhige Zimmer <\/b>, erstklassige K\u00fcche und absolute <b>Sauberkeit <\/b>erwarten Sie. Erkunden Sie die Umgebung mit einem der hoteleigenen Fahrr\u00e4der und entdecken Sie <b>die Sch\u00f6nheit der K\u00fcste <\/b>, die Weinberge und Obstg\u00e4rten des <b>Hinterlandes <\/b>sowie die reiche <b>Geschichte <\/b>und <b>Kunst der Abruzzen. Zur\u00fcck im Hotel l\u00e4dt der gro\u00dfe Swimmingpool <\/b>, umgeben von viel Gr\u00fcn und gestaltet in den sanften Farben eines modernen und <b>einladenden Hotels , zu einem erfrischenden Bad ein <\/b>.<\/p>\n","protected":false},"excerpt":{"rendered":"<p>Das Gr\u00fcn der Palmen, das ferne Meer, der sch\u00f6nste Blick auf Martinsicuro direkt von Ihrem Zimmer aus. Das Hotel Olimpic ist der perfekte Ort f\u00fcr einen erholsamen Urlaub an der Adria, der Qualit\u00e4t und Gastfreundschaft vereint . Ein romantischer Kurzurlaub zu zweit ? Die lang ersehnte Woche mit der Familie oder ein paar Tage Wellness [&hellip;]<\/p>\n","protected":false},"author":1,"featured_media":0,"parent":4611,"menu_order":0,"comment_status":"closed","ping_status":"closed","template":"page-templates\/scheda_hotel.php","meta":{"_acf_changed":false,"_et_pb_use_builder":"","_et_pb_old_content":"","_et_gb_content_width":"","inline_featured_image":false,"footnotes":""},"class_list":["post-7954","page","type-page","status-publish","hentry"],"acf":[],"yoast_head":"<!-- This site is optimized with the Yoast SEO plugin v27.1 - https:\/\/yoast.com\/product\/yoast-seo-wordpress\/ -->\n<title>Hotel Olympia - Vivi Martinsicuro<\/title>\n<meta name=\"robots\" content=\"index, follow, max-snippet:-1, max-image-preview:large, max-video-preview:-1\" \/>\n<link rel=\"canonical\" href=\"https:\/\/www.vivimartinsicuro.it\/de\/unterkunft\/hotel-olimpic\/\" \/>\n<meta property=\"og:locale\" content=\"de_DE\" \/>\n<meta property=\"og:type\" content=\"article\" \/>\n<meta property=\"og:title\" content=\"Hotel Olympia - Vivi Martinsicuro\" \/>\n<meta property=\"og:description\" content=\"Das Gr\u00fcn der Palmen, das ferne Meer, der sch\u00f6nste Blick auf Martinsicuro direkt von Ihrem Zimmer aus. Das Hotel Olimpic ist der perfekte Ort f\u00fcr einen erholsamen Urlaub an der Adria, der Qualit\u00e4t und Gastfreundschaft vereint . Ein romantischer Kurzurlaub zu zweit ? Die lang ersehnte Woche mit der Familie oder ein paar Tage Wellness [&hellip;]\" \/>\n<meta property=\"og:url\" content=\"https:\/\/www.vivimartinsicuro.it\/de\/unterkunft\/hotel-olimpic\/\" \/>\n<meta property=\"og:site_name\" content=\"Vivi Martinsicuro\" \/>\n<meta property=\"article:modified_time\" content=\"2026-04-02T11:56:38+00:00\" \/>\n<meta name=\"twitter:card\" content=\"summary_large_image\" \/>\n<meta name=\"twitter:label1\" content=\"Gesch\u00e4tzte Lesezeit\" \/>\n\t<meta name=\"twitter:data1\" content=\"1\u00a0Minute\" \/>\n<script type=\"application\/ld+json\" class=\"yoast-schema-graph\">{\"@context\":\"https:\/\/schema.org\",\"@graph\":[{\"@type\":\"WebPage\",\"@id\":\"https:\/\/www.vivimartinsicuro.it\/de\/unterkunft\/hotel-olimpic\/\",\"url\":\"https:\/\/www.vivimartinsicuro.it\/de\/unterkunft\/hotel-olimpic\/\",\"name\":\"Hotel Olympia - Vivi Martinsicuro\",\"isPartOf\":{\"@id\":\"https:\/\/www.vivimartinsicuro.it\/#website\"},\"datePublished\":\"2025-11-19T11:58:09+00:00\",\"dateModified\":\"2026-04-02T11:56:38+00:00\",\"breadcrumb\":{\"@id\":\"https:\/\/www.vivimartinsicuro.it\/de\/unterkunft\/hotel-olimpic\/#breadcrumb\"},\"inLanguage\":\"de\",\"potentialAction\":[{\"@type\":\"ReadAction\",\"target\":[\"https:\/\/www.vivimartinsicuro.it\/de\/unterkunft\/hotel-olimpic\/\"]}]},{\"@type\":\"BreadcrumbList\",\"@id\":\"https:\/\/www.vivimartinsicuro.it\/de\/unterkunft\/hotel-olimpic\/#breadcrumb\",\"itemListElement\":[{\"@type\":\"ListItem\",\"position\":1,\"name\":\"Home\",\"item\":\"https:\/\/www.vivimartinsicuro.it\/de\/\"},{\"@type\":\"ListItem\",\"position\":2,\"name\":\"Geh\u00e4use\",\"item\":\"https:\/\/www.vivimartinsicuro.it\/de\/unterkunft\/\"},{\"@type\":\"ListItem\",\"position\":3,\"name\":\"Hotel Olympia\"}]},{\"@type\":\"WebSite\",\"@id\":\"https:\/\/www.vivimartinsicuro.it\/#website\",\"url\":\"https:\/\/www.vivimartinsicuro.it\/\",\"name\":\"Vivi Martinsicuro\",\"description\":\"Il portale turistico della Porta d&#039;Abruzzo\",\"potentialAction\":[{\"@type\":\"SearchAction\",\"target\":{\"@type\":\"EntryPoint\",\"urlTemplate\":\"https:\/\/www.vivimartinsicuro.it\/?s={search_term_string}\"},\"query-input\":{\"@type\":\"PropertyValueSpecification\",\"valueRequired\":true,\"valueName\":\"search_term_string\"}}],\"inLanguage\":\"de\"}]}<\/script>\n<!-- \/ Yoast SEO plugin. -->","yoast_head_json":{"title":"Hotel Olympia - Vivi Martinsicuro","robots":{"index":"index","follow":"follow","max-snippet":"max-snippet:-1","max-image-preview":"max-image-preview:large","max-video-preview":"max-video-preview:-1"},"canonical":"https:\/\/www.vivimartinsicuro.it\/de\/unterkunft\/hotel-olimpic\/","og_locale":"de_DE","og_type":"article","og_title":"Hotel Olympia - Vivi Martinsicuro","og_description":"Das Gr\u00fcn der Palmen, das ferne Meer, der sch\u00f6nste Blick auf Martinsicuro direkt von Ihrem Zimmer aus. Das Hotel Olimpic ist der perfekte Ort f\u00fcr einen erholsamen Urlaub an der Adria, der Qualit\u00e4t und Gastfreundschaft vereint . Ein romantischer Kurzurlaub zu zweit ? Die lang ersehnte Woche mit der Familie oder ein paar Tage Wellness [&hellip;]","og_url":"https:\/\/www.vivimartinsicuro.it\/de\/unterkunft\/hotel-olimpic\/","og_site_name":"Vivi Martinsicuro","article_modified_time":"2026-04-02T11:56:38+00:00","twitter_card":"summary_large_image","twitter_misc":{"Gesch\u00e4tzte Lesezeit":"1\u00a0Minute"},"schema":{"@context":"https:\/\/schema.org","@graph":[{"@type":"WebPage","@id":"https:\/\/www.vivimartinsicuro.it\/de\/unterkunft\/hotel-olimpic\/","url":"https:\/\/www.vivimartinsicuro.it\/de\/unterkunft\/hotel-olimpic\/","name":"Hotel Olympia - Vivi Martinsicuro","isPartOf":{"@id":"https:\/\/www.vivimartinsicuro.it\/#website"},"datePublished":"2025-11-19T11:58:09+00:00","dateModified":"2026-04-02T11:56:38+00:00","breadcrumb":{"@id":"https:\/\/www.vivimartinsicuro.it\/de\/unterkunft\/hotel-olimpic\/#breadcrumb"},"inLanguage":"de","potentialAction":[{"@type":"ReadAction","target":["https:\/\/www.vivimartinsicuro.it\/de\/unterkunft\/hotel-olimpic\/"]}]},{"@type":"BreadcrumbList","@id":"https:\/\/www.vivimartinsicuro.it\/de\/unterkunft\/hotel-olimpic\/#breadcrumb","itemListElement":[{"@type":"ListItem","position":1,"name":"Home","item":"https:\/\/www.vivimartinsicuro.it\/de\/"},{"@type":"ListItem","position":2,"name":"Geh\u00e4use","item":"https:\/\/www.vivimartinsicuro.it\/de\/unterkunft\/"},{"@type":"ListItem","position":3,"name":"Hotel Olympia"}]},{"@type":"WebSite","@id":"https:\/\/www.vivimartinsicuro.it\/#website","url":"https:\/\/www.vivimartinsicuro.it\/","name":"Vivi Martinsicuro","description":"Il portale turistico della Porta d&#039;Abruzzo","potentialAction":[{"@type":"SearchAction","target":{"@type":"EntryPoint","urlTemplate":"https:\/\/www.vivimartinsicuro.it\/?s={search_term_string}"},"query-input":{"@type":"PropertyValueSpecification","valueRequired":true,"valueName":"search_term_string"}}],"inLanguage":"de"}]}},"_links":{"self":[{"href":"https:\/\/www.vivimartinsicuro.it\/de\/wp-json\/wp\/v2\/pages\/7954","targetHints":{"allow":["GET"]}}],"collection":[{"href":"https:\/\/www.vivimartinsicuro.it\/de\/wp-json\/wp\/v2\/pages"}],"about":[{"href":"https:\/\/www.vivimartinsicuro.it\/de\/wp-json\/wp\/v2\/types\/page"}],"author":[{"embeddable":true,"href":"https:\/\/www.vivimartinsicuro.it\/de\/wp-json\/wp\/v2\/users\/1"}],"replies":[{"embeddable":true,"href":"https:\/\/www.vivimartinsicuro.it\/de\/wp-json\/wp\/v2\/comments?post=7954"}],"version-history":[{"count":3,"href":"https:\/\/www.vivimartinsicuro.it\/de\/wp-json\/wp\/v2\/pages\/7954\/revisions"}],"predecessor-version":[{"id":9287,"href":"https:\/\/www.vivimartinsicuro.it\/de\/wp-json\/wp\/v2\/pages\/7954\/revisions\/9287"}],"up":[{"embeddable":true,"href":"https:\/\/www.vivimartinsicuro.it\/de\/wp-json\/wp\/v2\/pages\/4611"}],"wp:attachment":[{"href":"https:\/\/www.vivimartinsicuro.it\/de\/wp-json\/wp\/v2\/media?parent=7954"}],"curies":[{"name":"wp","href":"https:\/\/api.w.org\/{rel}","templated":true}]}}