{"id":7957,"date":"2025-11-19T12:59:47","date_gmt":"2025-11-19T11:59:47","guid":{"rendered":"https:\/\/www.vivimartinsicuro.it\/unterkunft\/abergo-san-gabriele\/"},"modified":"2026-04-02T13:56:40","modified_gmt":"2026-04-02T11:56:40","slug":"albergo-san-gabriele","status":"publish","type":"page","link":"https:\/\/www.vivimartinsicuro.it\/de\/unterkunft\/albergo-san-gabriele\/","title":{"rendered":"Albergo San Gabriele"},"content":{"rendered":"\n<p><b>Albergo San Gabriele in Martinsicuro <\/b>steht Entspannung am Meer an erster Stelle . Denn was w\u00fcnscht man sich im Urlaub nichts sehnlicher als Ruhe <b>und <\/b>ein bisschen Verw\u00f6hnprogramm? Im San Gabriele finden Sie genau die Aufmerksamkeit, die Sie brauchen \u2013 in <b>famili\u00e4rer Atmosph\u00e4re <\/b>und <b>idealer Lage <\/b>, um die K\u00fcste der Abruzzen in vollen Z\u00fcgen zu genie\u00dfen <b>.<\/b><\/p>\n\n\n\n<p>Unternehmen Sie mit den <b>hoteleigenen Fahrr\u00e4dern <\/b>einen romantischen Ausflug zu zweit durch die H\u00fcgellandschaft oder entspannen Sie sich am hoteleigenen <b>Strand, w\u00e4hrend Ihre Kinder sich mit dem Animationsteam <\/b>vergn\u00fcgen . Das Restaurant ist ein traumhafter Ort, um <b>traditionelle Gerichte der Region zu genie\u00dfen <\/b>, und die Ruhe des <b>gr\u00fcnen Gartens <\/b>l\u00e4dt zum Verweilen und Entspannen ein, bevor Sie sich in Ihr Zimmer zur\u00fcckziehen.<\/p>\n","protected":false},"excerpt":{"rendered":"<p>Albergo San Gabriele in Martinsicuro steht Entspannung am Meer an erster Stelle . Denn was w\u00fcnscht man sich im Urlaub nichts sehnlicher als Ruhe und ein bisschen Verw\u00f6hnprogramm? Im San Gabriele finden Sie genau die Aufmerksamkeit, die Sie brauchen \u2013 in famili\u00e4rer Atmosph\u00e4re und idealer Lage , um die K\u00fcste der Abruzzen in vollen Z\u00fcgen [&hellip;]<\/p>\n","protected":false},"author":1,"featured_media":0,"parent":4611,"menu_order":0,"comment_status":"closed","ping_status":"closed","template":"page-templates\/scheda_hotel.php","meta":{"_acf_changed":false,"_et_pb_use_builder":"","_et_pb_old_content":"","_et_gb_content_width":"","inline_featured_image":false,"footnotes":""},"class_list":["post-7957","page","type-page","status-publish","hentry"],"acf":[],"yoast_head":"<!-- This site is optimized with the Yoast SEO plugin v27.1 - https:\/\/yoast.com\/product\/yoast-seo-wordpress\/ -->\n<title>Albergo San Gabriele - Vivi Martinsicuro<\/title>\n<meta name=\"robots\" content=\"index, follow, max-snippet:-1, max-image-preview:large, max-video-preview:-1\" \/>\n<link rel=\"canonical\" href=\"https:\/\/www.vivimartinsicuro.it\/de\/unterkunft\/albergo-san-gabriele\/\" \/>\n<meta property=\"og:locale\" content=\"de_DE\" \/>\n<meta property=\"og:type\" content=\"article\" \/>\n<meta property=\"og:title\" content=\"Albergo San Gabriele - Vivi Martinsicuro\" \/>\n<meta property=\"og:description\" content=\"Albergo San Gabriele in Martinsicuro steht Entspannung am Meer an erster Stelle . Denn was w\u00fcnscht man sich im Urlaub nichts sehnlicher als Ruhe und ein bisschen Verw\u00f6hnprogramm? Im San Gabriele finden Sie genau die Aufmerksamkeit, die Sie brauchen \u2013 in famili\u00e4rer Atmosph\u00e4re und idealer Lage , um die K\u00fcste der Abruzzen in vollen Z\u00fcgen [&hellip;]\" \/>\n<meta property=\"og:url\" content=\"https:\/\/www.vivimartinsicuro.it\/de\/unterkunft\/albergo-san-gabriele\/\" \/>\n<meta property=\"og:site_name\" content=\"Vivi Martinsicuro\" \/>\n<meta property=\"article:modified_time\" content=\"2026-04-02T11:56:40+00:00\" \/>\n<meta name=\"twitter:card\" content=\"summary_large_image\" \/>\n<script type=\"application\/ld+json\" class=\"yoast-schema-graph\">{\"@context\":\"https:\/\/schema.org\",\"@graph\":[{\"@type\":\"WebPage\",\"@id\":\"https:\/\/www.vivimartinsicuro.it\/de\/unterkunft\/albergo-san-gabriele\/\",\"url\":\"https:\/\/www.vivimartinsicuro.it\/de\/unterkunft\/albergo-san-gabriele\/\",\"name\":\"Albergo San Gabriele - Vivi Martinsicuro\",\"isPartOf\":{\"@id\":\"https:\/\/www.vivimartinsicuro.it\/#website\"},\"datePublished\":\"2025-11-19T11:59:47+00:00\",\"dateModified\":\"2026-04-02T11:56:40+00:00\",\"breadcrumb\":{\"@id\":\"https:\/\/www.vivimartinsicuro.it\/de\/unterkunft\/albergo-san-gabriele\/#breadcrumb\"},\"inLanguage\":\"de\",\"potentialAction\":[{\"@type\":\"ReadAction\",\"target\":[\"https:\/\/www.vivimartinsicuro.it\/de\/unterkunft\/albergo-san-gabriele\/\"]}]},{\"@type\":\"BreadcrumbList\",\"@id\":\"https:\/\/www.vivimartinsicuro.it\/de\/unterkunft\/albergo-san-gabriele\/#breadcrumb\",\"itemListElement\":[{\"@type\":\"ListItem\",\"position\":1,\"name\":\"Home\",\"item\":\"https:\/\/www.vivimartinsicuro.it\/de\/\"},{\"@type\":\"ListItem\",\"position\":2,\"name\":\"Geh\u00e4use\",\"item\":\"https:\/\/www.vivimartinsicuro.it\/de\/unterkunft\/\"},{\"@type\":\"ListItem\",\"position\":3,\"name\":\"Albergo San Gabriele\"}]},{\"@type\":\"WebSite\",\"@id\":\"https:\/\/www.vivimartinsicuro.it\/#website\",\"url\":\"https:\/\/www.vivimartinsicuro.it\/\",\"name\":\"Vivi Martinsicuro\",\"description\":\"Il portale turistico della Porta d&#039;Abruzzo\",\"potentialAction\":[{\"@type\":\"SearchAction\",\"target\":{\"@type\":\"EntryPoint\",\"urlTemplate\":\"https:\/\/www.vivimartinsicuro.it\/?s={search_term_string}\"},\"query-input\":{\"@type\":\"PropertyValueSpecification\",\"valueRequired\":true,\"valueName\":\"search_term_string\"}}],\"inLanguage\":\"de\"}]}<\/script>\n<!-- \/ Yoast SEO plugin. -->","yoast_head_json":{"title":"Albergo San Gabriele - Vivi Martinsicuro","robots":{"index":"index","follow":"follow","max-snippet":"max-snippet:-1","max-image-preview":"max-image-preview:large","max-video-preview":"max-video-preview:-1"},"canonical":"https:\/\/www.vivimartinsicuro.it\/de\/unterkunft\/albergo-san-gabriele\/","og_locale":"de_DE","og_type":"article","og_title":"Albergo San Gabriele - Vivi Martinsicuro","og_description":"Albergo San Gabriele in Martinsicuro steht Entspannung am Meer an erster Stelle . Denn was w\u00fcnscht man sich im Urlaub nichts sehnlicher als Ruhe und ein bisschen Verw\u00f6hnprogramm? Im San Gabriele finden Sie genau die Aufmerksamkeit, die Sie brauchen \u2013 in famili\u00e4rer Atmosph\u00e4re und idealer Lage , um die K\u00fcste der Abruzzen in vollen Z\u00fcgen [&hellip;]","og_url":"https:\/\/www.vivimartinsicuro.it\/de\/unterkunft\/albergo-san-gabriele\/","og_site_name":"Vivi Martinsicuro","article_modified_time":"2026-04-02T11:56:40+00:00","twitter_card":"summary_large_image","schema":{"@context":"https:\/\/schema.org","@graph":[{"@type":"WebPage","@id":"https:\/\/www.vivimartinsicuro.it\/de\/unterkunft\/albergo-san-gabriele\/","url":"https:\/\/www.vivimartinsicuro.it\/de\/unterkunft\/albergo-san-gabriele\/","name":"Albergo San Gabriele - Vivi Martinsicuro","isPartOf":{"@id":"https:\/\/www.vivimartinsicuro.it\/#website"},"datePublished":"2025-11-19T11:59:47+00:00","dateModified":"2026-04-02T11:56:40+00:00","breadcrumb":{"@id":"https:\/\/www.vivimartinsicuro.it\/de\/unterkunft\/albergo-san-gabriele\/#breadcrumb"},"inLanguage":"de","potentialAction":[{"@type":"ReadAction","target":["https:\/\/www.vivimartinsicuro.it\/de\/unterkunft\/albergo-san-gabriele\/"]}]},{"@type":"BreadcrumbList","@id":"https:\/\/www.vivimartinsicuro.it\/de\/unterkunft\/albergo-san-gabriele\/#breadcrumb","itemListElement":[{"@type":"ListItem","position":1,"name":"Home","item":"https:\/\/www.vivimartinsicuro.it\/de\/"},{"@type":"ListItem","position":2,"name":"Geh\u00e4use","item":"https:\/\/www.vivimartinsicuro.it\/de\/unterkunft\/"},{"@type":"ListItem","position":3,"name":"Albergo San Gabriele"}]},{"@type":"WebSite","@id":"https:\/\/www.vivimartinsicuro.it\/#website","url":"https:\/\/www.vivimartinsicuro.it\/","name":"Vivi Martinsicuro","description":"Il portale turistico della Porta d&#039;Abruzzo","potentialAction":[{"@type":"SearchAction","target":{"@type":"EntryPoint","urlTemplate":"https:\/\/www.vivimartinsicuro.it\/?s={search_term_string}"},"query-input":{"@type":"PropertyValueSpecification","valueRequired":true,"valueName":"search_term_string"}}],"inLanguage":"de"}]}},"_links":{"self":[{"href":"https:\/\/www.vivimartinsicuro.it\/de\/wp-json\/wp\/v2\/pages\/7957","targetHints":{"allow":["GET"]}}],"collection":[{"href":"https:\/\/www.vivimartinsicuro.it\/de\/wp-json\/wp\/v2\/pages"}],"about":[{"href":"https:\/\/www.vivimartinsicuro.it\/de\/wp-json\/wp\/v2\/types\/page"}],"author":[{"embeddable":true,"href":"https:\/\/www.vivimartinsicuro.it\/de\/wp-json\/wp\/v2\/users\/1"}],"replies":[{"embeddable":true,"href":"https:\/\/www.vivimartinsicuro.it\/de\/wp-json\/wp\/v2\/comments?post=7957"}],"version-history":[{"count":2,"href":"https:\/\/www.vivimartinsicuro.it\/de\/wp-json\/wp\/v2\/pages\/7957\/revisions"}],"predecessor-version":[{"id":9288,"href":"https:\/\/www.vivimartinsicuro.it\/de\/wp-json\/wp\/v2\/pages\/7957\/revisions\/9288"}],"up":[{"embeddable":true,"href":"https:\/\/www.vivimartinsicuro.it\/de\/wp-json\/wp\/v2\/pages\/4611"}],"wp:attachment":[{"href":"https:\/\/www.vivimartinsicuro.it\/de\/wp-json\/wp\/v2\/media?parent=7957"}],"curies":[{"name":"wp","href":"https:\/\/api.w.org\/{rel}","templated":true}]}}