{"id":8440,"date":"2026-01-21T16:37:33","date_gmt":"2026-01-21T15:37:33","guid":{"rendered":"https:\/\/www.vivimartinsicuro.it\/unterkunft\/sympathy-hotel\/"},"modified":"2026-04-02T13:56:48","modified_gmt":"2026-04-02T11:56:48","slug":"sympathy-hotel","status":"publish","type":"page","link":"https:\/\/www.vivimartinsicuro.it\/de\/unterkunft\/sympathy-hotel\/","title":{"rendered":"Sympathy Hotel"},"content":{"rendered":"\n<p>Sympathy Hotel Martinsicuro ist ein Familienhotel, nur 20 Meter vom Privatstrand mit feinem Sand entfernt, der vom Meer umsp\u00fclt wird und mit der Blauen Flagge ausgezeichnet wurde. Von der Panoramaterrasse im 5. Stock, wo das Fr\u00fchst\u00fccksbuffet serviert wird, bis hin zum Restaurantsaal mit Blick auf die Adria \u2013 das Meer begleitet jeden Moment des Tages. Hier ist der Spa\u00df f\u00fcr die Kleinen garantiert: 8 Stunden Animation, spezielle Angebote f\u00fcr Babys, Baby-Restaurant mit Babynahrung und Men\u00fcs, die von einem Kinderarzt und Ern\u00e4hrungsberater zusammengestellt wurden, sowie viele weitere Annehmlichkeiten f\u00fcr Familien. Die K\u00fcche ist eine echte St\u00e4rke: Jeden Tag bieten die K\u00f6che traditionelle Gerichte aus den Abruzzen mit lokalen, frischen und auch biologischen Produkten an, begleitet von den besten Weinen der Region. Unverzichtbar sind die Themenabende, vom abruzzesischen Abendessen \u00fcber den Gourmet-Abend bis hin zur Pizzeria Sympathy.<\/p>\n","protected":false},"excerpt":{"rendered":"<p>Al Sympathy Hotel, a 20 metri dalla spiaggia privata, troverai All Inclusive di qualit\u00e0, servizi per bambini e cucina locale genuin<\/p>\n","protected":false},"author":1,"featured_media":0,"parent":4611,"menu_order":0,"comment_status":"closed","ping_status":"closed","template":"page-templates\/scheda_hotel.php","meta":{"_acf_changed":false,"_et_pb_use_builder":"","_et_pb_old_content":"","_et_gb_content_width":"","inline_featured_image":false,"footnotes":""},"class_list":["post-8440","page","type-page","status-publish","hentry"],"acf":[],"yoast_head":"<!-- This site is optimized with the Yoast SEO plugin v27.1 - https:\/\/yoast.com\/product\/yoast-seo-wordpress\/ -->\n<title>Sympathy Hotel - Vivi Martinsicuro<\/title>\n<meta name=\"robots\" content=\"index, follow, max-snippet:-1, max-image-preview:large, max-video-preview:-1\" \/>\n<link rel=\"canonical\" href=\"https:\/\/www.vivimartinsicuro.it\/de\/unterkunft\/sympathy-hotel\/\" \/>\n<meta property=\"og:locale\" content=\"de_DE\" \/>\n<meta property=\"og:type\" content=\"article\" \/>\n<meta property=\"og:title\" content=\"Sympathy Hotel - Vivi Martinsicuro\" \/>\n<meta property=\"og:description\" content=\"Al Sympathy Hotel, a 20 metri dalla spiaggia privata, troverai All Inclusive di qualit\u00e0, servizi per bambini e cucina locale genuin\" \/>\n<meta property=\"og:url\" content=\"https:\/\/www.vivimartinsicuro.it\/de\/unterkunft\/sympathy-hotel\/\" \/>\n<meta property=\"og:site_name\" content=\"Vivi Martinsicuro\" \/>\n<meta property=\"article:modified_time\" content=\"2026-04-02T11:56:48+00:00\" \/>\n<meta name=\"twitter:card\" content=\"summary_large_image\" \/>\n<meta name=\"twitter:label1\" content=\"Gesch\u00e4tzte Lesezeit\" \/>\n\t<meta name=\"twitter:data1\" content=\"1\u00a0Minute\" \/>\n<script type=\"application\/ld+json\" class=\"yoast-schema-graph\">{\"@context\":\"https:\/\/schema.org\",\"@graph\":[{\"@type\":\"WebPage\",\"@id\":\"https:\/\/www.vivimartinsicuro.it\/de\/unterkunft\/sympathy-hotel\/\",\"url\":\"https:\/\/www.vivimartinsicuro.it\/de\/unterkunft\/sympathy-hotel\/\",\"name\":\"Sympathy Hotel - Vivi Martinsicuro\",\"isPartOf\":{\"@id\":\"https:\/\/www.vivimartinsicuro.it\/#website\"},\"datePublished\":\"2026-01-21T15:37:33+00:00\",\"dateModified\":\"2026-04-02T11:56:48+00:00\",\"breadcrumb\":{\"@id\":\"https:\/\/www.vivimartinsicuro.it\/de\/unterkunft\/sympathy-hotel\/#breadcrumb\"},\"inLanguage\":\"de\",\"potentialAction\":[{\"@type\":\"ReadAction\",\"target\":[\"https:\/\/www.vivimartinsicuro.it\/de\/unterkunft\/sympathy-hotel\/\"]}]},{\"@type\":\"BreadcrumbList\",\"@id\":\"https:\/\/www.vivimartinsicuro.it\/de\/unterkunft\/sympathy-hotel\/#breadcrumb\",\"itemListElement\":[{\"@type\":\"ListItem\",\"position\":1,\"name\":\"Home\",\"item\":\"https:\/\/www.vivimartinsicuro.it\/de\/\"},{\"@type\":\"ListItem\",\"position\":2,\"name\":\"Geh\u00e4use\",\"item\":\"https:\/\/www.vivimartinsicuro.it\/de\/unterkunft\/\"},{\"@type\":\"ListItem\",\"position\":3,\"name\":\"Sympathy Hotel\"}]},{\"@type\":\"WebSite\",\"@id\":\"https:\/\/www.vivimartinsicuro.it\/#website\",\"url\":\"https:\/\/www.vivimartinsicuro.it\/\",\"name\":\"Vivi Martinsicuro\",\"description\":\"Il portale turistico della Porta d&#039;Abruzzo\",\"potentialAction\":[{\"@type\":\"SearchAction\",\"target\":{\"@type\":\"EntryPoint\",\"urlTemplate\":\"https:\/\/www.vivimartinsicuro.it\/?s={search_term_string}\"},\"query-input\":{\"@type\":\"PropertyValueSpecification\",\"valueRequired\":true,\"valueName\":\"search_term_string\"}}],\"inLanguage\":\"de\"}]}<\/script>\n<!-- \/ Yoast SEO plugin. -->","yoast_head_json":{"title":"Sympathy Hotel - Vivi Martinsicuro","robots":{"index":"index","follow":"follow","max-snippet":"max-snippet:-1","max-image-preview":"max-image-preview:large","max-video-preview":"max-video-preview:-1"},"canonical":"https:\/\/www.vivimartinsicuro.it\/de\/unterkunft\/sympathy-hotel\/","og_locale":"de_DE","og_type":"article","og_title":"Sympathy Hotel - Vivi Martinsicuro","og_description":"Al Sympathy Hotel, a 20 metri dalla spiaggia privata, troverai All Inclusive di qualit\u00e0, servizi per bambini e cucina locale genuin","og_url":"https:\/\/www.vivimartinsicuro.it\/de\/unterkunft\/sympathy-hotel\/","og_site_name":"Vivi Martinsicuro","article_modified_time":"2026-04-02T11:56:48+00:00","twitter_card":"summary_large_image","twitter_misc":{"Gesch\u00e4tzte Lesezeit":"1\u00a0Minute"},"schema":{"@context":"https:\/\/schema.org","@graph":[{"@type":"WebPage","@id":"https:\/\/www.vivimartinsicuro.it\/de\/unterkunft\/sympathy-hotel\/","url":"https:\/\/www.vivimartinsicuro.it\/de\/unterkunft\/sympathy-hotel\/","name":"Sympathy Hotel - Vivi Martinsicuro","isPartOf":{"@id":"https:\/\/www.vivimartinsicuro.it\/#website"},"datePublished":"2026-01-21T15:37:33+00:00","dateModified":"2026-04-02T11:56:48+00:00","breadcrumb":{"@id":"https:\/\/www.vivimartinsicuro.it\/de\/unterkunft\/sympathy-hotel\/#breadcrumb"},"inLanguage":"de","potentialAction":[{"@type":"ReadAction","target":["https:\/\/www.vivimartinsicuro.it\/de\/unterkunft\/sympathy-hotel\/"]}]},{"@type":"BreadcrumbList","@id":"https:\/\/www.vivimartinsicuro.it\/de\/unterkunft\/sympathy-hotel\/#breadcrumb","itemListElement":[{"@type":"ListItem","position":1,"name":"Home","item":"https:\/\/www.vivimartinsicuro.it\/de\/"},{"@type":"ListItem","position":2,"name":"Geh\u00e4use","item":"https:\/\/www.vivimartinsicuro.it\/de\/unterkunft\/"},{"@type":"ListItem","position":3,"name":"Sympathy Hotel"}]},{"@type":"WebSite","@id":"https:\/\/www.vivimartinsicuro.it\/#website","url":"https:\/\/www.vivimartinsicuro.it\/","name":"Vivi Martinsicuro","description":"Il portale turistico della Porta d&#039;Abruzzo","potentialAction":[{"@type":"SearchAction","target":{"@type":"EntryPoint","urlTemplate":"https:\/\/www.vivimartinsicuro.it\/?s={search_term_string}"},"query-input":{"@type":"PropertyValueSpecification","valueRequired":true,"valueName":"search_term_string"}}],"inLanguage":"de"}]}},"_links":{"self":[{"href":"https:\/\/www.vivimartinsicuro.it\/de\/wp-json\/wp\/v2\/pages\/8440","targetHints":{"allow":["GET"]}}],"collection":[{"href":"https:\/\/www.vivimartinsicuro.it\/de\/wp-json\/wp\/v2\/pages"}],"about":[{"href":"https:\/\/www.vivimartinsicuro.it\/de\/wp-json\/wp\/v2\/types\/page"}],"author":[{"embeddable":true,"href":"https:\/\/www.vivimartinsicuro.it\/de\/wp-json\/wp\/v2\/users\/1"}],"replies":[{"embeddable":true,"href":"https:\/\/www.vivimartinsicuro.it\/de\/wp-json\/wp\/v2\/comments?post=8440"}],"version-history":[{"count":3,"href":"https:\/\/www.vivimartinsicuro.it\/de\/wp-json\/wp\/v2\/pages\/8440\/revisions"}],"predecessor-version":[{"id":9291,"href":"https:\/\/www.vivimartinsicuro.it\/de\/wp-json\/wp\/v2\/pages\/8440\/revisions\/9291"}],"up":[{"embeddable":true,"href":"https:\/\/www.vivimartinsicuro.it\/de\/wp-json\/wp\/v2\/pages\/4611"}],"wp:attachment":[{"href":"https:\/\/www.vivimartinsicuro.it\/de\/wp-json\/wp\/v2\/media?parent=8440"}],"curies":[{"name":"wp","href":"https:\/\/api.w.org\/{rel}","templated":true}]}}