{"id":8705,"date":"2026-01-29T16:19:45","date_gmt":"2026-01-29T15:19:45","guid":{"rendered":"https:\/\/www.vivimartinsicuro.it\/unterkunft\/vigneto-italian-restaurant-bb\/"},"modified":"2026-04-02T13:56:50","modified_gmt":"2026-04-02T11:56:50","slug":"vigneto-italian-restaurant-bb","status":"publish","type":"page","link":"https:\/\/www.vivimartinsicuro.it\/de\/unterkunft\/vigneto-italian-restaurant-bb\/","title":{"rendered":"Vigneto \u2013 Italienisches Restaurant &#038; Bed &#038; Breakfast"},"content":{"rendered":"\n<p>Das \u201eIl Vigneto Italian Restaurant &#038; B&#038;B\u201c ist ein familiengef\u00fchrtes Haus, das sich in strategisch g\u00fcnstiger Lage zwischen den Marken: nur 5 Autominuten vom Meer und 10 Autominuten von San Benedetto del Tronto entfernt. Die Anlage verf\u00fcgt \u00fcber einen Au\u00dfenpool, umgeben von gr\u00fcner Natur, perfekt zum Entspannen an Sommertagen, sowie \u00fcber ein Restaurant, das eine einfache und authentische K\u00fcche bietet, inspiriert von den Aromen der italienischen Tradition, zwischen Land und Meer. Die Gerichte erz\u00e4hlen Geschichten von Familie und Leidenschaft, dank der Rezepte von Gro\u00dfmutter Giuliana. Il Vigneto ist auch ein idealer Ausgangspunkt f\u00fcr alle, die die Gegend mit dem Fahrrad erkunden m\u00f6chten, zwischen H\u00fcgeln, Weinbergen und malerischen Landschaften, dank der Tipps erfahrener Radtourenf\u00fchrer. Au\u00dferdem ist die Anlage tierfreundlich: Vierbeiner sind willkommen und k\u00f6nnen ihren Urlaub ebenfalls in einer gem\u00fctlichen, von Natur umgebenen Umgebung genie\u00dfen.<\/p>\n\n\n","protected":false},"excerpt":{"rendered":"<p>Das \u201eIl Vigneto Italian Restaurant &#038; B&#038;B\u201c ist ein familiengef\u00fchrtes Haus, das sich in strategisch g\u00fcnstiger Lage zwischen den Marken: nur 5 Autominuten vom Meer und 10 Autominuten von San Benedetto del Tronto entfernt. Die Anlage verf\u00fcgt \u00fcber einen Au\u00dfenpool, umgeben von gr\u00fcner Natur, perfekt zum Entspannen an Sommertagen, sowie \u00fcber ein Restaurant, das eine [&hellip;]<\/p>\n","protected":false},"author":1,"featured_media":0,"parent":4611,"menu_order":0,"comment_status":"closed","ping_status":"closed","template":"page-templates\/scheda_hotel.php","meta":{"_acf_changed":false,"_et_pb_use_builder":"","_et_pb_old_content":"","_et_gb_content_width":"","inline_featured_image":false,"footnotes":""},"class_list":["post-8705","page","type-page","status-publish","hentry"],"acf":[],"yoast_head":"<!-- This site is optimized with the Yoast SEO plugin v27.5 - https:\/\/yoast.com\/product\/yoast-seo-wordpress\/ -->\n<title>Vigneto \u2013 Italienisches Restaurant &amp; Bed &amp; Breakfast - Vivi Martinsicuro<\/title>\n<meta name=\"robots\" content=\"index, follow, max-snippet:-1, max-image-preview:large, max-video-preview:-1\" \/>\n<link rel=\"canonical\" href=\"https:\/\/www.vivimartinsicuro.it\/de\/unterkunft\/vigneto-italian-restaurant-bb\/\" \/>\n<meta property=\"og:locale\" content=\"de_DE\" \/>\n<meta property=\"og:type\" content=\"article\" \/>\n<meta property=\"og:title\" content=\"Vigneto \u2013 Italienisches Restaurant &amp; Bed &amp; Breakfast - Vivi Martinsicuro\" \/>\n<meta property=\"og:description\" content=\"Das \u201eIl Vigneto Italian Restaurant &#038; B&#038;B\u201c ist ein familiengef\u00fchrtes Haus, das sich in strategisch g\u00fcnstiger Lage zwischen den Marken: nur 5 Autominuten vom Meer und 10 Autominuten von San Benedetto del Tronto entfernt. Die Anlage verf\u00fcgt \u00fcber einen Au\u00dfenpool, umgeben von gr\u00fcner Natur, perfekt zum Entspannen an Sommertagen, sowie \u00fcber ein Restaurant, das eine [&hellip;]\" \/>\n<meta property=\"og:url\" content=\"https:\/\/www.vivimartinsicuro.it\/de\/unterkunft\/vigneto-italian-restaurant-bb\/\" \/>\n<meta property=\"og:site_name\" content=\"Vivi Martinsicuro\" \/>\n<meta property=\"article:modified_time\" content=\"2026-04-02T11:56:50+00:00\" \/>\n<meta name=\"twitter:card\" content=\"summary_large_image\" \/>\n<script type=\"application\/ld+json\" class=\"yoast-schema-graph\">{\"@context\":\"https:\\\/\\\/schema.org\",\"@graph\":[{\"@type\":\"WebPage\",\"@id\":\"https:\\\/\\\/www.vivimartinsicuro.it\\\/de\\\/unterkunft\\\/vigneto-italian-restaurant-bb\\\/\",\"url\":\"https:\\\/\\\/www.vivimartinsicuro.it\\\/de\\\/unterkunft\\\/vigneto-italian-restaurant-bb\\\/\",\"name\":\"Vigneto \u2013 Italienisches Restaurant & Bed & Breakfast - Vivi Martinsicuro\",\"isPartOf\":{\"@id\":\"https:\\\/\\\/www.vivimartinsicuro.it\\\/#website\"},\"datePublished\":\"2026-01-29T15:19:45+00:00\",\"dateModified\":\"2026-04-02T11:56:50+00:00\",\"breadcrumb\":{\"@id\":\"https:\\\/\\\/www.vivimartinsicuro.it\\\/de\\\/unterkunft\\\/vigneto-italian-restaurant-bb\\\/#breadcrumb\"},\"inLanguage\":\"de\",\"potentialAction\":[{\"@type\":\"ReadAction\",\"target\":[\"https:\\\/\\\/www.vivimartinsicuro.it\\\/de\\\/unterkunft\\\/vigneto-italian-restaurant-bb\\\/\"]}]},{\"@type\":\"BreadcrumbList\",\"@id\":\"https:\\\/\\\/www.vivimartinsicuro.it\\\/de\\\/unterkunft\\\/vigneto-italian-restaurant-bb\\\/#breadcrumb\",\"itemListElement\":[{\"@type\":\"ListItem\",\"position\":1,\"name\":\"Home\",\"item\":\"https:\\\/\\\/www.vivimartinsicuro.it\\\/de\\\/\"},{\"@type\":\"ListItem\",\"position\":2,\"name\":\"Geh\u00e4use\",\"item\":\"https:\\\/\\\/www.vivimartinsicuro.it\\\/de\\\/unterkunft\\\/\"},{\"@type\":\"ListItem\",\"position\":3,\"name\":\"Vigneto \u2013 Italienisches Restaurant &#038; Bed &#038; Breakfast\"}]},{\"@type\":\"WebSite\",\"@id\":\"https:\\\/\\\/www.vivimartinsicuro.it\\\/#website\",\"url\":\"https:\\\/\\\/www.vivimartinsicuro.it\\\/\",\"name\":\"Vivi Martinsicuro\",\"description\":\"Il portale turistico della Porta d&#039;Abruzzo\",\"potentialAction\":[{\"@type\":\"SearchAction\",\"target\":{\"@type\":\"EntryPoint\",\"urlTemplate\":\"https:\\\/\\\/www.vivimartinsicuro.it\\\/?s={search_term_string}\"},\"query-input\":{\"@type\":\"PropertyValueSpecification\",\"valueRequired\":true,\"valueName\":\"search_term_string\"}}],\"inLanguage\":\"de\"}]}<\/script>\n<!-- \/ Yoast SEO plugin. -->","yoast_head_json":{"title":"Vigneto \u2013 Italienisches Restaurant & Bed & Breakfast - Vivi Martinsicuro","robots":{"index":"index","follow":"follow","max-snippet":"max-snippet:-1","max-image-preview":"max-image-preview:large","max-video-preview":"max-video-preview:-1"},"canonical":"https:\/\/www.vivimartinsicuro.it\/de\/unterkunft\/vigneto-italian-restaurant-bb\/","og_locale":"de_DE","og_type":"article","og_title":"Vigneto \u2013 Italienisches Restaurant & Bed & Breakfast - Vivi Martinsicuro","og_description":"Das \u201eIl Vigneto Italian Restaurant &#038; B&#038;B\u201c ist ein familiengef\u00fchrtes Haus, das sich in strategisch g\u00fcnstiger Lage zwischen den Marken: nur 5 Autominuten vom Meer und 10 Autominuten von San Benedetto del Tronto entfernt. Die Anlage verf\u00fcgt \u00fcber einen Au\u00dfenpool, umgeben von gr\u00fcner Natur, perfekt zum Entspannen an Sommertagen, sowie \u00fcber ein Restaurant, das eine [&hellip;]","og_url":"https:\/\/www.vivimartinsicuro.it\/de\/unterkunft\/vigneto-italian-restaurant-bb\/","og_site_name":"Vivi Martinsicuro","article_modified_time":"2026-04-02T11:56:50+00:00","twitter_card":"summary_large_image","schema":{"@context":"https:\/\/schema.org","@graph":[{"@type":"WebPage","@id":"https:\/\/www.vivimartinsicuro.it\/de\/unterkunft\/vigneto-italian-restaurant-bb\/","url":"https:\/\/www.vivimartinsicuro.it\/de\/unterkunft\/vigneto-italian-restaurant-bb\/","name":"Vigneto \u2013 Italienisches Restaurant & Bed & Breakfast - Vivi Martinsicuro","isPartOf":{"@id":"https:\/\/www.vivimartinsicuro.it\/#website"},"datePublished":"2026-01-29T15:19:45+00:00","dateModified":"2026-04-02T11:56:50+00:00","breadcrumb":{"@id":"https:\/\/www.vivimartinsicuro.it\/de\/unterkunft\/vigneto-italian-restaurant-bb\/#breadcrumb"},"inLanguage":"de","potentialAction":[{"@type":"ReadAction","target":["https:\/\/www.vivimartinsicuro.it\/de\/unterkunft\/vigneto-italian-restaurant-bb\/"]}]},{"@type":"BreadcrumbList","@id":"https:\/\/www.vivimartinsicuro.it\/de\/unterkunft\/vigneto-italian-restaurant-bb\/#breadcrumb","itemListElement":[{"@type":"ListItem","position":1,"name":"Home","item":"https:\/\/www.vivimartinsicuro.it\/de\/"},{"@type":"ListItem","position":2,"name":"Geh\u00e4use","item":"https:\/\/www.vivimartinsicuro.it\/de\/unterkunft\/"},{"@type":"ListItem","position":3,"name":"Vigneto \u2013 Italienisches Restaurant &#038; Bed &#038; Breakfast"}]},{"@type":"WebSite","@id":"https:\/\/www.vivimartinsicuro.it\/#website","url":"https:\/\/www.vivimartinsicuro.it\/","name":"Vivi Martinsicuro","description":"Il portale turistico della Porta d&#039;Abruzzo","potentialAction":[{"@type":"SearchAction","target":{"@type":"EntryPoint","urlTemplate":"https:\/\/www.vivimartinsicuro.it\/?s={search_term_string}"},"query-input":{"@type":"PropertyValueSpecification","valueRequired":true,"valueName":"search_term_string"}}],"inLanguage":"de"}]}},"_links":{"self":[{"href":"https:\/\/www.vivimartinsicuro.it\/de\/wp-json\/wp\/v2\/pages\/8705","targetHints":{"allow":["GET"]}}],"collection":[{"href":"https:\/\/www.vivimartinsicuro.it\/de\/wp-json\/wp\/v2\/pages"}],"about":[{"href":"https:\/\/www.vivimartinsicuro.it\/de\/wp-json\/wp\/v2\/types\/page"}],"author":[{"embeddable":true,"href":"https:\/\/www.vivimartinsicuro.it\/de\/wp-json\/wp\/v2\/users\/1"}],"replies":[{"embeddable":true,"href":"https:\/\/www.vivimartinsicuro.it\/de\/wp-json\/wp\/v2\/comments?post=8705"}],"version-history":[{"count":3,"href":"https:\/\/www.vivimartinsicuro.it\/de\/wp-json\/wp\/v2\/pages\/8705\/revisions"}],"predecessor-version":[{"id":9293,"href":"https:\/\/www.vivimartinsicuro.it\/de\/wp-json\/wp\/v2\/pages\/8705\/revisions\/9293"}],"up":[{"embeddable":true,"href":"https:\/\/www.vivimartinsicuro.it\/de\/wp-json\/wp\/v2\/pages\/4611"}],"wp:attachment":[{"href":"https:\/\/www.vivimartinsicuro.it\/de\/wp-json\/wp\/v2\/media?parent=8705"}],"curies":[{"name":"wp","href":"https:\/\/api.w.org\/{rel}","templated":true}]}}