{"id":9023,"date":"2026-02-27T12:07:47","date_gmt":"2026-02-27T11:07:47","guid":{"rendered":"https:\/\/www.vivimartinsicuro.it\/unterkunft\/riva-nuova-camping-village\/"},"modified":"2026-04-02T13:56:52","modified_gmt":"2026-04-02T11:56:52","slug":"riva-nuova-camping-village","status":"publish","type":"page","link":"https:\/\/www.vivimartinsicuro.it\/de\/unterkunft\/riva-nuova-camping-village\/","title":{"rendered":"Campingdorf Riva Nuova"},"content":{"rendered":"\n<p>Das <b>Riva Nuova Camping Village in Martinsicuro <\/b>liegt direkt am Meer und bietet direkten Zugang zu seinem <b>Privatstrand <\/b>: feiner Sand und flaches Wasser, ideal f\u00fcr Kinder. Der <b>Strand <\/b>ist mit Sonnenschirmen und Liegen ausgestattet und bietet zudem Serviceleistungen f\u00fcr Komfort und Sicherheit der ganzen Familie. Umgeben von viel Gr\u00fcn verf\u00fcgt er \u00fcber einen 1.800 <b>m\u00b2 gro\u00dfen Swimmingpool <\/b>mit <b>Kinderbereich inklusive <\/b>Rutschen, <b>Wasserspielen <\/b>und einem Entspannungsbereich mit <b>Whirlpool <\/b>und <b>Solarium <\/b>. <b>T\u00e4glich erwartet Sie <\/b>ein abwechslungsreiches Unterhaltungsprogramm: Miniclub (4\u201312 Jahre) und Juniorclub (12\u201316 Jahre), Sportturniere, Wassergymnastik, Gruppentanz und abendliche Shows mit Kabarett, Musik und Unterhaltung f\u00fcr die ganze Familie. F\u00fcr alle, die gerne drau\u00dfen aktiv sind, gibt es <b>Tennispl\u00e4tze, Kleinfeldfu\u00dfballpl\u00e4tze und Basketballpl\u00e4tze <\/b>. Kinder k\u00f6nnen sich auf einem <b>gut ausgestatteten, sicheren Spielplatz <\/b>inmitten von Gr\u00fcn austoben. Fahrr\u00e4der mit Kindersitzen und Helmen stehen ebenfalls zur Verf\u00fcgung <b>\u2013 ideal, um die K\u00fcste unbeschwert zu erkunden. <\/b>Der Komplex verf\u00fcgt au\u00dferdem \u00fcber einen gut sortierten <b>Minimarkt <\/b>mit Lebensmitteln, frischen Produkten, Artikeln des t\u00e4glichen Bedarfs und allem, was Sie f\u00fcr einen sorgenfreien Urlaub ben\u00f6tigen.<b> <\/b><\/p>\n","protected":false},"excerpt":{"rendered":"<p>Das Riva Nuova Camping Village in Martinsicuro liegt direkt am Meer und bietet direkten Zugang zu seinem Privatstrand : feiner Sand und flaches Wasser, ideal f\u00fcr Kinder. Der Strand ist mit Sonnenschirmen und Liegen ausgestattet und bietet zudem Serviceleistungen f\u00fcr Komfort und Sicherheit der ganzen Familie. Umgeben von viel Gr\u00fcn verf\u00fcgt er \u00fcber einen 1.800 [&hellip;]<\/p>\n","protected":false},"author":1,"featured_media":0,"parent":4611,"menu_order":0,"comment_status":"closed","ping_status":"closed","template":"page-templates\/scheda_hotel.php","meta":{"_acf_changed":false,"_et_pb_use_builder":"","_et_pb_old_content":"","_et_gb_content_width":"","inline_featured_image":false,"footnotes":""},"class_list":["post-9023","page","type-page","status-publish","hentry"],"acf":[],"yoast_head":"<!-- This site is optimized with the Yoast SEO plugin v27.1 - https:\/\/yoast.com\/product\/yoast-seo-wordpress\/ -->\n<title>Campingdorf Riva Nuova - Vivi Martinsicuro<\/title>\n<meta name=\"robots\" content=\"index, follow, max-snippet:-1, max-image-preview:large, max-video-preview:-1\" \/>\n<link rel=\"canonical\" href=\"https:\/\/www.vivimartinsicuro.it\/de\/unterkunft\/riva-nuova-camping-village\/\" \/>\n<meta property=\"og:locale\" content=\"de_DE\" \/>\n<meta property=\"og:type\" content=\"article\" \/>\n<meta property=\"og:title\" content=\"Campingdorf Riva Nuova - Vivi Martinsicuro\" \/>\n<meta property=\"og:description\" content=\"Das Riva Nuova Camping Village in Martinsicuro liegt direkt am Meer und bietet direkten Zugang zu seinem Privatstrand : feiner Sand und flaches Wasser, ideal f\u00fcr Kinder. Der Strand ist mit Sonnenschirmen und Liegen ausgestattet und bietet zudem Serviceleistungen f\u00fcr Komfort und Sicherheit der ganzen Familie. Umgeben von viel Gr\u00fcn verf\u00fcgt er \u00fcber einen 1.800 [&hellip;]\" \/>\n<meta property=\"og:url\" content=\"https:\/\/www.vivimartinsicuro.it\/de\/unterkunft\/riva-nuova-camping-village\/\" \/>\n<meta property=\"og:site_name\" content=\"Vivi Martinsicuro\" \/>\n<meta property=\"article:modified_time\" content=\"2026-04-02T11:56:52+00:00\" \/>\n<meta name=\"twitter:card\" content=\"summary_large_image\" \/>\n<meta name=\"twitter:label1\" content=\"Gesch\u00e4tzte Lesezeit\" \/>\n\t<meta name=\"twitter:data1\" content=\"1\u00a0Minute\" \/>\n<script type=\"application\/ld+json\" class=\"yoast-schema-graph\">{\"@context\":\"https:\/\/schema.org\",\"@graph\":[{\"@type\":\"WebPage\",\"@id\":\"https:\/\/www.vivimartinsicuro.it\/de\/unterkunft\/riva-nuova-camping-village\/\",\"url\":\"https:\/\/www.vivimartinsicuro.it\/de\/unterkunft\/riva-nuova-camping-village\/\",\"name\":\"Campingdorf Riva Nuova - Vivi Martinsicuro\",\"isPartOf\":{\"@id\":\"https:\/\/www.vivimartinsicuro.it\/#website\"},\"datePublished\":\"2026-02-27T11:07:47+00:00\",\"dateModified\":\"2026-04-02T11:56:52+00:00\",\"breadcrumb\":{\"@id\":\"https:\/\/www.vivimartinsicuro.it\/de\/unterkunft\/riva-nuova-camping-village\/#breadcrumb\"},\"inLanguage\":\"de\",\"potentialAction\":[{\"@type\":\"ReadAction\",\"target\":[\"https:\/\/www.vivimartinsicuro.it\/de\/unterkunft\/riva-nuova-camping-village\/\"]}]},{\"@type\":\"BreadcrumbList\",\"@id\":\"https:\/\/www.vivimartinsicuro.it\/de\/unterkunft\/riva-nuova-camping-village\/#breadcrumb\",\"itemListElement\":[{\"@type\":\"ListItem\",\"position\":1,\"name\":\"Home\",\"item\":\"https:\/\/www.vivimartinsicuro.it\/de\/\"},{\"@type\":\"ListItem\",\"position\":2,\"name\":\"Geh\u00e4use\",\"item\":\"https:\/\/www.vivimartinsicuro.it\/de\/unterkunft\/\"},{\"@type\":\"ListItem\",\"position\":3,\"name\":\"Campingdorf Riva Nuova\"}]},{\"@type\":\"WebSite\",\"@id\":\"https:\/\/www.vivimartinsicuro.it\/#website\",\"url\":\"https:\/\/www.vivimartinsicuro.it\/\",\"name\":\"Vivi Martinsicuro\",\"description\":\"Il portale turistico della Porta d&#039;Abruzzo\",\"potentialAction\":[{\"@type\":\"SearchAction\",\"target\":{\"@type\":\"EntryPoint\",\"urlTemplate\":\"https:\/\/www.vivimartinsicuro.it\/?s={search_term_string}\"},\"query-input\":{\"@type\":\"PropertyValueSpecification\",\"valueRequired\":true,\"valueName\":\"search_term_string\"}}],\"inLanguage\":\"de\"}]}<\/script>\n<!-- \/ Yoast SEO plugin. -->","yoast_head_json":{"title":"Campingdorf Riva Nuova - Vivi Martinsicuro","robots":{"index":"index","follow":"follow","max-snippet":"max-snippet:-1","max-image-preview":"max-image-preview:large","max-video-preview":"max-video-preview:-1"},"canonical":"https:\/\/www.vivimartinsicuro.it\/de\/unterkunft\/riva-nuova-camping-village\/","og_locale":"de_DE","og_type":"article","og_title":"Campingdorf Riva Nuova - Vivi Martinsicuro","og_description":"Das Riva Nuova Camping Village in Martinsicuro liegt direkt am Meer und bietet direkten Zugang zu seinem Privatstrand : feiner Sand und flaches Wasser, ideal f\u00fcr Kinder. Der Strand ist mit Sonnenschirmen und Liegen ausgestattet und bietet zudem Serviceleistungen f\u00fcr Komfort und Sicherheit der ganzen Familie. Umgeben von viel Gr\u00fcn verf\u00fcgt er \u00fcber einen 1.800 [&hellip;]","og_url":"https:\/\/www.vivimartinsicuro.it\/de\/unterkunft\/riva-nuova-camping-village\/","og_site_name":"Vivi Martinsicuro","article_modified_time":"2026-04-02T11:56:52+00:00","twitter_card":"summary_large_image","twitter_misc":{"Gesch\u00e4tzte Lesezeit":"1\u00a0Minute"},"schema":{"@context":"https:\/\/schema.org","@graph":[{"@type":"WebPage","@id":"https:\/\/www.vivimartinsicuro.it\/de\/unterkunft\/riva-nuova-camping-village\/","url":"https:\/\/www.vivimartinsicuro.it\/de\/unterkunft\/riva-nuova-camping-village\/","name":"Campingdorf Riva Nuova - Vivi Martinsicuro","isPartOf":{"@id":"https:\/\/www.vivimartinsicuro.it\/#website"},"datePublished":"2026-02-27T11:07:47+00:00","dateModified":"2026-04-02T11:56:52+00:00","breadcrumb":{"@id":"https:\/\/www.vivimartinsicuro.it\/de\/unterkunft\/riva-nuova-camping-village\/#breadcrumb"},"inLanguage":"de","potentialAction":[{"@type":"ReadAction","target":["https:\/\/www.vivimartinsicuro.it\/de\/unterkunft\/riva-nuova-camping-village\/"]}]},{"@type":"BreadcrumbList","@id":"https:\/\/www.vivimartinsicuro.it\/de\/unterkunft\/riva-nuova-camping-village\/#breadcrumb","itemListElement":[{"@type":"ListItem","position":1,"name":"Home","item":"https:\/\/www.vivimartinsicuro.it\/de\/"},{"@type":"ListItem","position":2,"name":"Geh\u00e4use","item":"https:\/\/www.vivimartinsicuro.it\/de\/unterkunft\/"},{"@type":"ListItem","position":3,"name":"Campingdorf Riva Nuova"}]},{"@type":"WebSite","@id":"https:\/\/www.vivimartinsicuro.it\/#website","url":"https:\/\/www.vivimartinsicuro.it\/","name":"Vivi Martinsicuro","description":"Il portale turistico della Porta d&#039;Abruzzo","potentialAction":[{"@type":"SearchAction","target":{"@type":"EntryPoint","urlTemplate":"https:\/\/www.vivimartinsicuro.it\/?s={search_term_string}"},"query-input":{"@type":"PropertyValueSpecification","valueRequired":true,"valueName":"search_term_string"}}],"inLanguage":"de"}]}},"_links":{"self":[{"href":"https:\/\/www.vivimartinsicuro.it\/de\/wp-json\/wp\/v2\/pages\/9023","targetHints":{"allow":["GET"]}}],"collection":[{"href":"https:\/\/www.vivimartinsicuro.it\/de\/wp-json\/wp\/v2\/pages"}],"about":[{"href":"https:\/\/www.vivimartinsicuro.it\/de\/wp-json\/wp\/v2\/types\/page"}],"author":[{"embeddable":true,"href":"https:\/\/www.vivimartinsicuro.it\/de\/wp-json\/wp\/v2\/users\/1"}],"replies":[{"embeddable":true,"href":"https:\/\/www.vivimartinsicuro.it\/de\/wp-json\/wp\/v2\/comments?post=9023"}],"version-history":[{"count":3,"href":"https:\/\/www.vivimartinsicuro.it\/de\/wp-json\/wp\/v2\/pages\/9023\/revisions"}],"predecessor-version":[{"id":9295,"href":"https:\/\/www.vivimartinsicuro.it\/de\/wp-json\/wp\/v2\/pages\/9023\/revisions\/9295"}],"up":[{"embeddable":true,"href":"https:\/\/www.vivimartinsicuro.it\/de\/wp-json\/wp\/v2\/pages\/4611"}],"wp:attachment":[{"href":"https:\/\/www.vivimartinsicuro.it\/de\/wp-json\/wp\/v2\/media?parent=9023"}],"curies":[{"name":"wp","href":"https:\/\/api.w.org\/{rel}","templated":true}]}}