{"id":4606,"date":"2025-04-18T10:49:13","date_gmt":"2025-04-18T08:49:13","guid":{"rendered":"http:\/\/www.vivimartinsicuro.it\/?page_id=4606"},"modified":"2025-06-19T15:30:51","modified_gmt":"2025-06-19T13:30:51","slug":"where-to-stay","status":"publish","type":"page","link":"https:\/\/www.vivimartinsicuro.it\/en\/where-to-stay\/","title":{"rendered":"Housing"},"content":{"rendered":"<p>[et_pb_section fb_built=&#8221;1&#8243; _builder_version=&#8221;4.27.4&#8243; _module_preset=&#8221;default&#8221; background_color=&#8221;#FFFFFF&#8221; custom_margin=&#8221;||0px||false|false&#8221; custom_padding=&#8221;50px||0px||false|false&#8221; locked=&#8221;off&#8221; global_colors_info=&#8221;{}&#8221;][et_pb_row _builder_version=&#8221;4.27.4&#8243; _module_preset=&#8221;default&#8221; max_width=&#8221;1080px&#8221; custom_padding=&#8221;||0px||false|false&#8221; global_colors_info=&#8221;{}&#8221;][et_pb_column type=&#8221;4_4&#8243; _builder_version=&#8221;4.27.4&#8243; _module_preset=&#8221;default&#8221; global_colors_info=&#8221;{}&#8221;][et_pb_text _builder_version=&#8221;4.27.4&#8243; _module_preset=&#8221;default&#8221; text_font=&#8221;Quicksand||||||||&#8221; text_text_color=&#8221;#343434&#8243; text_font_size=&#8221;18px&#8221; text_line_height=&#8221;1.6em&#8221; header_font=&#8221;Quicksand|700|||||||&#8221; header_text_color=&#8221;#343434&#8243; header_font_size=&#8221;60px&#8221; header_2_font=&#8221;Quicksand|700|||||||&#8221; header_2_text_color=&#8221;#343434&#8243; header_2_font_size=&#8221;60px&#8221; header_3_font=&#8221;|||on|||||&#8221; header_3_text_color=&#8221;#444444&#8243; header_3_font_size=&#8221;21px&#8221; header_3_letter_spacing=&#8221;0.1em&#8221; custom_margin=&#8221;||10px||false|false&#8221; global_colors_info=&#8221;{}&#8221;]<\/p>\n<h2 style=\"text-align: center;\">Where to sleep<\/h2>\n<p>[\/et_pb_text][et_pb_text _builder_version=&#8221;4.27.4&#8243; _module_preset=&#8221;default&#8221; text_font=&#8221;Quicksand||||||||&#8221; text_text_color=&#8221;#343434&#8243; text_font_size=&#8221;18px&#8221; text_line_height=&#8221;1.6em&#8221; header_font=&#8221;Quicksand|700|||||||&#8221; header_text_color=&#8221;#343434&#8243; header_font_size=&#8221;60px&#8221; header_2_font=&#8221;Quicksand|700|||||||&#8221; header_2_text_color=&#8221;#343434&#8243; header_2_font_size=&#8221;60px&#8221; header_2_line_height=&#8221;50px&#8221; header_3_font=&#8221;|300||on|||||&#8221; header_3_text_color=&#8221;#444444&#8243; header_3_font_size=&#8221;21px&#8221; header_3_letter_spacing=&#8221;0.1em&#8221; custom_margin=&#8221;||10px||false|false&#8221; global_colors_info=&#8221;{}&#8221;]<\/p>\n<h2 class=\"sottotitolo\">Live hospitality<\/h2>\n<p>[\/et_pb_text][et_pb_text _builder_version=&#8221;4.27.4&#8243; _module_preset=&#8221;default&#8221; text_font=&#8221;Quicksand|300|||||||&#8221; text_text_color=&#8221;#343434&#8243; text_font_size=&#8221;18px&#8221; text_line_height=&#8221;1.6em&#8221; header_font=&#8221;Quicksand|700|||||||&#8221; header_text_color=&#8221;#343434&#8243; header_font_size=&#8221;60px&#8221; header_2_font=&#8221;Quicksand|700|||||||&#8221; header_2_text_color=&#8221;#343434&#8243; header_2_font_size=&#8221;60px&#8221; header_2_line_height=&#8221;50px&#8221; header_3_font=&#8221;|||on|||||&#8221; header_3_text_color=&#8221;#444444&#8243; header_3_font_size=&#8221;21px&#8221; header_3_letter_spacing=&#8221;0.1em&#8221; module_alignment=&#8221;center&#8221; global_colors_info=&#8221;{}&#8221;]<\/p>\n<p style=\"text-align: center;\">Plan your visit to Martinsicuro, choosing from the facilities we have selected for you, according to your tastes and needs. Our town is renowned for its historical and natural heritage and for its beaches. In addition, it is the starting point of the longest bicycle and pedestrian route on the Abruzzo coast, which runs from Martinsicuro to San Salvo, for a total of 131 km by bike. Come and visit us to spend a holiday full of emotions!<\/p>\n<p>[\/et_pb_text][\/et_pb_column][\/et_pb_row][\/et_pb_section]<\/p>\n","protected":false},"excerpt":{"rendered":"<p>Where to sleepLive hospitalityPlan your visit to Martinsicuro, choosing from the facilities we have selected for you, according to your tastes and needs. Our town is renowned for its historical and natural heritage and for its beaches. In addition, it is the starting point of the longest bicycle and pedestrian route on the Abruzzo coast, [&hellip;]<\/p>\n","protected":false},"author":3,"featured_media":0,"parent":0,"menu_order":0,"comment_status":"closed","ping_status":"closed","template":"page-templates\/lista_hotel.php","meta":{"_acf_changed":false,"_et_pb_use_builder":"on","_et_pb_old_content":"[et_pb_section fb_built=\"1\" _builder_version=\"4.27.4\" _module_preset=\"default\" background_color=\"#FFFFFF\" custom_margin=\"||0px||false|false\" custom_padding=\"50px||0px||false|false\" locked=\"off\" global_colors_info=\"{}\"][et_pb_row _builder_version=\"4.27.4\" _module_preset=\"default\" max_width=\"1080px\" custom_padding=\"||0px||false|false\" global_colors_info=\"{}\"][et_pb_column type=\"4_4\" _builder_version=\"4.27.4\" _module_preset=\"default\" global_colors_info=\"{}\"][et_pb_text _builder_version=\"4.27.4\" _module_preset=\"default\" text_font=\"Quicksand||||||||\" text_text_color=\"#343434\" text_font_size=\"18px\" text_line_height=\"1.6em\" header_font=\"Quicksand|700|||||||\" header_text_color=\"#343434\" header_font_size=\"60px\" header_2_font=\"Quicksand|700|||||||\" header_2_text_color=\"#343434\" header_2_font_size=\"60px\" header_3_font=\"|||on|||||\" header_3_text_color=\"#444444\" header_3_font_size=\"21px\" header_3_letter_spacing=\"0.1em\" custom_margin=\"||10px||false|false\" global_colors_info=\"{}\"]<h2 style=\"text-align: center;\">Dove dormire<\/h2>[\/et_pb_text][et_pb_text _builder_version=\"4.27.4\" _module_preset=\"default\" text_font=\"Quicksand||||||||\" text_text_color=\"#343434\" text_font_size=\"18px\" text_line_height=\"1.6em\" header_font=\"Quicksand|700|||||||\" header_text_color=\"#343434\" header_font_size=\"60px\" header_2_font=\"Quicksand|700|||||||\" header_2_text_color=\"#343434\" header_2_font_size=\"60px\" header_2_line_height=\"50px\" header_3_font=\"|300||on|||||\" header_3_text_color=\"#444444\" header_3_font_size=\"21px\" header_3_letter_spacing=\"0.1em\" custom_margin=\"||10px||false|false\" global_colors_info=\"{}\"]<h3 style=\"text-align: center;\">Viva l'ospitalit\u00e0<\/h3>[\/et_pb_text][et_pb_text _builder_version=\"4.27.4\" _module_preset=\"default\" text_font=\"Quicksand|300|||||||\" text_text_color=\"#343434\" text_font_size=\"18px\" text_line_height=\"1.6em\" header_font=\"Quicksand|700|||||||\" header_text_color=\"#343434\" header_font_size=\"60px\" header_2_font=\"Quicksand|700|||||||\" header_2_text_color=\"#343434\" header_2_font_size=\"60px\" header_2_line_height=\"50px\" header_3_font=\"|||on|||||\" header_3_text_color=\"#444444\" header_3_font_size=\"21px\" header_3_letter_spacing=\"0.1em\" module_alignment=\"center\" global_colors_info=\"{}\"]<p style=\"text-align: center;\">Pianifica la tua visita a Martinsicuro, scegliendo tra le strutture che abbiamo selezionato per te, in relazione ai tuoi gusti e alle tue esigenze. La nostra citt\u00e0 \u00e8 rinomata per il suo patrimonio storico, naturale e per le sue spiagge. Inoltre, \u00e8 il punto di partenza del percorso ciclopedonale pi\u00f9 lungo della costa abruzzese, che va da Martinsicuro fino a San Salvo, per un totale di 131 km in bike. Vieni a trovarci per trascorrere una vacanza all'insegna delle emozioni!<\/p>[\/et_pb_text][\/et_pb_column][\/et_pb_row][\/et_pb_section]","_et_gb_content_width":"","inline_featured_image":false,"footnotes":""},"class_list":["post-4606","page","type-page","status-publish","hentry"],"acf":[],"yoast_head":"<!-- This site is optimized with the Yoast SEO plugin v27.1 - https:\/\/yoast.com\/product\/yoast-seo-wordpress\/ -->\n<title>Where to Sleep in Martinsicuro: Hotels, B&amp;B and Holiday Homes for Your Holiday | Vivi Martinsicuro<\/title>\n<meta name=\"description\" content=\"Martinsicuro is the perfect destination for a regenerating holiday in contact with nature and history. We have selected for you the best accommodation facilities: Hotels, B&amp;Bs, Holiday Homes and Residences.\" \/>\n<meta name=\"robots\" content=\"index, follow, max-snippet:-1, max-image-preview:large, max-video-preview:-1\" \/>\n<link rel=\"canonical\" href=\"https:\/\/www.vivimartinsicuro.it\/en\/where-to-stay\/\" \/>\n<meta property=\"og:locale\" content=\"en_US\" \/>\n<meta property=\"og:type\" content=\"article\" \/>\n<meta property=\"og:title\" content=\"Where to Sleep in Martinsicuro: Hotels, B&amp;B and Holiday Homes for Your Holiday | Vivi Martinsicuro\" \/>\n<meta property=\"og:description\" content=\"Martinsicuro is the perfect destination for a regenerating holiday in contact with nature and history. We have selected for you the best accommodation facilities: Hotels, B&amp;Bs, Holiday Homes and Residences.\" \/>\n<meta property=\"og:url\" content=\"https:\/\/www.vivimartinsicuro.it\/en\/where-to-stay\/\" \/>\n<meta property=\"og:site_name\" content=\"Vivi Martinsicuro\" \/>\n<meta property=\"article:modified_time\" content=\"2025-06-19T13:30:51+00:00\" \/>\n<meta name=\"twitter:card\" content=\"summary_large_image\" \/>\n<meta name=\"twitter:label1\" content=\"Est. reading time\" \/>\n\t<meta name=\"twitter:data1\" content=\"1 minute\" \/>\n<script type=\"application\/ld+json\" class=\"yoast-schema-graph\">{\"@context\":\"https:\/\/schema.org\",\"@graph\":[{\"@type\":\"WebPage\",\"@id\":\"https:\/\/www.vivimartinsicuro.it\/en\/where-to-stay\/\",\"url\":\"https:\/\/www.vivimartinsicuro.it\/en\/where-to-stay\/\",\"name\":\"Where to Sleep in Martinsicuro: Hotels, B&B and Holiday Homes for Your Holiday | Vivi Martinsicuro\",\"isPartOf\":{\"@id\":\"https:\/\/www.vivimartinsicuro.it\/#website\"},\"datePublished\":\"2025-04-18T08:49:13+00:00\",\"dateModified\":\"2025-06-19T13:30:51+00:00\",\"description\":\"Martinsicuro is the perfect destination for a regenerating holiday in contact with nature and history. We have selected for you the best accommodation facilities: Hotels, B&Bs, Holiday Homes and Residences.\",\"breadcrumb\":{\"@id\":\"https:\/\/www.vivimartinsicuro.it\/en\/where-to-stay\/#breadcrumb\"},\"inLanguage\":\"en-US\",\"potentialAction\":[{\"@type\":\"ReadAction\",\"target\":[\"https:\/\/www.vivimartinsicuro.it\/en\/where-to-stay\/\"]}]},{\"@type\":\"BreadcrumbList\",\"@id\":\"https:\/\/www.vivimartinsicuro.it\/en\/where-to-stay\/#breadcrumb\",\"itemListElement\":[{\"@type\":\"ListItem\",\"position\":1,\"name\":\"Home\",\"item\":\"https:\/\/www.vivimartinsicuro.it\/en\/\"},{\"@type\":\"ListItem\",\"position\":2,\"name\":\"Housing\"}]},{\"@type\":\"WebSite\",\"@id\":\"https:\/\/www.vivimartinsicuro.it\/#website\",\"url\":\"https:\/\/www.vivimartinsicuro.it\/\",\"name\":\"Vivi Martinsicuro\",\"description\":\"Il portale turistico della Porta d&#039;Abruzzo\",\"potentialAction\":[{\"@type\":\"SearchAction\",\"target\":{\"@type\":\"EntryPoint\",\"urlTemplate\":\"https:\/\/www.vivimartinsicuro.it\/?s={search_term_string}\"},\"query-input\":{\"@type\":\"PropertyValueSpecification\",\"valueRequired\":true,\"valueName\":\"search_term_string\"}}],\"inLanguage\":\"en-US\"}]}<\/script>\n<!-- \/ Yoast SEO plugin. -->","yoast_head_json":{"title":"Where to Sleep in Martinsicuro: Hotels, B&B and Holiday Homes for Your Holiday | Vivi Martinsicuro","description":"Martinsicuro is the perfect destination for a regenerating holiday in contact with nature and history. We have selected for you the best accommodation facilities: Hotels, B&Bs, Holiday Homes and Residences.","robots":{"index":"index","follow":"follow","max-snippet":"max-snippet:-1","max-image-preview":"max-image-preview:large","max-video-preview":"max-video-preview:-1"},"canonical":"https:\/\/www.vivimartinsicuro.it\/en\/where-to-stay\/","og_locale":"en_US","og_type":"article","og_title":"Where to Sleep in Martinsicuro: Hotels, B&B and Holiday Homes for Your Holiday | Vivi Martinsicuro","og_description":"Martinsicuro is the perfect destination for a regenerating holiday in contact with nature and history. We have selected for you the best accommodation facilities: Hotels, B&Bs, Holiday Homes and Residences.","og_url":"https:\/\/www.vivimartinsicuro.it\/en\/where-to-stay\/","og_site_name":"Vivi Martinsicuro","article_modified_time":"2025-06-19T13:30:51+00:00","twitter_card":"summary_large_image","twitter_misc":{"Est. reading time":"1 minute"},"schema":{"@context":"https:\/\/schema.org","@graph":[{"@type":"WebPage","@id":"https:\/\/www.vivimartinsicuro.it\/en\/where-to-stay\/","url":"https:\/\/www.vivimartinsicuro.it\/en\/where-to-stay\/","name":"Where to Sleep in Martinsicuro: Hotels, B&B and Holiday Homes for Your Holiday | Vivi Martinsicuro","isPartOf":{"@id":"https:\/\/www.vivimartinsicuro.it\/#website"},"datePublished":"2025-04-18T08:49:13+00:00","dateModified":"2025-06-19T13:30:51+00:00","description":"Martinsicuro is the perfect destination for a regenerating holiday in contact with nature and history. We have selected for you the best accommodation facilities: Hotels, B&Bs, Holiday Homes and Residences.","breadcrumb":{"@id":"https:\/\/www.vivimartinsicuro.it\/en\/where-to-stay\/#breadcrumb"},"inLanguage":"en-US","potentialAction":[{"@type":"ReadAction","target":["https:\/\/www.vivimartinsicuro.it\/en\/where-to-stay\/"]}]},{"@type":"BreadcrumbList","@id":"https:\/\/www.vivimartinsicuro.it\/en\/where-to-stay\/#breadcrumb","itemListElement":[{"@type":"ListItem","position":1,"name":"Home","item":"https:\/\/www.vivimartinsicuro.it\/en\/"},{"@type":"ListItem","position":2,"name":"Housing"}]},{"@type":"WebSite","@id":"https:\/\/www.vivimartinsicuro.it\/#website","url":"https:\/\/www.vivimartinsicuro.it\/","name":"Vivi Martinsicuro","description":"Il portale turistico della Porta d&#039;Abruzzo","potentialAction":[{"@type":"SearchAction","target":{"@type":"EntryPoint","urlTemplate":"https:\/\/www.vivimartinsicuro.it\/?s={search_term_string}"},"query-input":{"@type":"PropertyValueSpecification","valueRequired":true,"valueName":"search_term_string"}}],"inLanguage":"en-US"}]}},"_links":{"self":[{"href":"https:\/\/www.vivimartinsicuro.it\/en\/wp-json\/wp\/v2\/pages\/4606","targetHints":{"allow":["GET"]}}],"collection":[{"href":"https:\/\/www.vivimartinsicuro.it\/en\/wp-json\/wp\/v2\/pages"}],"about":[{"href":"https:\/\/www.vivimartinsicuro.it\/en\/wp-json\/wp\/v2\/types\/page"}],"author":[{"embeddable":true,"href":"https:\/\/www.vivimartinsicuro.it\/en\/wp-json\/wp\/v2\/users\/3"}],"replies":[{"embeddable":true,"href":"https:\/\/www.vivimartinsicuro.it\/en\/wp-json\/wp\/v2\/comments?post=4606"}],"version-history":[{"count":6,"href":"https:\/\/www.vivimartinsicuro.it\/en\/wp-json\/wp\/v2\/pages\/4606\/revisions"}],"predecessor-version":[{"id":5470,"href":"https:\/\/www.vivimartinsicuro.it\/en\/wp-json\/wp\/v2\/pages\/4606\/revisions\/5470"}],"wp:attachment":[{"href":"https:\/\/www.vivimartinsicuro.it\/en\/wp-json\/wp\/v2\/media?parent=4606"}],"curies":[{"name":"wp","href":"https:\/\/api.w.org\/{rel}","templated":true}]}}